{"id":12,"date":"2023-07-11T15:00:42","date_gmt":"2023-07-11T15:00:42","guid":{"rendered":"http:\/\/192.168.1.200\/?page_id=12"},"modified":"2026-01-13T16:59:29","modified_gmt":"2026-01-13T15:59:29","slug":"formations","status":"publish","type":"page","link":"https:\/\/enfamataya.org\/index.php\/formations\/","title":{"rendered":"Formations"},"content":{"rendered":"\t\t<div data-elementor-type=\"wp-page\" data-elementor-id=\"12\" class=\"elementor elementor-12\" data-elementor-post-type=\"page\">\n\t\t\t\t<div class=\"elementor-element elementor-element-173b679 e-flex e-con-boxed e-con e-parent\" data-id=\"173b679\" data-element_type=\"container\">\n\t\t\t\t\t<div class=\"e-con-inner\">\n\t\t\t\t<div class=\"elementor-element elementor-element-bc38e33 elementor-widget elementor-widget-spacer\" data-id=\"bc38e33\" data-element_type=\"widget\" data-widget_type=\"spacer.default\">\n\t\t\t\t<div class=\"elementor-widget-container\">\n\t\t\t<style>\/*! elementor - v3.23.0 - 05-08-2024 *\/\n.elementor-column .elementor-spacer-inner{height:var(--spacer-size)}.e-con{--container-widget-width:100%}.e-con-inner>.elementor-widget-spacer,.e-con>.elementor-widget-spacer{width:var(--container-widget-width,var(--spacer-size));--align-self:var(--container-widget-align-self,initial);--flex-shrink:0}.e-con-inner>.elementor-widget-spacer>.elementor-widget-container,.e-con>.elementor-widget-spacer>.elementor-widget-container{height:100%;width:100%}.e-con-inner>.elementor-widget-spacer>.elementor-widget-container>.elementor-spacer,.e-con>.elementor-widget-spacer>.elementor-widget-container>.elementor-spacer{height:100%}.e-con-inner>.elementor-widget-spacer>.elementor-widget-container>.elementor-spacer>.elementor-spacer-inner,.e-con>.elementor-widget-spacer>.elementor-widget-container>.elementor-spacer>.elementor-spacer-inner{height:var(--container-widget-height,var(--spacer-size))}.e-con-inner>.elementor-widget-spacer.elementor-widget-empty,.e-con>.elementor-widget-spacer.elementor-widget-empty{position:relative;min-height:22px;min-width:22px}.e-con-inner>.elementor-widget-spacer.elementor-widget-empty .elementor-widget-empty-icon,.e-con>.elementor-widget-spacer.elementor-widget-empty .elementor-widget-empty-icon{position:absolute;top:0;bottom:0;left:0;right:0;margin:auto;padding:0;width:22px;height:22px}<\/style>\t\t<div class=\"elementor-spacer\">\n\t\t\t<div class=\"elementor-spacer-inner\"><\/div>\n\t\t<\/div>\n\t\t\t\t<\/div>\n\t\t\t\t<\/div>\n\t\t\t\t<div class=\"elementor-element elementor-element-7bccbb4 elementor-widget elementor-widget-menu-anchor\" data-id=\"7bccbb4\" data-element_type=\"widget\" data-widget_type=\"menu-anchor.default\">\n\t\t\t\t<div class=\"elementor-widget-container\">\n\t\t\t<style>\/*! elementor - v3.23.0 - 05-08-2024 *\/\nbody.elementor-page .elementor-widget-menu-anchor{margin-bottom:0}<\/style>\t\t<div class=\"elementor-menu-anchor\" id=\"dates\"><\/div>\n\t\t\t\t<\/div>\n\t\t\t\t<\/div>\n\t\t\t\t<div class=\"elementor-element elementor-element-b20db0c elementor-widget elementor-widget-spacer\" data-id=\"b20db0c\" data-element_type=\"widget\" data-widget_type=\"spacer.default\">\n\t\t\t\t<div class=\"elementor-widget-container\">\n\t\t\t\t\t<div class=\"elementor-spacer\">\n\t\t\t<div class=\"elementor-spacer-inner\"><\/div>\n\t\t<\/div>\n\t\t\t\t<\/div>\n\t\t\t\t<\/div>\n\t\t\t\t<div class=\"elementor-element elementor-element-dcb3ae4 elementor-widget elementor-widget-text-editor\" data-id=\"dcb3ae4\" data-element_type=\"widget\" data-widget_type=\"text-editor.default\">\n\t\t\t\t<div class=\"elementor-widget-container\">\n\t\t\t<style>\/*! elementor - v3.23.0 - 05-08-2024 *\/\n.elementor-widget-text-editor.elementor-drop-cap-view-stacked .elementor-drop-cap{background-color:#69727d;color:#fff}.elementor-widget-text-editor.elementor-drop-cap-view-framed .elementor-drop-cap{color:#69727d;border:3px solid;background-color:transparent}.elementor-widget-text-editor:not(.elementor-drop-cap-view-default) .elementor-drop-cap{margin-top:8px}.elementor-widget-text-editor:not(.elementor-drop-cap-view-default) .elementor-drop-cap-letter{width:1em;height:1em}.elementor-widget-text-editor .elementor-drop-cap{float:left;text-align:center;line-height:1;font-size:50px}.elementor-widget-text-editor .elementor-drop-cap-letter{display:inline-block}<\/style>\t\t\t\t<p>\u00a0<strong>Qu&rsquo;est-ce que le magn\u00e9tisme ?<\/strong><\/p><p>Le ou la magnetiseur.euse est un.e humain.e qui a besoin d\u2019\u00eatre <strong>altruiste<\/strong>. De nombreuses \u00e9tudes passionnantes ont montr\u00e9 que l\u2019altruisme est naturel et constitutif de l\u2019\u00eatre humain. Encore lui faut-il son r\u00e9v\u00e9lateur : une personne \u00e0 aider.<\/p><p>Une personne qui soufre est un individu en aventure personnelle qui a besoin d\u2019aide pour passer un cap. La solution est en elle, dans les processus d\u2019autogu\u00e9rison sur lesquelles s\u2019appuient tous les accompagnants du monde. Recevoir l\u2019aide d\u2019une personne bienveillante va l\u2019aider sur le plan int\u00e9rieur \u00e0 se souvenir : <strong>la vie t\u2019aime<\/strong>. Ce contexte b\u00e9n\u00e9fique va aider la personne \u00e0 se r\u00e9aligner, et, se connectant \u00e0 la vie, \u00e0 changer.<\/p><p>Le ou la magnetiseur.euse va donc diffuser \u00e0 travers ses mains un mouvement du coeur qui, avant tout,\u00a0 reconnecte la personne \u00e0 elle-m\u00eame et \u00e0 l\u2019univers. On parle d\u2019<strong>apposition des mains<\/strong>. Ensuite, diff\u00e9rentes approches vont permettre de favoriser la sant\u00e9. En reiki enfamataya, on va apprendre \u00e0 se relier \u00e0 des points \u00e9quilibrants. Points d\u2019acupuncture en th\u00e9rapie craniosacrale, points de r\u00e9flexologie sur les mains ou les pieds dans cette pratique. <strong>Nos mains sont alors comme une clef qui cherche sa serrure.<\/strong><\/p><ul><li><a href=\"https:\/\/enfamataya.org\/index.php\/formations\/cranio-sacre\/\"><strong>Formation cranio-sacr\u00e9e<\/strong><\/a> avec du sens et du reiki &#8211; modules avanc\u00e9s<\/li><li><a href=\"https:\/\/enfamataya.org\/index.php\/formations\/reflexologie\/\"><strong>Formation en r\u00e9flexologie<\/strong><\/a> plantaire\/palmaire, soigner au contact des \u00e9nergies et des philosophies ancestrales<\/li><li><a href=\"https:\/\/enfamataya.org\/index.php\/formations\/passeur-d-ame\/\"><strong>Formation Passeur d\u2019\u00c2mes<\/strong><\/a><strong>, <\/strong>soin d\u2019\u00e2me, continuit\u00e9 du lien<\/li><li><a href=\"https:\/\/enfamataya.org\/index.php\/formations\/soins-tibetains\/\"><strong>Formation en Soins Tib\u00e9tains <\/strong><\/a>\u00c9veil et Dons de gu\u00e9rison du Toit du monde<a href=\"https:\/\/enfamataya.org\/index.php\/formations\/professionnalisation\/\"><strong>\u00a0<\/strong><\/a><\/li><\/ul>\t\t\t\t\t\t<\/div>\n\t\t\t\t<\/div>\n\t\t\t\t\t<\/div>\n\t\t\t\t<\/div>\n\t\t<div class=\"elementor-element elementor-element-4191196 e-flex e-con-boxed e-con e-parent\" data-id=\"4191196\" data-element_type=\"container\">\n\t\t\t\t\t<div class=\"e-con-inner\">\n\t\t\t\t<div class=\"elementor-element elementor-element-81b51eb elementor-widget elementor-widget-spacer\" data-id=\"81b51eb\" data-element_type=\"widget\" data-widget_type=\"spacer.default\">\n\t\t\t\t<div class=\"elementor-widget-container\">\n\t\t\t\t\t<div class=\"elementor-spacer\">\n\t\t\t<div class=\"elementor-spacer-inner\"><\/div>\n\t\t<\/div>\n\t\t\t\t<\/div>\n\t\t\t\t<\/div>\n\t\t\t\t\t<\/div>\n\t\t\t\t<\/div>\n\t\t<div class=\"elementor-element elementor-element-90063a6 e-flex e-con-boxed e-con e-parent\" data-id=\"90063a6\" data-element_type=\"container\">\n\t\t\t\t\t<div class=\"e-con-inner\">\n\t\t\t\t<div class=\"elementor-element elementor-element-6118f06 elementor-widget elementor-widget-text-editor\" data-id=\"6118f06\" data-element_type=\"widget\" data-widget_type=\"text-editor.default\">\n\t\t\t\t<div class=\"elementor-widget-container\">\n\t\t\t\t\t\t\t<p align=\"center\"><a href=\"mailto:formations@enfamataya.org?subject=[depuis%20le%20site%20enfamataya]%20Ca%20m%20interesse%20:%20Formations%20en%20Arts%20corporels%20energetiques%20et%20symboliques\"><b>parlons-en<\/b><\/a><\/p>\t\t\t\t\t\t<\/div>\n\t\t\t\t<\/div>\n\t\t\t\t\t<\/div>\n\t\t\t\t<\/div>\n\t\t<div class=\"elementor-element elementor-element-4e578b5 e-flex e-con-boxed e-con e-parent\" data-id=\"4e578b5\" data-element_type=\"container\">\n\t\t\t\t\t<div class=\"e-con-inner\">\n\t\t\t\t<div class=\"elementor-element elementor-element-fa28156 elementor-widget elementor-widget-image\" data-id=\"fa28156\" data-element_type=\"widget\" data-widget_type=\"image.default\">\n\t\t\t\t<div class=\"elementor-widget-container\">\n\t\t\t<style>\/*! elementor - v3.23.0 - 05-08-2024 *\/\n.elementor-widget-image{text-align:center}.elementor-widget-image a{display:inline-block}.elementor-widget-image a img[src$=\".svg\"]{width:48px}.elementor-widget-image img{vertical-align:middle;display:inline-block}<\/style>\t\t\t\t\t\t\t\t\t\t<img fetchpriority=\"high\" decoding=\"async\" width=\"450\" height=\"450\" src=\"https:\/\/enfamataya.org\/wp-content\/uploads\/Vignette-formations.gif\" class=\"attachment-large size-large wp-image-5340\" alt=\"\" \/>\t\t\t\t\t\t\t\t\t\t\t\t\t<\/div>\n\t\t\t\t<\/div>\n\t\t\t\t<div class=\"elementor-element elementor-element-e977379 elementor-widget elementor-widget-spacer\" data-id=\"e977379\" data-element_type=\"widget\" data-widget_type=\"spacer.default\">\n\t\t\t\t<div class=\"elementor-widget-container\">\n\t\t\t\t\t<div class=\"elementor-spacer\">\n\t\t\t<div class=\"elementor-spacer-inner\"><\/div>\n\t\t<\/div>\n\t\t\t\t<\/div>\n\t\t\t\t<\/div>\n\t\t\t\t\t<\/div>\n\t\t\t\t<\/div>\n\t\t<div class=\"elementor-element elementor-element-8558c15 e-flex e-con-boxed e-con e-parent\" data-id=\"8558c15\" data-element_type=\"container\">\n\t\t\t\t\t<div class=\"e-con-inner\">\n\t\t\t\t<div class=\"elementor-element elementor-element-717dcbe elementor-widget elementor-widget-text-editor\" data-id=\"717dcbe\" data-element_type=\"widget\" data-widget_type=\"text-editor.default\">\n\t\t\t\t<div class=\"elementor-widget-container\">\n\t\t\t\t\t\t\t<blockquote><pre>\"Ces explications datent du VIII\u00e8me si\u00e8cle. Les Tib\u00e9tains affirment que c'est gr\u00e2ce aux \u00e9nergies lib\u00e9r\u00e9es dans la m\u00e9ditation, par les perceptions obtenues en \u00e9tat de m\u00e9ditation profonde que les ma\u00eetres ont pu distinguer le parcours des nerfs avec l'organe de la vision int\u00e9rieure, par les yeux de l'\u00e2me, et cela a \u00e9t\u00e9 plus tard mis par \u00e9crit.\" - Tenzin Choedrak, m\u00e9decin du Dala\u00ef Lama<\/pre><\/blockquote>\t\t\t\t\t\t<\/div>\n\t\t\t\t<\/div>\n\t\t\t\t\t<\/div>\n\t\t\t\t<\/div>\n\t\t<div class=\"elementor-element elementor-element-382c294 e-flex e-con-boxed e-con e-parent\" data-id=\"382c294\" data-element_type=\"container\">\n\t\t\t\t\t<div class=\"e-con-inner\">\n\t\t\t\t<div class=\"elementor-element elementor-element-3e673b1 elementor-widget elementor-widget-spacer\" data-id=\"3e673b1\" data-element_type=\"widget\" data-widget_type=\"spacer.default\">\n\t\t\t\t<div class=\"elementor-widget-container\">\n\t\t\t\t\t<div class=\"elementor-spacer\">\n\t\t\t<div class=\"elementor-spacer-inner\"><\/div>\n\t\t<\/div>\n\t\t\t\t<\/div>\n\t\t\t\t<\/div>\n\t\t\t\t\t<\/div>\n\t\t\t\t<\/div>\n\t\t\t\t<\/div>\n\t\t","protected":false},"excerpt":{"rendered":"<p>Les formations enfamataya \u00e0 Arles, Paris et en distanciel<\/p>\n","protected":false},"author":2,"featured_media":5340,"parent":0,"menu_order":0,"comment_status":"closed","ping_status":"closed","template":"","meta":{"footnotes":""},"class_list":["post-12","page","type-page","status-publish","has-post-thumbnail","hentry"],"yoast_head":"<!-- This site is optimized with the Yoast SEO plugin v26.6 - https:\/\/yoast.com\/wordpress\/plugins\/seo\/ -->\n<title>Formations - Enfamataya : Arts corporels, symboliques et \u00e9nerg\u00e9tiques<\/title>\n<meta name=\"robots\" content=\"index, follow, max-snippet:-1, max-image-preview:large, max-video-preview:-1\" \/>\n<link rel=\"canonical\" href=\"https:\/\/enfamataya.org\/index.php\/formations\/\" \/>\n<meta property=\"og:locale\" content=\"fr_FR\" \/>\n<meta property=\"og:type\" content=\"article\" \/>\n<meta property=\"og:title\" content=\"Formations - Enfamataya : Arts corporels, symboliques et \u00e9nerg\u00e9tiques\" \/>\n<meta property=\"og:description\" content=\"Les formations enfamataya \u00e0 Arles, Paris et en distanciel\" \/>\n<meta property=\"og:url\" content=\"https:\/\/enfamataya.org\/index.php\/formations\/\" \/>\n<meta property=\"og:site_name\" content=\"Enfamataya : Arts corporels, symboliques et \u00e9nerg\u00e9tiques\" \/>\n<meta property=\"article:publisher\" content=\"https:\/\/facebook.com\/Enfamataya-249667421858356\" \/>\n<meta property=\"article:modified_time\" content=\"2026-01-13T15:59:29+00:00\" \/>\n<meta property=\"og:image\" content=\"https:\/\/enfamataya.org\/wp-content\/uploads\/Vignette-formations.gif\" \/>\n\t<meta property=\"og:image:width\" content=\"450\" \/>\n\t<meta property=\"og:image:height\" content=\"450\" \/>\n\t<meta property=\"og:image:type\" content=\"image\/gif\" \/>\n<meta name=\"twitter:card\" content=\"summary_large_image\" \/>\n<meta name=\"twitter:label1\" content=\"Dur\u00e9e de lecture estim\u00e9e\" \/>\n\t<meta name=\"twitter:data1\" content=\"2 minutes\" \/>\n<script type=\"application\/ld+json\" class=\"yoast-schema-graph\">{\"@context\":\"https:\/\/schema.org\",\"@graph\":[{\"@type\":\"WebPage\",\"@id\":\"https:\/\/enfamataya.org\/index.php\/formations\/\",\"url\":\"https:\/\/enfamataya.org\/index.php\/formations\/\",\"name\":\"Formations - Enfamataya : Arts corporels, symboliques et \u00e9nerg\u00e9tiques\",\"isPartOf\":{\"@id\":\"https:\/\/enfamataya.org\/#website\"},\"primaryImageOfPage\":{\"@id\":\"https:\/\/enfamataya.org\/index.php\/formations\/#primaryimage\"},\"image\":{\"@id\":\"https:\/\/enfamataya.org\/index.php\/formations\/#primaryimage\"},\"thumbnailUrl\":\"https:\/\/enfamataya.org\/wp-content\/uploads\/Vignette-formations.gif\",\"datePublished\":\"2023-07-11T15:00:42+00:00\",\"dateModified\":\"2026-01-13T15:59:29+00:00\",\"breadcrumb\":{\"@id\":\"https:\/\/enfamataya.org\/index.php\/formations\/#breadcrumb\"},\"inLanguage\":\"fr-FR\",\"potentialAction\":[{\"@type\":\"ReadAction\",\"target\":[\"https:\/\/enfamataya.org\/index.php\/formations\/\"]}]},{\"@type\":\"ImageObject\",\"inLanguage\":\"fr-FR\",\"@id\":\"https:\/\/enfamataya.org\/index.php\/formations\/#primaryimage\",\"url\":\"https:\/\/enfamataya.org\/wp-content\/uploads\/Vignette-formations.gif\",\"contentUrl\":\"https:\/\/enfamataya.org\/wp-content\/uploads\/Vignette-formations.gif\",\"width\":450,\"height\":450},{\"@type\":\"BreadcrumbList\",\"@id\":\"https:\/\/enfamataya.org\/index.php\/formations\/#breadcrumb\",\"itemListElement\":[{\"@type\":\"ListItem\",\"position\":1,\"name\":\"Accueil\",\"item\":\"https:\/\/enfamataya.org\/\"},{\"@type\":\"ListItem\",\"position\":2,\"name\":\"Formations\"}]},{\"@type\":\"WebSite\",\"@id\":\"https:\/\/enfamataya.org\/#website\",\"url\":\"https:\/\/enfamataya.org\/\",\"name\":\"Enfamataya : Arts corporels, symboliques et \u00e9nerg\u00e9tiques\",\"description\":\"Des formations, de l&#039;accompagnement, des astres et du sens\",\"publisher\":{\"@id\":\"https:\/\/enfamataya.org\/#organization\"},\"potentialAction\":[{\"@type\":\"SearchAction\",\"target\":{\"@type\":\"EntryPoint\",\"urlTemplate\":\"https:\/\/enfamataya.org\/?s={search_term_string}\"},\"query-input\":{\"@type\":\"PropertyValueSpecification\",\"valueRequired\":true,\"valueName\":\"search_term_string\"}}],\"inLanguage\":\"fr-FR\"},{\"@type\":\"Organization\",\"@id\":\"https:\/\/enfamataya.org\/#organization\",\"name\":\"Enfamataya\",\"url\":\"https:\/\/enfamataya.org\/\",\"logo\":{\"@type\":\"ImageObject\",\"inLanguage\":\"fr-FR\",\"@id\":\"https:\/\/enfamataya.org\/#\/schema\/logo\/image\/\",\"url\":\"https:\/\/enfamataya.org\/wp-content\/uploads\/2023\/07\/Logo-TYPOGRAPHIQUE-enfamataya.png\",\"contentUrl\":\"https:\/\/enfamataya.org\/wp-content\/uploads\/2023\/07\/Logo-TYPOGRAPHIQUE-enfamataya.png\",\"width\":1596,\"height\":272,\"caption\":\"Enfamataya\"},\"image\":{\"@id\":\"https:\/\/enfamataya.org\/#\/schema\/logo\/image\/\"},\"sameAs\":[\"https:\/\/facebook.com\/Enfamataya-249667421858356\",\"https:\/\/www.instagram.com\/enfamataya_insta\/\",\"https:\/\/www.youtube.com\/@enfamataya\",\"https:\/\/www.tiktok.com\/@enfamataya\"]}]}<\/script>\n<!-- \/ Yoast SEO plugin. -->","yoast_head_json":{"title":"Formations - Enfamataya : Arts corporels, symboliques et \u00e9nerg\u00e9tiques","robots":{"index":"index","follow":"follow","max-snippet":"max-snippet:-1","max-image-preview":"max-image-preview:large","max-video-preview":"max-video-preview:-1"},"canonical":"https:\/\/enfamataya.org\/index.php\/formations\/","og_locale":"fr_FR","og_type":"article","og_title":"Formations - Enfamataya : Arts corporels, symboliques et \u00e9nerg\u00e9tiques","og_description":"Les formations enfamataya \u00e0 Arles, Paris et en distanciel","og_url":"https:\/\/enfamataya.org\/index.php\/formations\/","og_site_name":"Enfamataya : Arts corporels, symboliques et \u00e9nerg\u00e9tiques","article_publisher":"https:\/\/facebook.com\/Enfamataya-249667421858356","article_modified_time":"2026-01-13T15:59:29+00:00","og_image":[{"width":450,"height":450,"url":"https:\/\/enfamataya.org\/wp-content\/uploads\/Vignette-formations.gif","type":"image\/gif"}],"twitter_card":"summary_large_image","twitter_misc":{"Dur\u00e9e de lecture estim\u00e9e":"2 minutes"},"schema":{"@context":"https:\/\/schema.org","@graph":[{"@type":"WebPage","@id":"https:\/\/enfamataya.org\/index.php\/formations\/","url":"https:\/\/enfamataya.org\/index.php\/formations\/","name":"Formations - Enfamataya : Arts corporels, symboliques et \u00e9nerg\u00e9tiques","isPartOf":{"@id":"https:\/\/enfamataya.org\/#website"},"primaryImageOfPage":{"@id":"https:\/\/enfamataya.org\/index.php\/formations\/#primaryimage"},"image":{"@id":"https:\/\/enfamataya.org\/index.php\/formations\/#primaryimage"},"thumbnailUrl":"https:\/\/enfamataya.org\/wp-content\/uploads\/Vignette-formations.gif","datePublished":"2023-07-11T15:00:42+00:00","dateModified":"2026-01-13T15:59:29+00:00","breadcrumb":{"@id":"https:\/\/enfamataya.org\/index.php\/formations\/#breadcrumb"},"inLanguage":"fr-FR","potentialAction":[{"@type":"ReadAction","target":["https:\/\/enfamataya.org\/index.php\/formations\/"]}]},{"@type":"ImageObject","inLanguage":"fr-FR","@id":"https:\/\/enfamataya.org\/index.php\/formations\/#primaryimage","url":"https:\/\/enfamataya.org\/wp-content\/uploads\/Vignette-formations.gif","contentUrl":"https:\/\/enfamataya.org\/wp-content\/uploads\/Vignette-formations.gif","width":450,"height":450},{"@type":"BreadcrumbList","@id":"https:\/\/enfamataya.org\/index.php\/formations\/#breadcrumb","itemListElement":[{"@type":"ListItem","position":1,"name":"Accueil","item":"https:\/\/enfamataya.org\/"},{"@type":"ListItem","position":2,"name":"Formations"}]},{"@type":"WebSite","@id":"https:\/\/enfamataya.org\/#website","url":"https:\/\/enfamataya.org\/","name":"Enfamataya : Arts corporels, symboliques et \u00e9nerg\u00e9tiques","description":"Des formations, de l&#039;accompagnement, des astres et du sens","publisher":{"@id":"https:\/\/enfamataya.org\/#organization"},"potentialAction":[{"@type":"SearchAction","target":{"@type":"EntryPoint","urlTemplate":"https:\/\/enfamataya.org\/?s={search_term_string}"},"query-input":{"@type":"PropertyValueSpecification","valueRequired":true,"valueName":"search_term_string"}}],"inLanguage":"fr-FR"},{"@type":"Organization","@id":"https:\/\/enfamataya.org\/#organization","name":"Enfamataya","url":"https:\/\/enfamataya.org\/","logo":{"@type":"ImageObject","inLanguage":"fr-FR","@id":"https:\/\/enfamataya.org\/#\/schema\/logo\/image\/","url":"https:\/\/enfamataya.org\/wp-content\/uploads\/2023\/07\/Logo-TYPOGRAPHIQUE-enfamataya.png","contentUrl":"https:\/\/enfamataya.org\/wp-content\/uploads\/2023\/07\/Logo-TYPOGRAPHIQUE-enfamataya.png","width":1596,"height":272,"caption":"Enfamataya"},"image":{"@id":"https:\/\/enfamataya.org\/#\/schema\/logo\/image\/"},"sameAs":["https:\/\/facebook.com\/Enfamataya-249667421858356","https:\/\/www.instagram.com\/enfamataya_insta\/","https:\/\/www.youtube.com\/@enfamataya","https:\/\/www.tiktok.com\/@enfamataya"]}]}},"_links":{"self":[{"href":"https:\/\/enfamataya.org\/index.php\/wp-json\/wp\/v2\/pages\/12","targetHints":{"allow":["GET"]}}],"collection":[{"href":"https:\/\/enfamataya.org\/index.php\/wp-json\/wp\/v2\/pages"}],"about":[{"href":"https:\/\/enfamataya.org\/index.php\/wp-json\/wp\/v2\/types\/page"}],"author":[{"embeddable":true,"href":"https:\/\/enfamataya.org\/index.php\/wp-json\/wp\/v2\/users\/2"}],"replies":[{"embeddable":true,"href":"https:\/\/enfamataya.org\/index.php\/wp-json\/wp\/v2\/comments?post=12"}],"version-history":[{"count":94,"href":"https:\/\/enfamataya.org\/index.php\/wp-json\/wp\/v2\/pages\/12\/revisions"}],"predecessor-version":[{"id":7938,"href":"https:\/\/enfamataya.org\/index.php\/wp-json\/wp\/v2\/pages\/12\/revisions\/7938"}],"wp:featuredmedia":[{"embeddable":true,"href":"https:\/\/enfamataya.org\/index.php\/wp-json\/wp\/v2\/media\/5340"}],"wp:attachment":[{"href":"https:\/\/enfamataya.org\/index.php\/wp-json\/wp\/v2\/media?parent=12"}],"curies":[{"name":"wp","href":"https:\/\/api.w.org\/{rel}","templated":true}]}}