{"id":23,"date":"2023-07-11T15:16:32","date_gmt":"2023-07-11T15:16:32","guid":{"rendered":"http:\/\/192.168.1.200\/?page_id=23"},"modified":"2026-01-13T15:06:18","modified_gmt":"2026-01-13T14:06:18","slug":"astres-sens","status":"publish","type":"page","link":"https:\/\/enfamataya.org\/index.php\/astres-sens\/","title":{"rendered":"Astres &#038; sens"},"content":{"rendered":"\t\t<div data-elementor-type=\"wp-page\" data-elementor-id=\"23\" class=\"elementor elementor-23\" data-elementor-post-type=\"page\">\n\t\t\t\t<div class=\"elementor-element elementor-element-a440844 e-flex e-con-boxed e-con e-parent\" data-id=\"a440844\" data-element_type=\"container\">\n\t\t\t\t\t<div class=\"e-con-inner\">\n\t\t\t\t<div class=\"elementor-element elementor-element-2525d29 elementor-widget elementor-widget-spacer\" data-id=\"2525d29\" data-element_type=\"widget\" data-widget_type=\"spacer.default\">\n\t\t\t\t<div class=\"elementor-widget-container\">\n\t\t\t<style>\/*! elementor - v3.23.0 - 05-08-2024 *\/\n.elementor-column .elementor-spacer-inner{height:var(--spacer-size)}.e-con{--container-widget-width:100%}.e-con-inner>.elementor-widget-spacer,.e-con>.elementor-widget-spacer{width:var(--container-widget-width,var(--spacer-size));--align-self:var(--container-widget-align-self,initial);--flex-shrink:0}.e-con-inner>.elementor-widget-spacer>.elementor-widget-container,.e-con>.elementor-widget-spacer>.elementor-widget-container{height:100%;width:100%}.e-con-inner>.elementor-widget-spacer>.elementor-widget-container>.elementor-spacer,.e-con>.elementor-widget-spacer>.elementor-widget-container>.elementor-spacer{height:100%}.e-con-inner>.elementor-widget-spacer>.elementor-widget-container>.elementor-spacer>.elementor-spacer-inner,.e-con>.elementor-widget-spacer>.elementor-widget-container>.elementor-spacer>.elementor-spacer-inner{height:var(--container-widget-height,var(--spacer-size))}.e-con-inner>.elementor-widget-spacer.elementor-widget-empty,.e-con>.elementor-widget-spacer.elementor-widget-empty{position:relative;min-height:22px;min-width:22px}.e-con-inner>.elementor-widget-spacer.elementor-widget-empty .elementor-widget-empty-icon,.e-con>.elementor-widget-spacer.elementor-widget-empty .elementor-widget-empty-icon{position:absolute;top:0;bottom:0;left:0;right:0;margin:auto;padding:0;width:22px;height:22px}<\/style>\t\t<div class=\"elementor-spacer\">\n\t\t\t<div class=\"elementor-spacer-inner\"><\/div>\n\t\t<\/div>\n\t\t\t\t<\/div>\n\t\t\t\t<\/div>\n\t\t\t\t\t<\/div>\n\t\t\t\t<\/div>\n\t\t<div class=\"elementor-element elementor-element-7a453af e-flex e-con-boxed e-con e-parent\" data-id=\"7a453af\" data-element_type=\"container\">\n\t\t\t\t\t<div class=\"e-con-inner\">\n\t\t\t\t<div class=\"elementor-element elementor-element-100d32a elementor-widget elementor-widget-text-editor\" data-id=\"100d32a\" data-element_type=\"widget\" data-widget_type=\"text-editor.default\">\n\t\t\t\t<div class=\"elementor-widget-container\">\n\t\t\t<style>\/*! elementor - v3.23.0 - 05-08-2024 *\/\n.elementor-widget-text-editor.elementor-drop-cap-view-stacked .elementor-drop-cap{background-color:#69727d;color:#fff}.elementor-widget-text-editor.elementor-drop-cap-view-framed .elementor-drop-cap{color:#69727d;border:3px solid;background-color:transparent}.elementor-widget-text-editor:not(.elementor-drop-cap-view-default) .elementor-drop-cap{margin-top:8px}.elementor-widget-text-editor:not(.elementor-drop-cap-view-default) .elementor-drop-cap-letter{width:1em;height:1em}.elementor-widget-text-editor .elementor-drop-cap{float:left;text-align:center;line-height:1;font-size:50px}.elementor-widget-text-editor .elementor-drop-cap-letter{display:inline-block}<\/style>\t\t\t\t<h2 style=\"text-align: center;\"><strong>Astres &amp; Sens<\/strong><\/h2>\t\t\t\t\t\t<\/div>\n\t\t\t\t<\/div>\n\t\t\t\t\t<\/div>\n\t\t\t\t<\/div>\n\t\t<div class=\"elementor-element elementor-element-d2adcfa e-flex e-con-boxed e-con e-parent\" data-id=\"d2adcfa\" data-element_type=\"container\">\n\t\t\t\t\t<div class=\"e-con-inner\">\n\t\t\t\t<div class=\"elementor-element elementor-element-3205866 elementor-widget elementor-widget-spacer\" data-id=\"3205866\" data-element_type=\"widget\" data-widget_type=\"spacer.default\">\n\t\t\t\t<div class=\"elementor-widget-container\">\n\t\t\t\t\t<div class=\"elementor-spacer\">\n\t\t\t<div class=\"elementor-spacer-inner\"><\/div>\n\t\t<\/div>\n\t\t\t\t<\/div>\n\t\t\t\t<\/div>\n\t\t\t\t\t<\/div>\n\t\t\t\t<\/div>\n\t\t<div class=\"elementor-element elementor-element-8d0765b e-con-full e-flex e-con e-parent\" data-id=\"8d0765b\" data-element_type=\"container\">\n\t\t\t\t<div class=\"elementor-element elementor-element-fcab1b9 elementor-widget elementor-widget-text-editor\" data-id=\"fcab1b9\" data-element_type=\"widget\" data-widget_type=\"text-editor.default\">\n\t\t\t\t<div class=\"elementor-widget-container\">\n\t\t\t\t\t\t\t<p>Je propose diff\u00e9rentes prestations pour vous accompagner. Celles-ci sont bas\u00e9es sur 30 ans de travail et de passion pour les arts corporels, \u00e9nerg\u00e9tiques et symboliques. M&rsquo;appuyant sur les symboles anciens dans une lecture imag\u00e9e et bienveillante, je prends avec bonheur une place dans votre itin\u00e9raire et dans celui de vos enfants et de vos proches (cadeaux).<\/p><div>\u00a0<\/div><div><a href=\"https:\/\/enfamataya.org\/index.php\/astre-sens\/nature-et-trajectoire\/\"><strong>C&rsquo;est ma Nature, ma Trajectoire<\/strong><\/a> est une plong\u00e9e dans votre Ciel de Naissance (\u00ab\u00a0th\u00e8me astral\u00a0\u00bb)<\/div><div>\u00a0<\/div><div><a href=\"https:\/\/enfamataya.org\/index.php\/astre-sens\/astro-parentalite\/\"><strong>Astro-Parentalit\u00e9<\/strong><\/a> est consacr\u00e9 \u00e0 la nature de votre (vos) enfant(s) et \u00e0 vos interactions.<\/div><div>\u00a0<\/div><div>La <a href=\"https:\/\/enfamataya.org\/index.php\/astre-sens\/revolution-solaire\/\"><strong>R\u00e9volution Solaire<\/strong><\/a> est une \u00e9tude des astres de votre ann\u00e9e.<\/div><div>\u00a0<\/div><div><strong><a href=\"https:\/\/enfamataya.org\/index.php\/astres-sens\/mes-parents-mon-mystere\/\">Mes parents, mon myst\u00e8re<\/a><\/strong> est une plong\u00e9e dans l&rsquo;astrologie de vos parents pour r\u00e9pondre \u00e0 cette question : pourquoi avez-vous atterri l\u00e0 ?<\/div><div>\u00a0<\/div><div><a href=\"https:\/\/enfamataya.org\/index.php\/astres-sens\/comprendre-ma-saison\/\"><strong>Comprendre ma Saison<\/strong><\/a> est un \u00e9clairage pour s&rsquo;harmoniser \u00e0 l&rsquo;entr\u00e9e d&rsquo;une nouvelle saison avec l&rsquo;astrologie.<\/div><div>\u00a0<\/div><div><strong><a href=\"https:\/\/enfamataya.org\/index.php\/astres-sens\/attirer-la-chance\/\">Attirer la chance<\/a><\/strong> a pour but de saisir ce qui vous r\u00e9ussit par l&rsquo;astrologie.<\/div><div>\u00a0<\/div><div>Un mot sur mon travail de recherche sur l&rsquo;astrologie des personnes publiques dont vous retrouverez sur la partie <strong><a href=\"https:\/\/enfamataya.org\/index.php\/blog\/\">blog<\/a><\/strong> quelques portraits. Il s&rsquo;agit en fait de mise en lumi\u00e8re : ces regards permettent d&rsquo;illustrer la symbolique du langage astrologique. Bien s\u00fbr ces personnes ont, comme chacun, leurs points faibles et leurs moments difficiles mais ce que permet avant tout l&rsquo;astrologie, c&rsquo;est de comprendre de quoi nous sommes compos\u00e9s pour que notre compr\u00e9hension de nous-m\u00eame nous permettent de faire des <strong>choix heureux<\/strong>.<\/div><div>\u00a0<\/div><div><p style=\"text-align: justify;\">D\u00e9couvrez l&rsquo;<a href=\"https:\/\/enfamataya.org\/index.php\/astres-sens\/accompagnement-bien-etre\/\"><b>Accompagnement bien-\u00eatre<\/b><\/a> que je propose en consultations sur rendez-vous.<\/p><\/div><div>\u00a0<\/div><div>La qu\u00eate de sens peut aussi prendre la forme d&rsquo;une plong\u00e9e dans une de vos <a href=\"https:\/\/enfamataya.org\/index.php\/astre-sens\/plongee-vie-passee\/\"><strong>vies pass\u00e9es<\/strong><\/a>.<\/div><div>\u00a0<\/div>\t\t\t\t\t\t<\/div>\n\t\t\t\t<\/div>\n\t\t\t\t<\/div>\n\t\t<div class=\"elementor-element elementor-element-9b34902 e-flex e-con-boxed e-con e-parent\" data-id=\"9b34902\" data-element_type=\"container\">\n\t\t\t\t\t<div class=\"e-con-inner\">\n\t\t\t\t<div class=\"elementor-element elementor-element-e969c88 elementor-widget elementor-widget-spacer\" data-id=\"e969c88\" data-element_type=\"widget\" data-widget_type=\"spacer.default\">\n\t\t\t\t<div class=\"elementor-widget-container\">\n\t\t\t\t\t<div class=\"elementor-spacer\">\n\t\t\t<div class=\"elementor-spacer-inner\"><\/div>\n\t\t<\/div>\n\t\t\t\t<\/div>\n\t\t\t\t<\/div>\n\t\t\t\t<div class=\"elementor-element elementor-element-f9d2ccf elementor-cta--skin-cover elementor-animated-content elementor-bg-transform elementor-bg-transform-zoom-in elementor-widget elementor-widget-call-to-action\" data-id=\"f9d2ccf\" data-element_type=\"widget\" data-widget_type=\"call-to-action.default\">\n\t\t\t\t<div class=\"elementor-widget-container\">\n\t\t\t<link rel=\"stylesheet\" href=\"https:\/\/enfamataya.org\/wp-content\/plugins\/elementor-pro\/assets\/css\/widget-call-to-action.min.css?ver=1724070816\">\t\t<div class=\"elementor-cta\">\n\t\t\t\t\t<div class=\"elementor-cta__bg-wrapper\">\n\t\t\t\t<div class=\"elementor-cta__bg elementor-bg\" style=\"background-image: url(https:\/\/enfamataya.org\/wp-content\/uploads\/astres-et-sens.jpg);\" role=\"img\" aria-label=\"astres-et-sens\"><\/div>\n\t\t\t\t<div class=\"elementor-cta__bg-overlay\"><\/div>\n\t\t\t<\/div>\n\t\t\t\t\t\t\t<div class=\"elementor-cta__content\">\n\t\t\t\t\n\t\t\t\t\t\t\t\t\t<h2 class=\"elementor-cta__title elementor-cta__content-item elementor-content-item elementor-animated-item--grow\">\n\t\t\t\t\t\tdes questions, des id\u00e9es ?\t\t\t\t\t<\/h2>\n\t\t\t\t\n\t\t\t\t\n\t\t\t\t\t\t\t\t\t<div class=\"elementor-cta__button-wrapper elementor-cta__content-item elementor-content-item elementor-animated-item--grow\">\n\t\t\t\t\t<a class=\"elementor-cta__button elementor-button elementor-size-\" href=\"mailto:astres-et-sens@enfamataya.org?subject=%5Bdepuis%20le%20site%20enfamataya%5D%20Ca%20m%20interesse%20:%20Astres%20et%20Sens\">\n\t\t\t\t\t\tparlons-en\t\t\t\t\t<\/a>\n\t\t\t\t\t<\/div>\n\t\t\t\t\t\t\t<\/div>\n\t\t\t\t\t\t<\/div>\n\t\t\t\t<\/div>\n\t\t\t\t<\/div>\n\t\t\t\t\t<\/div>\n\t\t\t\t<\/div>\n\t\t<div class=\"elementor-element elementor-element-8b20312 e-flex e-con-boxed e-con e-parent\" data-id=\"8b20312\" data-element_type=\"container\">\n\t\t\t\t\t<div class=\"e-con-inner\">\n\t\t\t\t<div class=\"elementor-element elementor-element-6cf11f1 elementor-widget elementor-widget-spacer\" data-id=\"6cf11f1\" data-element_type=\"widget\" data-widget_type=\"spacer.default\">\n\t\t\t\t<div class=\"elementor-widget-container\">\n\t\t\t\t\t<div class=\"elementor-spacer\">\n\t\t\t<div class=\"elementor-spacer-inner\"><\/div>\n\t\t<\/div>\n\t\t\t\t<\/div>\n\t\t\t\t<\/div>\n\t\t\t\t\t<\/div>\n\t\t\t\t<\/div>\n\t\t<div class=\"elementor-element elementor-element-8f8c12f e-flex e-con-boxed e-con e-parent\" data-id=\"8f8c12f\" data-element_type=\"container\">\n\t\t\t\t\t<div class=\"e-con-inner\">\n\t\t\t\t<div class=\"elementor-element elementor-element-459a2d9 elementor-widget elementor-widget-testimonial\" data-id=\"459a2d9\" data-element_type=\"widget\" data-widget_type=\"testimonial.default\">\n\t\t\t\t<div class=\"elementor-widget-container\">\n\t\t\t<style>\/*! elementor - v3.23.0 - 05-08-2024 *\/\n.elementor-testimonial-wrapper{overflow:hidden;text-align:center}.elementor-testimonial-wrapper .elementor-testimonial-content{font-size:1.3em;margin-bottom:20px}.elementor-testimonial-wrapper .elementor-testimonial-name{line-height:1.5;display:block}.elementor-testimonial-wrapper .elementor-testimonial-job{font-size:.85em;display:block}.elementor-testimonial-wrapper .elementor-testimonial-meta{width:100%;line-height:1}.elementor-testimonial-wrapper .elementor-testimonial-meta-inner{display:inline-block}.elementor-testimonial-wrapper .elementor-testimonial-meta .elementor-testimonial-details,.elementor-testimonial-wrapper .elementor-testimonial-meta .elementor-testimonial-image{display:table-cell;vertical-align:middle}.elementor-testimonial-wrapper .elementor-testimonial-meta .elementor-testimonial-image img{width:60px;height:60px;border-radius:50%;-o-object-fit:cover;object-fit:cover;max-width:none}.elementor-testimonial-wrapper .elementor-testimonial-meta.elementor-testimonial-image-position-aside .elementor-testimonial-image{padding-inline-end:15px}.elementor-testimonial-wrapper .elementor-testimonial-meta.elementor-testimonial-image-position-aside .elementor-testimonial-details{text-align:start}.elementor-testimonial-wrapper .elementor-testimonial-meta.elementor-testimonial-image-position-top .elementor-testimonial-details,.elementor-testimonial-wrapper .elementor-testimonial-meta.elementor-testimonial-image-position-top .elementor-testimonial-image{display:block}.elementor-testimonial-wrapper .elementor-testimonial-meta.elementor-testimonial-image-position-top .elementor-testimonial-image{margin-bottom:20px}<\/style>\t\t<div class=\"elementor-testimonial-wrapper\">\n\t\t\t\t\t\t\t<div class=\"elementor-testimonial-content\">\u201cLe visage amoureux est visage des hauteurs. Il est expos\u00e9 aux poussi\u00e8res des saisons, aux passages des \u00e9toiles. Il est rendu \u00e0 sa substance premi\u00e8re, celle du vent qui passe et tourmente les feuillages. Tout peut se lire en lui. Il baigne dans cette impudeur qui est la force extr\u00eame de l' innocence, et sa mati\u00e8re est si fine que la moindre parole l'agite infiniment.\u201d<\/div>\n\t\t\t\n\t\t\t\t\t\t<div class=\"elementor-testimonial-meta elementor-has-image elementor-testimonial-image-position-aside\">\n\t\t\t\t<div class=\"elementor-testimonial-meta-inner\">\n\t\t\t\t\t\t\t\t\t\t\t<div class=\"elementor-testimonial-image\">\n\t\t\t\t\t\t\t<img fetchpriority=\"high\" decoding=\"async\" width=\"240\" height=\"286\" src=\"https:\/\/enfamataya.org\/wp-content\/uploads\/Portrait-de-Christian-Bobin-200.jpg\" class=\"attachment-full size-full wp-image-6613\" alt=\"\" \/>\t\t\t\t\t\t<\/div>\n\t\t\t\t\t\n\t\t\t\t\t\t\t\t\t\t<div class=\"elementor-testimonial-details\">\n\t\t\t\t\t\t\t\t\t\t\t\t\t\t<div class=\"elementor-testimonial-name\">Christian Bobin<\/div>\n\t\t\t\t\t\t\t\t\t\t\t\t\t\t\t\t\t\t\t\t\t\t<div class=\"elementor-testimonial-job\">\u00e9crivain<\/div>\n\t\t\t\t\t\t\t\t\t\t\t\t\t<\/div>\n\t\t\t\t\t\t\t\t\t<\/div>\n\t\t\t<\/div>\n\t\t\t\t\t<\/div>\n\t\t\t\t<\/div>\n\t\t\t\t<\/div>\n\t\t\t\t\t<\/div>\n\t\t\t\t<\/div>\n\t\t\t\t<\/div>\n\t\t","protected":false},"excerpt":{"rendered":"<p>Astres &amp; Sens Je propose diff\u00e9rentes prestations pour vous accompagner. Celles-ci sont bas\u00e9es sur 30 ans de travail et de passion pour les arts corporels, \u00e9nerg\u00e9tiques et symboliques. M&rsquo;appuyant sur les symboles anciens dans une lecture imag\u00e9e et bienveillante, je prends avec bonheur une place dans votre itin\u00e9raire et dans celui de vos enfants et [&hellip;]<\/p>\n","protected":false},"author":2,"featured_media":0,"parent":0,"menu_order":0,"comment_status":"closed","ping_status":"closed","template":"","meta":{"footnotes":""},"class_list":["post-23","page","type-page","status-publish","hentry"],"yoast_head":"<!-- This site is optimized with the Yoast SEO plugin v26.6 - https:\/\/yoast.com\/wordpress\/plugins\/seo\/ -->\n<title>Astres &amp; sens - Enfamataya : Arts corporels, symboliques et \u00e9nerg\u00e9tiques<\/title>\n<meta name=\"robots\" content=\"index, follow, max-snippet:-1, max-image-preview:large, max-video-preview:-1\" \/>\n<link rel=\"canonical\" href=\"https:\/\/enfamataya.org\/index.php\/astre-sens\/\" \/>\n<meta property=\"og:locale\" content=\"fr_FR\" \/>\n<meta property=\"og:type\" content=\"article\" \/>\n<meta property=\"og:title\" content=\"Astres &amp; sens - Enfamataya : Arts corporels, symboliques et \u00e9nerg\u00e9tiques\" \/>\n<meta property=\"og:description\" content=\"Astres &amp; Sens Je propose diff\u00e9rentes prestations pour vous accompagner. Celles-ci sont bas\u00e9es sur 30 ans de travail et de passion pour les arts corporels, \u00e9nerg\u00e9tiques et symboliques. M&rsquo;appuyant sur les symboles anciens dans une lecture imag\u00e9e et bienveillante, je prends avec bonheur une place dans votre itin\u00e9raire et dans celui de vos enfants et [&hellip;]\" \/>\n<meta property=\"og:url\" content=\"https:\/\/enfamataya.org\/index.php\/astre-sens\/\" \/>\n<meta property=\"og:site_name\" content=\"Enfamataya : Arts corporels, symboliques et \u00e9nerg\u00e9tiques\" \/>\n<meta property=\"article:publisher\" content=\"https:\/\/facebook.com\/Enfamataya-249667421858356\" \/>\n<meta property=\"article:modified_time\" content=\"2026-01-13T14:06:18+00:00\" \/>\n<meta property=\"og:image\" content=\"https:\/\/enfamataya.org\/wp-content\/uploads\/Portrait-de-Christian-Bobin-200.jpg\" \/>\n\t<meta property=\"og:image:width\" content=\"240\" \/>\n\t<meta property=\"og:image:height\" content=\"286\" \/>\n\t<meta property=\"og:image:type\" content=\"image\/jpeg\" \/>\n<meta name=\"twitter:card\" content=\"summary_large_image\" \/>\n<meta name=\"twitter:label1\" content=\"Dur\u00e9e de lecture estim\u00e9e\" \/>\n\t<meta name=\"twitter:data1\" content=\"2 minutes\" \/>\n<script type=\"application\/ld+json\" class=\"yoast-schema-graph\">{\"@context\":\"https:\/\/schema.org\",\"@graph\":[{\"@type\":\"WebPage\",\"@id\":\"https:\/\/enfamataya.org\/index.php\/astres-sens\/\",\"url\":\"https:\/\/enfamataya.org\/index.php\/astre-sens\/\",\"name\":\"Astres & sens - Enfamataya : Arts corporels, symboliques et \u00e9nerg\u00e9tiques\",\"isPartOf\":{\"@id\":\"https:\/\/enfamataya.org\/#website\"},\"primaryImageOfPage\":{\"@id\":\"https:\/\/enfamataya.org\/index.php\/astre-sens\/#primaryimage\"},\"image\":{\"@id\":\"https:\/\/enfamataya.org\/index.php\/astre-sens\/#primaryimage\"},\"thumbnailUrl\":\"https:\/\/enfamataya.org\/wp-content\/uploads\/Portrait-de-Christian-Bobin-200.jpg\",\"datePublished\":\"2023-07-11T15:16:32+00:00\",\"dateModified\":\"2026-01-13T14:06:18+00:00\",\"breadcrumb\":{\"@id\":\"https:\/\/enfamataya.org\/index.php\/astre-sens\/#breadcrumb\"},\"inLanguage\":\"fr-FR\",\"potentialAction\":[{\"@type\":\"ReadAction\",\"target\":[\"https:\/\/enfamataya.org\/index.php\/astre-sens\/\"]}]},{\"@type\":\"ImageObject\",\"inLanguage\":\"fr-FR\",\"@id\":\"https:\/\/enfamataya.org\/index.php\/astre-sens\/#primaryimage\",\"url\":\"https:\/\/enfamataya.org\/wp-content\/uploads\/Portrait-de-Christian-Bobin-200.jpg\",\"contentUrl\":\"https:\/\/enfamataya.org\/wp-content\/uploads\/Portrait-de-Christian-Bobin-200.jpg\",\"width\":240,\"height\":286},{\"@type\":\"BreadcrumbList\",\"@id\":\"https:\/\/enfamataya.org\/index.php\/astre-sens\/#breadcrumb\",\"itemListElement\":[{\"@type\":\"ListItem\",\"position\":1,\"name\":\"Accueil\",\"item\":\"https:\/\/enfamataya.org\/\"},{\"@type\":\"ListItem\",\"position\":2,\"name\":\"Astres &#038; sens\"}]},{\"@type\":\"WebSite\",\"@id\":\"https:\/\/enfamataya.org\/#website\",\"url\":\"https:\/\/enfamataya.org\/\",\"name\":\"Enfamataya : Arts corporels, symboliques et \u00e9nerg\u00e9tiques\",\"description\":\"Des formations, de l&#039;accompagnement, des astres et du sens\",\"publisher\":{\"@id\":\"https:\/\/enfamataya.org\/#organization\"},\"potentialAction\":[{\"@type\":\"SearchAction\",\"target\":{\"@type\":\"EntryPoint\",\"urlTemplate\":\"https:\/\/enfamataya.org\/?s={search_term_string}\"},\"query-input\":{\"@type\":\"PropertyValueSpecification\",\"valueRequired\":true,\"valueName\":\"search_term_string\"}}],\"inLanguage\":\"fr-FR\"},{\"@type\":\"Organization\",\"@id\":\"https:\/\/enfamataya.org\/#organization\",\"name\":\"Enfamataya\",\"url\":\"https:\/\/enfamataya.org\/\",\"logo\":{\"@type\":\"ImageObject\",\"inLanguage\":\"fr-FR\",\"@id\":\"https:\/\/enfamataya.org\/#\/schema\/logo\/image\/\",\"url\":\"https:\/\/enfamataya.org\/wp-content\/uploads\/2023\/07\/Logo-TYPOGRAPHIQUE-enfamataya.png\",\"contentUrl\":\"https:\/\/enfamataya.org\/wp-content\/uploads\/2023\/07\/Logo-TYPOGRAPHIQUE-enfamataya.png\",\"width\":1596,\"height\":272,\"caption\":\"Enfamataya\"},\"image\":{\"@id\":\"https:\/\/enfamataya.org\/#\/schema\/logo\/image\/\"},\"sameAs\":[\"https:\/\/facebook.com\/Enfamataya-249667421858356\",\"https:\/\/www.instagram.com\/enfamataya_insta\/\",\"https:\/\/www.youtube.com\/@enfamataya\",\"https:\/\/www.tiktok.com\/@enfamataya\"]}]}<\/script>\n<!-- \/ Yoast SEO plugin. -->","yoast_head_json":{"title":"Astres & sens - Enfamataya : Arts corporels, symboliques et \u00e9nerg\u00e9tiques","robots":{"index":"index","follow":"follow","max-snippet":"max-snippet:-1","max-image-preview":"max-image-preview:large","max-video-preview":"max-video-preview:-1"},"canonical":"https:\/\/enfamataya.org\/index.php\/astre-sens\/","og_locale":"fr_FR","og_type":"article","og_title":"Astres & sens - Enfamataya : Arts corporels, symboliques et \u00e9nerg\u00e9tiques","og_description":"Astres &amp; Sens Je propose diff\u00e9rentes prestations pour vous accompagner. Celles-ci sont bas\u00e9es sur 30 ans de travail et de passion pour les arts corporels, \u00e9nerg\u00e9tiques et symboliques. M&rsquo;appuyant sur les symboles anciens dans une lecture imag\u00e9e et bienveillante, je prends avec bonheur une place dans votre itin\u00e9raire et dans celui de vos enfants et [&hellip;]","og_url":"https:\/\/enfamataya.org\/index.php\/astre-sens\/","og_site_name":"Enfamataya : Arts corporels, symboliques et \u00e9nerg\u00e9tiques","article_publisher":"https:\/\/facebook.com\/Enfamataya-249667421858356","article_modified_time":"2026-01-13T14:06:18+00:00","og_image":[{"width":240,"height":286,"url":"https:\/\/enfamataya.org\/wp-content\/uploads\/Portrait-de-Christian-Bobin-200.jpg","type":"image\/jpeg"}],"twitter_card":"summary_large_image","twitter_misc":{"Dur\u00e9e de lecture estim\u00e9e":"2 minutes"},"schema":{"@context":"https:\/\/schema.org","@graph":[{"@type":"WebPage","@id":"https:\/\/enfamataya.org\/index.php\/astres-sens\/","url":"https:\/\/enfamataya.org\/index.php\/astre-sens\/","name":"Astres & sens - Enfamataya : Arts corporels, symboliques et \u00e9nerg\u00e9tiques","isPartOf":{"@id":"https:\/\/enfamataya.org\/#website"},"primaryImageOfPage":{"@id":"https:\/\/enfamataya.org\/index.php\/astre-sens\/#primaryimage"},"image":{"@id":"https:\/\/enfamataya.org\/index.php\/astre-sens\/#primaryimage"},"thumbnailUrl":"https:\/\/enfamataya.org\/wp-content\/uploads\/Portrait-de-Christian-Bobin-200.jpg","datePublished":"2023-07-11T15:16:32+00:00","dateModified":"2026-01-13T14:06:18+00:00","breadcrumb":{"@id":"https:\/\/enfamataya.org\/index.php\/astre-sens\/#breadcrumb"},"inLanguage":"fr-FR","potentialAction":[{"@type":"ReadAction","target":["https:\/\/enfamataya.org\/index.php\/astre-sens\/"]}]},{"@type":"ImageObject","inLanguage":"fr-FR","@id":"https:\/\/enfamataya.org\/index.php\/astre-sens\/#primaryimage","url":"https:\/\/enfamataya.org\/wp-content\/uploads\/Portrait-de-Christian-Bobin-200.jpg","contentUrl":"https:\/\/enfamataya.org\/wp-content\/uploads\/Portrait-de-Christian-Bobin-200.jpg","width":240,"height":286},{"@type":"BreadcrumbList","@id":"https:\/\/enfamataya.org\/index.php\/astre-sens\/#breadcrumb","itemListElement":[{"@type":"ListItem","position":1,"name":"Accueil","item":"https:\/\/enfamataya.org\/"},{"@type":"ListItem","position":2,"name":"Astres &#038; sens"}]},{"@type":"WebSite","@id":"https:\/\/enfamataya.org\/#website","url":"https:\/\/enfamataya.org\/","name":"Enfamataya : Arts corporels, symboliques et \u00e9nerg\u00e9tiques","description":"Des formations, de l&#039;accompagnement, des astres et du sens","publisher":{"@id":"https:\/\/enfamataya.org\/#organization"},"potentialAction":[{"@type":"SearchAction","target":{"@type":"EntryPoint","urlTemplate":"https:\/\/enfamataya.org\/?s={search_term_string}"},"query-input":{"@type":"PropertyValueSpecification","valueRequired":true,"valueName":"search_term_string"}}],"inLanguage":"fr-FR"},{"@type":"Organization","@id":"https:\/\/enfamataya.org\/#organization","name":"Enfamataya","url":"https:\/\/enfamataya.org\/","logo":{"@type":"ImageObject","inLanguage":"fr-FR","@id":"https:\/\/enfamataya.org\/#\/schema\/logo\/image\/","url":"https:\/\/enfamataya.org\/wp-content\/uploads\/2023\/07\/Logo-TYPOGRAPHIQUE-enfamataya.png","contentUrl":"https:\/\/enfamataya.org\/wp-content\/uploads\/2023\/07\/Logo-TYPOGRAPHIQUE-enfamataya.png","width":1596,"height":272,"caption":"Enfamataya"},"image":{"@id":"https:\/\/enfamataya.org\/#\/schema\/logo\/image\/"},"sameAs":["https:\/\/facebook.com\/Enfamataya-249667421858356","https:\/\/www.instagram.com\/enfamataya_insta\/","https:\/\/www.youtube.com\/@enfamataya","https:\/\/www.tiktok.com\/@enfamataya"]}]}},"_links":{"self":[{"href":"https:\/\/enfamataya.org\/index.php\/wp-json\/wp\/v2\/pages\/23","targetHints":{"allow":["GET"]}}],"collection":[{"href":"https:\/\/enfamataya.org\/index.php\/wp-json\/wp\/v2\/pages"}],"about":[{"href":"https:\/\/enfamataya.org\/index.php\/wp-json\/wp\/v2\/types\/page"}],"author":[{"embeddable":true,"href":"https:\/\/enfamataya.org\/index.php\/wp-json\/wp\/v2\/users\/2"}],"replies":[{"embeddable":true,"href":"https:\/\/enfamataya.org\/index.php\/wp-json\/wp\/v2\/comments?post=23"}],"version-history":[{"count":68,"href":"https:\/\/enfamataya.org\/index.php\/wp-json\/wp\/v2\/pages\/23\/revisions"}],"predecessor-version":[{"id":7929,"href":"https:\/\/enfamataya.org\/index.php\/wp-json\/wp\/v2\/pages\/23\/revisions\/7929"}],"wp:attachment":[{"href":"https:\/\/enfamataya.org\/index.php\/wp-json\/wp\/v2\/media?parent=23"}],"curies":[{"name":"wp","href":"https:\/\/api.w.org\/{rel}","templated":true}]}}