{"id":27,"date":"2023-07-11T15:16:32","date_gmt":"2023-07-11T15:16:32","guid":{"rendered":"http:\/\/192.168.1.200\/?page_id=27"},"modified":"2026-01-13T17:08:07","modified_gmt":"2026-01-13T16:08:07","slug":"passeur-d-ame","status":"publish","type":"page","link":"https:\/\/enfamataya.org\/index.php\/formations\/passeur-d-ame\/","title":{"rendered":"Formation Passeur d&rsquo;\u00e2me"},"content":{"rendered":"\t\t<div data-elementor-type=\"wp-page\" data-elementor-id=\"27\" class=\"elementor elementor-27\" data-elementor-post-type=\"page\">\n\t\t\t\t<div class=\"elementor-element elementor-element-54f0645 e-flex e-con-boxed e-con e-parent\" data-id=\"54f0645\" data-element_type=\"container\">\n\t\t\t\t\t<div class=\"e-con-inner\">\n\t\t\t\t<div class=\"elementor-element elementor-element-3eb140f elementor-widget elementor-widget-spacer\" data-id=\"3eb140f\" data-element_type=\"widget\" data-widget_type=\"spacer.default\">\n\t\t\t\t<div class=\"elementor-widget-container\">\n\t\t\t<style>\/*! elementor - v3.23.0 - 05-08-2024 *\/\n.elementor-column .elementor-spacer-inner{height:var(--spacer-size)}.e-con{--container-widget-width:100%}.e-con-inner>.elementor-widget-spacer,.e-con>.elementor-widget-spacer{width:var(--container-widget-width,var(--spacer-size));--align-self:var(--container-widget-align-self,initial);--flex-shrink:0}.e-con-inner>.elementor-widget-spacer>.elementor-widget-container,.e-con>.elementor-widget-spacer>.elementor-widget-container{height:100%;width:100%}.e-con-inner>.elementor-widget-spacer>.elementor-widget-container>.elementor-spacer,.e-con>.elementor-widget-spacer>.elementor-widget-container>.elementor-spacer{height:100%}.e-con-inner>.elementor-widget-spacer>.elementor-widget-container>.elementor-spacer>.elementor-spacer-inner,.e-con>.elementor-widget-spacer>.elementor-widget-container>.elementor-spacer>.elementor-spacer-inner{height:var(--container-widget-height,var(--spacer-size))}.e-con-inner>.elementor-widget-spacer.elementor-widget-empty,.e-con>.elementor-widget-spacer.elementor-widget-empty{position:relative;min-height:22px;min-width:22px}.e-con-inner>.elementor-widget-spacer.elementor-widget-empty .elementor-widget-empty-icon,.e-con>.elementor-widget-spacer.elementor-widget-empty .elementor-widget-empty-icon{position:absolute;top:0;bottom:0;left:0;right:0;margin:auto;padding:0;width:22px;height:22px}<\/style>\t\t<div class=\"elementor-spacer\">\n\t\t\t<div class=\"elementor-spacer-inner\"><\/div>\n\t\t<\/div>\n\t\t\t\t<\/div>\n\t\t\t\t<\/div>\n\t\t\t\t\t<\/div>\n\t\t\t\t<\/div>\n\t\t<div class=\"elementor-element elementor-element-960fc20 e-flex e-con-boxed e-con e-parent\" data-id=\"960fc20\" data-element_type=\"container\">\n\t\t\t\t\t<div class=\"e-con-inner\">\n\t\t\t\t<div class=\"elementor-element elementor-element-1ce741c elementor-widget elementor-widget-text-editor\" data-id=\"1ce741c\" data-element_type=\"widget\" data-widget_type=\"text-editor.default\">\n\t\t\t\t<div class=\"elementor-widget-container\">\n\t\t\t<style>\/*! elementor - v3.23.0 - 05-08-2024 *\/\n.elementor-widget-text-editor.elementor-drop-cap-view-stacked .elementor-drop-cap{background-color:#69727d;color:#fff}.elementor-widget-text-editor.elementor-drop-cap-view-framed .elementor-drop-cap{color:#69727d;border:3px solid;background-color:transparent}.elementor-widget-text-editor:not(.elementor-drop-cap-view-default) .elementor-drop-cap{margin-top:8px}.elementor-widget-text-editor:not(.elementor-drop-cap-view-default) .elementor-drop-cap-letter{width:1em;height:1em}.elementor-widget-text-editor .elementor-drop-cap{float:left;text-align:center;line-height:1;font-size:50px}.elementor-widget-text-editor .elementor-drop-cap-letter{display:inline-block}<\/style>\t\t\t\t<p>Formation au Passage d&rsquo;\u00e2me<\/p>\t\t\t\t\t\t<\/div>\n\t\t\t\t<\/div>\n\t\t\t\t\t<\/div>\n\t\t\t\t<\/div>\n\t\t<div class=\"elementor-element elementor-element-d2a311c e-flex e-con-boxed e-con e-parent\" data-id=\"d2a311c\" data-element_type=\"container\">\n\t\t\t\t\t<div class=\"e-con-inner\">\n\t\t\t\t<div class=\"elementor-element elementor-element-53053b5 elementor-widget elementor-widget-text-editor\" data-id=\"53053b5\" data-element_type=\"widget\" data-widget_type=\"text-editor.default\">\n\t\t\t\t<div class=\"elementor-widget-container\">\n\t\t\t\t\t\t\t<p>R\u00e9aliser un soin \u00e0 l&rsquo;\u00e2me, la notre, celle d&rsquo;une personne aid\u00e9e, apprivoiser par l&rsquo;exp\u00e9rience avec une immense bienveillance et une grande douceur ce qui se joue \u00e0 l&rsquo;entr\u00e9e et la sortie de notre existence&#8230; Ce sont les objectifs de cette transmission.<\/p>\t\t\t\t\t\t<\/div>\n\t\t\t\t<\/div>\n\t\t\t\t<div class=\"elementor-element elementor-element-4fba04c elementor-widget elementor-widget-text-editor\" data-id=\"4fba04c\" data-element_type=\"widget\" data-widget_type=\"text-editor.default\">\n\t\t\t\t<div class=\"elementor-widget-container\">\n\t\t\t\t\t\t\t<p><strong>Ceux qui partent : l&rsquo;aide aux d\u00e9funts<\/strong><br \/>Dans le cadre de contacts \u00e9nerg\u00e9tiques privil\u00e9gi\u00e9s que vous pourrez reproduire en autonomie, d\u00e9velopper l&rsquo;accompagnement de personnes en fin de vie et d\u00e9j\u00e0 d\u00e9c\u00e9d\u00e9es, \u00eatre utile, ne pas en souffrir, progresser dans le cadre de cette aide<\/p><p><strong>Ceux qui restent : la question de la s\u00e9paration<\/strong><br \/>Dans le cadre de contacts \u00e9nerg\u00e9tiques privil\u00e9gi\u00e9s que vous pourrez reproduire en autonomie, soigner vos blessures ou les blessures d&rsquo;une personne que vous accompagnez en situation de s\u00e9paration<\/p><p><strong>Les anc\u00eatres : harmonie et partenariat<\/strong><br \/>Dans le cadre de contacts \u00e9nerg\u00e9tiques privil\u00e9gi\u00e9s que vous pourrez reproduire en autonomie, \u00e9tablir une harmonie avec vos anc\u00eatres voire b\u00e9n\u00e9ficier de leurs b\u00e9n\u00e9dictions<\/p>\t\t\t\t\t\t<\/div>\n\t\t\t\t<\/div>\n\t\t\t\t\t<\/div>\n\t\t\t\t<\/div>\n\t\t<div class=\"elementor-element elementor-element-f7f66b8 e-flex e-con-boxed e-con e-parent\" data-id=\"f7f66b8\" data-element_type=\"container\">\n\t\t\t\t\t<div class=\"e-con-inner\">\n\t\t\t\t<div class=\"elementor-element elementor-element-d6d51c2 elementor-widget elementor-widget-text-editor\" data-id=\"d6d51c2\" data-element_type=\"widget\" data-widget_type=\"text-editor.default\">\n\t\t\t\t<div class=\"elementor-widget-container\">\n\t\t\t\t\t\t\t<p style=\"text-align: center;\">\u00a0<\/p><p>Par sessions en demi-journ\u00e9es, cette transmission a pour but qu&rsquo;il vous y soit transmis<strong>\u00a0les\u00a0potentiels \u00e9nerg\u00e9tiques\u00a0<\/strong>qui vont permettront d&rsquo;aborder de fa\u00e7on professionnelle dans de bonnes conditions l&rsquo;apr\u00e8s-vie, le d\u00e9part d&rsquo;un proche ou d&rsquo;une personne que vous aidez, le passage des Ames, les exp\u00e9riences aux portes de la mort (Near Death Experience ou Exp\u00e9rience de Mort Imminente) et d&rsquo;une fa\u00e7on g\u00e9n\u00e9rale l&rsquo;abord des d\u00e9funts en \u00e9nerg\u00e9tique.<\/p><p>Tarif : <strong>144\u20ac par demi-journ\u00e9e<\/strong> \u00e0 Arles et en appel visio.<\/p>\t\t\t\t\t\t<\/div>\n\t\t\t\t<\/div>\n\t\t\t\t\t<\/div>\n\t\t\t\t<\/div>\n\t\t<div class=\"elementor-element elementor-element-484af90 e-flex e-con-boxed e-con e-parent\" data-id=\"484af90\" data-element_type=\"container\">\n\t\t\t\t\t<div class=\"e-con-inner\">\n\t\t\t\t<div class=\"elementor-element elementor-element-12eb303 elementor-widget elementor-widget-spacer\" data-id=\"12eb303\" data-element_type=\"widget\" data-widget_type=\"spacer.default\">\n\t\t\t\t<div class=\"elementor-widget-container\">\n\t\t\t\t\t<div class=\"elementor-spacer\">\n\t\t\t<div class=\"elementor-spacer-inner\"><\/div>\n\t\t<\/div>\n\t\t\t\t<\/div>\n\t\t\t\t<\/div>\n\t\t\t\t<div class=\"elementor-element elementor-element-569b249 elementor-widget elementor-widget-video\" data-id=\"569b249\" data-element_type=\"widget\" data-settings=\"{&quot;youtube_url&quot;:&quot;https:\\\/\\\/www.youtube.com\\\/embed\\\/KAGTL36djhw?rel=0&amp;showinfo=1&quot;,&quot;video_type&quot;:&quot;youtube&quot;,&quot;controls&quot;:&quot;yes&quot;}\" data-widget_type=\"video.default\">\n\t\t\t\t<div class=\"elementor-widget-container\">\n\t\t\t<style>\/*! elementor - v3.23.0 - 05-08-2024 *\/\n.elementor-widget-video .elementor-widget-container{overflow:hidden;transform:translateZ(0)}.elementor-widget-video .elementor-wrapper{aspect-ratio:var(--video-aspect-ratio)}.elementor-widget-video .elementor-wrapper iframe,.elementor-widget-video .elementor-wrapper video{height:100%;width:100%;display:flex;border:none;background-color:#000}@supports not (aspect-ratio:1\/1){.elementor-widget-video .elementor-wrapper{position:relative;overflow:hidden;height:0;padding-bottom:calc(100% \/ var(--video-aspect-ratio))}.elementor-widget-video .elementor-wrapper iframe,.elementor-widget-video .elementor-wrapper video{position:absolute;top:0;right:0;bottom:0;left:0}}.elementor-widget-video .elementor-open-inline .elementor-custom-embed-image-overlay{position:absolute;top:0;right:0;bottom:0;left:0;background-size:cover;background-position:50%}.elementor-widget-video .elementor-custom-embed-image-overlay{cursor:pointer;text-align:center}.elementor-widget-video .elementor-custom-embed-image-overlay:hover .elementor-custom-embed-play i{opacity:1}.elementor-widget-video .elementor-custom-embed-image-overlay img{display:block;width:100%;aspect-ratio:var(--video-aspect-ratio);-o-object-fit:cover;object-fit:cover;-o-object-position:center center;object-position:center center}@supports not (aspect-ratio:1\/1){.elementor-widget-video .elementor-custom-embed-image-overlay{position:relative;overflow:hidden;height:0;padding-bottom:calc(100% \/ var(--video-aspect-ratio))}.elementor-widget-video .elementor-custom-embed-image-overlay img{position:absolute;top:0;right:0;bottom:0;left:0}}.elementor-widget-video .e-hosted-video .elementor-video{-o-object-fit:cover;object-fit:cover}.e-con-inner>.elementor-widget-video,.e-con>.elementor-widget-video{width:var(--container-widget-width);--flex-grow:var(--container-widget-flex-grow)}<\/style>\t\t<div class=\"elementor-wrapper elementor-open-inline\">\n\t\t\t<div class=\"elementor-video\"><\/div>\t\t<\/div>\n\t\t\t\t<\/div>\n\t\t\t\t<\/div>\n\t\t\t\t\t<\/div>\n\t\t\t\t<\/div>\n\t\t<div class=\"elementor-element elementor-element-d1532c9 e-flex e-con-boxed e-con e-parent\" data-id=\"d1532c9\" data-element_type=\"container\">\n\t\t\t\t\t<div class=\"e-con-inner\">\n\t\t\t\t<div class=\"elementor-element elementor-element-20bb6de elementor-widget elementor-widget-spacer\" data-id=\"20bb6de\" data-element_type=\"widget\" data-widget_type=\"spacer.default\">\n\t\t\t\t<div class=\"elementor-widget-container\">\n\t\t\t\t\t<div class=\"elementor-spacer\">\n\t\t\t<div class=\"elementor-spacer-inner\"><\/div>\n\t\t<\/div>\n\t\t\t\t<\/div>\n\t\t\t\t<\/div>\n\t\t\t\t<div class=\"elementor-element elementor-element-26cd0a1 elementor-widget elementor-widget-text-editor\" data-id=\"26cd0a1\" data-element_type=\"widget\" data-widget_type=\"text-editor.default\">\n\t\t\t\t<div class=\"elementor-widget-container\">\n\t\t\t\t\t\t\t<p style=\"text-align: center;\"><a href=\"mailto:formations@enfamataya.org?subject=[depuis%20le%20site%20enfamataya]%20Ca%20m%20interesse%20:%20Formation%20Passeur%20d%20Ame\"><strong>Parlons-en<\/strong><\/a><\/p>\t\t\t\t\t\t<\/div>\n\t\t\t\t<\/div>\n\t\t\t\t<div class=\"elementor-element elementor-element-adcdd98 elementor-widget elementor-widget-text-editor\" data-id=\"adcdd98\" data-element_type=\"widget\" data-widget_type=\"text-editor.default\">\n\t\t\t\t<div class=\"elementor-widget-container\">\n\t\t\t\t\t\t\t<blockquote><pre>\u201cNous sommes tous des visiteurs de ce temps, de ce lieu. Nous ne faisons que les traverser. Notre but ici est d'observer, d'apprendre, de grandir, d'aimer ... Apr\u00e8s quoi nous rentrons \u00e0 la maison.\u201d - apport aborig\u00e8ne<\/pre><\/blockquote>\t\t\t\t\t\t<\/div>\n\t\t\t\t<\/div>\n\t\t\t\t<div class=\"elementor-element elementor-element-e049a37 elementor-widget elementor-widget-spacer\" data-id=\"e049a37\" data-element_type=\"widget\" data-widget_type=\"spacer.default\">\n\t\t\t\t<div class=\"elementor-widget-container\">\n\t\t\t\t\t<div class=\"elementor-spacer\">\n\t\t\t<div class=\"elementor-spacer-inner\"><\/div>\n\t\t<\/div>\n\t\t\t\t<\/div>\n\t\t\t\t<\/div>\n\t\t\t\t<div class=\"elementor-element elementor-element-fa3d923 elementor-widget elementor-widget-image\" data-id=\"fa3d923\" data-element_type=\"widget\" data-widget_type=\"image.default\">\n\t\t\t\t<div class=\"elementor-widget-container\">\n\t\t\t<style>\/*! elementor - v3.23.0 - 05-08-2024 *\/\n.elementor-widget-image{text-align:center}.elementor-widget-image a{display:inline-block}.elementor-widget-image a img[src$=\".svg\"]{width:48px}.elementor-widget-image img{vertical-align:middle;display:inline-block}<\/style>\t\t\t\t\t\t\t\t\t\t<img fetchpriority=\"high\" decoding=\"async\" width=\"500\" height=\"497\" src=\"https:\/\/enfamataya.org\/wp-content\/uploads\/formation-passeur_d-ame.jpg\" class=\"attachment-large size-large wp-image-7474\" alt=\"\" srcset=\"https:\/\/enfamataya.org\/wp-content\/uploads\/formation-passeur_d-ame.jpg 500w, https:\/\/enfamataya.org\/wp-content\/uploads\/formation-passeur_d-ame-300x298.jpg 300w, https:\/\/enfamataya.org\/wp-content\/uploads\/formation-passeur_d-ame-150x150.jpg 150w\" sizes=\"(max-width: 500px) 100vw, 500px\" \/>\t\t\t\t\t\t\t\t\t\t\t\t\t<\/div>\n\t\t\t\t<\/div>\n\t\t\t\t\t<\/div>\n\t\t\t\t<\/div>\n\t\t\t\t<\/div>\n\t\t","protected":false},"excerpt":{"rendered":"<p>Formation au Passage d&rsquo;\u00e2me R\u00e9aliser un soin \u00e0 l&rsquo;\u00e2me, la notre, celle d&rsquo;une personne aid\u00e9e, apprivoiser par l&rsquo;exp\u00e9rience avec une immense bienveillance et une grande douceur ce qui se joue \u00e0 l&rsquo;entr\u00e9e et la sortie de notre existence&#8230; Ce sont les objectifs de cette transmission. Ceux qui partent : l&rsquo;aide aux d\u00e9funtsDans le cadre de [&hellip;]<\/p>\n","protected":false},"author":2,"featured_media":7474,"parent":12,"menu_order":0,"comment_status":"closed","ping_status":"closed","template":"","meta":{"footnotes":""},"class_list":["post-27","page","type-page","status-publish","has-post-thumbnail","hentry"],"yoast_head":"<!-- This site is optimized with the Yoast SEO plugin v26.6 - https:\/\/yoast.com\/wordpress\/plugins\/seo\/ -->\n<title>Formation Passeur d&#039;\u00e2me - Enfamataya : Arts corporels, symboliques et \u00e9nerg\u00e9tiques<\/title>\n<meta name=\"robots\" content=\"index, follow, max-snippet:-1, max-image-preview:large, max-video-preview:-1\" \/>\n<link rel=\"canonical\" href=\"https:\/\/enfamataya.org\/index.php\/formations\/passeur-d-ame\/\" \/>\n<meta property=\"og:locale\" content=\"fr_FR\" \/>\n<meta property=\"og:type\" content=\"article\" \/>\n<meta property=\"og:title\" content=\"Formation Passeur d&#039;\u00e2me - Enfamataya : Arts corporels, symboliques et \u00e9nerg\u00e9tiques\" \/>\n<meta property=\"og:description\" content=\"Formation au Passage d&rsquo;\u00e2me R\u00e9aliser un soin \u00e0 l&rsquo;\u00e2me, la notre, celle d&rsquo;une personne aid\u00e9e, apprivoiser par l&rsquo;exp\u00e9rience avec une immense bienveillance et une grande douceur ce qui se joue \u00e0 l&rsquo;entr\u00e9e et la sortie de notre existence&#8230; Ce sont les objectifs de cette transmission. Ceux qui partent : l&rsquo;aide aux d\u00e9funtsDans le cadre de [&hellip;]\" \/>\n<meta property=\"og:url\" content=\"https:\/\/enfamataya.org\/index.php\/formations\/passeur-d-ame\/\" \/>\n<meta property=\"og:site_name\" content=\"Enfamataya : Arts corporels, symboliques et \u00e9nerg\u00e9tiques\" \/>\n<meta property=\"article:publisher\" content=\"https:\/\/facebook.com\/Enfamataya-249667421858356\" \/>\n<meta property=\"article:modified_time\" content=\"2026-01-13T16:08:07+00:00\" \/>\n<meta property=\"og:image\" content=\"https:\/\/enfamataya.org\/wp-content\/uploads\/formation-passeur_d-ame.jpg\" \/>\n\t<meta property=\"og:image:width\" content=\"500\" \/>\n\t<meta property=\"og:image:height\" content=\"497\" \/>\n\t<meta property=\"og:image:type\" content=\"image\/jpeg\" \/>\n<meta name=\"twitter:card\" content=\"summary_large_image\" \/>\n<meta name=\"twitter:label1\" content=\"Dur\u00e9e de lecture estim\u00e9e\" \/>\n\t<meta name=\"twitter:data1\" content=\"2 minutes\" \/>\n<script type=\"application\/ld+json\" class=\"yoast-schema-graph\">{\"@context\":\"https:\/\/schema.org\",\"@graph\":[{\"@type\":\"WebPage\",\"@id\":\"https:\/\/enfamataya.org\/index.php\/formations\/passeur-d-ame\/\",\"url\":\"https:\/\/enfamataya.org\/index.php\/formations\/passeur-d-ame\/\",\"name\":\"Formation Passeur d'\u00e2me - Enfamataya : Arts corporels, symboliques et \u00e9nerg\u00e9tiques\",\"isPartOf\":{\"@id\":\"https:\/\/enfamataya.org\/#website\"},\"primaryImageOfPage\":{\"@id\":\"https:\/\/enfamataya.org\/index.php\/formations\/passeur-d-ame\/#primaryimage\"},\"image\":{\"@id\":\"https:\/\/enfamataya.org\/index.php\/formations\/passeur-d-ame\/#primaryimage\"},\"thumbnailUrl\":\"https:\/\/enfamataya.org\/wp-content\/uploads\/formation-passeur_d-ame.jpg\",\"datePublished\":\"2023-07-11T15:16:32+00:00\",\"dateModified\":\"2026-01-13T16:08:07+00:00\",\"breadcrumb\":{\"@id\":\"https:\/\/enfamataya.org\/index.php\/formations\/passeur-d-ame\/#breadcrumb\"},\"inLanguage\":\"fr-FR\",\"potentialAction\":[{\"@type\":\"ReadAction\",\"target\":[\"https:\/\/enfamataya.org\/index.php\/formations\/passeur-d-ame\/\"]}]},{\"@type\":\"ImageObject\",\"inLanguage\":\"fr-FR\",\"@id\":\"https:\/\/enfamataya.org\/index.php\/formations\/passeur-d-ame\/#primaryimage\",\"url\":\"https:\/\/enfamataya.org\/wp-content\/uploads\/formation-passeur_d-ame.jpg\",\"contentUrl\":\"https:\/\/enfamataya.org\/wp-content\/uploads\/formation-passeur_d-ame.jpg\",\"width\":500,\"height\":497},{\"@type\":\"BreadcrumbList\",\"@id\":\"https:\/\/enfamataya.org\/index.php\/formations\/passeur-d-ame\/#breadcrumb\",\"itemListElement\":[{\"@type\":\"ListItem\",\"position\":1,\"name\":\"Accueil\",\"item\":\"https:\/\/enfamataya.org\/\"},{\"@type\":\"ListItem\",\"position\":2,\"name\":\"Formations\",\"item\":\"https:\/\/enfamataya.org\/index.php\/formations\/\"},{\"@type\":\"ListItem\",\"position\":3,\"name\":\"Formation Passeur d&rsquo;\u00e2me\"}]},{\"@type\":\"WebSite\",\"@id\":\"https:\/\/enfamataya.org\/#website\",\"url\":\"https:\/\/enfamataya.org\/\",\"name\":\"Enfamataya : Arts corporels, symboliques et \u00e9nerg\u00e9tiques\",\"description\":\"Des formations, de l&#039;accompagnement, des astres et du sens\",\"publisher\":{\"@id\":\"https:\/\/enfamataya.org\/#organization\"},\"potentialAction\":[{\"@type\":\"SearchAction\",\"target\":{\"@type\":\"EntryPoint\",\"urlTemplate\":\"https:\/\/enfamataya.org\/?s={search_term_string}\"},\"query-input\":{\"@type\":\"PropertyValueSpecification\",\"valueRequired\":true,\"valueName\":\"search_term_string\"}}],\"inLanguage\":\"fr-FR\"},{\"@type\":\"Organization\",\"@id\":\"https:\/\/enfamataya.org\/#organization\",\"name\":\"Enfamataya\",\"url\":\"https:\/\/enfamataya.org\/\",\"logo\":{\"@type\":\"ImageObject\",\"inLanguage\":\"fr-FR\",\"@id\":\"https:\/\/enfamataya.org\/#\/schema\/logo\/image\/\",\"url\":\"https:\/\/enfamataya.org\/wp-content\/uploads\/2023\/07\/Logo-TYPOGRAPHIQUE-enfamataya.png\",\"contentUrl\":\"https:\/\/enfamataya.org\/wp-content\/uploads\/2023\/07\/Logo-TYPOGRAPHIQUE-enfamataya.png\",\"width\":1596,\"height\":272,\"caption\":\"Enfamataya\"},\"image\":{\"@id\":\"https:\/\/enfamataya.org\/#\/schema\/logo\/image\/\"},\"sameAs\":[\"https:\/\/facebook.com\/Enfamataya-249667421858356\",\"https:\/\/www.instagram.com\/enfamataya_insta\/\",\"https:\/\/www.youtube.com\/@enfamataya\",\"https:\/\/www.tiktok.com\/@enfamataya\"]}]}<\/script>\n<!-- \/ Yoast SEO plugin. -->","yoast_head_json":{"title":"Formation Passeur d'\u00e2me - Enfamataya : Arts corporels, symboliques et \u00e9nerg\u00e9tiques","robots":{"index":"index","follow":"follow","max-snippet":"max-snippet:-1","max-image-preview":"max-image-preview:large","max-video-preview":"max-video-preview:-1"},"canonical":"https:\/\/enfamataya.org\/index.php\/formations\/passeur-d-ame\/","og_locale":"fr_FR","og_type":"article","og_title":"Formation Passeur d'\u00e2me - Enfamataya : Arts corporels, symboliques et \u00e9nerg\u00e9tiques","og_description":"Formation au Passage d&rsquo;\u00e2me R\u00e9aliser un soin \u00e0 l&rsquo;\u00e2me, la notre, celle d&rsquo;une personne aid\u00e9e, apprivoiser par l&rsquo;exp\u00e9rience avec une immense bienveillance et une grande douceur ce qui se joue \u00e0 l&rsquo;entr\u00e9e et la sortie de notre existence&#8230; Ce sont les objectifs de cette transmission. Ceux qui partent : l&rsquo;aide aux d\u00e9funtsDans le cadre de [&hellip;]","og_url":"https:\/\/enfamataya.org\/index.php\/formations\/passeur-d-ame\/","og_site_name":"Enfamataya : Arts corporels, symboliques et \u00e9nerg\u00e9tiques","article_publisher":"https:\/\/facebook.com\/Enfamataya-249667421858356","article_modified_time":"2026-01-13T16:08:07+00:00","og_image":[{"width":500,"height":497,"url":"https:\/\/enfamataya.org\/wp-content\/uploads\/formation-passeur_d-ame.jpg","type":"image\/jpeg"}],"twitter_card":"summary_large_image","twitter_misc":{"Dur\u00e9e de lecture estim\u00e9e":"2 minutes"},"schema":{"@context":"https:\/\/schema.org","@graph":[{"@type":"WebPage","@id":"https:\/\/enfamataya.org\/index.php\/formations\/passeur-d-ame\/","url":"https:\/\/enfamataya.org\/index.php\/formations\/passeur-d-ame\/","name":"Formation Passeur d'\u00e2me - Enfamataya : Arts corporels, symboliques et \u00e9nerg\u00e9tiques","isPartOf":{"@id":"https:\/\/enfamataya.org\/#website"},"primaryImageOfPage":{"@id":"https:\/\/enfamataya.org\/index.php\/formations\/passeur-d-ame\/#primaryimage"},"image":{"@id":"https:\/\/enfamataya.org\/index.php\/formations\/passeur-d-ame\/#primaryimage"},"thumbnailUrl":"https:\/\/enfamataya.org\/wp-content\/uploads\/formation-passeur_d-ame.jpg","datePublished":"2023-07-11T15:16:32+00:00","dateModified":"2026-01-13T16:08:07+00:00","breadcrumb":{"@id":"https:\/\/enfamataya.org\/index.php\/formations\/passeur-d-ame\/#breadcrumb"},"inLanguage":"fr-FR","potentialAction":[{"@type":"ReadAction","target":["https:\/\/enfamataya.org\/index.php\/formations\/passeur-d-ame\/"]}]},{"@type":"ImageObject","inLanguage":"fr-FR","@id":"https:\/\/enfamataya.org\/index.php\/formations\/passeur-d-ame\/#primaryimage","url":"https:\/\/enfamataya.org\/wp-content\/uploads\/formation-passeur_d-ame.jpg","contentUrl":"https:\/\/enfamataya.org\/wp-content\/uploads\/formation-passeur_d-ame.jpg","width":500,"height":497},{"@type":"BreadcrumbList","@id":"https:\/\/enfamataya.org\/index.php\/formations\/passeur-d-ame\/#breadcrumb","itemListElement":[{"@type":"ListItem","position":1,"name":"Accueil","item":"https:\/\/enfamataya.org\/"},{"@type":"ListItem","position":2,"name":"Formations","item":"https:\/\/enfamataya.org\/index.php\/formations\/"},{"@type":"ListItem","position":3,"name":"Formation Passeur d&rsquo;\u00e2me"}]},{"@type":"WebSite","@id":"https:\/\/enfamataya.org\/#website","url":"https:\/\/enfamataya.org\/","name":"Enfamataya : Arts corporels, symboliques et \u00e9nerg\u00e9tiques","description":"Des formations, de l&#039;accompagnement, des astres et du sens","publisher":{"@id":"https:\/\/enfamataya.org\/#organization"},"potentialAction":[{"@type":"SearchAction","target":{"@type":"EntryPoint","urlTemplate":"https:\/\/enfamataya.org\/?s={search_term_string}"},"query-input":{"@type":"PropertyValueSpecification","valueRequired":true,"valueName":"search_term_string"}}],"inLanguage":"fr-FR"},{"@type":"Organization","@id":"https:\/\/enfamataya.org\/#organization","name":"Enfamataya","url":"https:\/\/enfamataya.org\/","logo":{"@type":"ImageObject","inLanguage":"fr-FR","@id":"https:\/\/enfamataya.org\/#\/schema\/logo\/image\/","url":"https:\/\/enfamataya.org\/wp-content\/uploads\/2023\/07\/Logo-TYPOGRAPHIQUE-enfamataya.png","contentUrl":"https:\/\/enfamataya.org\/wp-content\/uploads\/2023\/07\/Logo-TYPOGRAPHIQUE-enfamataya.png","width":1596,"height":272,"caption":"Enfamataya"},"image":{"@id":"https:\/\/enfamataya.org\/#\/schema\/logo\/image\/"},"sameAs":["https:\/\/facebook.com\/Enfamataya-249667421858356","https:\/\/www.instagram.com\/enfamataya_insta\/","https:\/\/www.youtube.com\/@enfamataya","https:\/\/www.tiktok.com\/@enfamataya"]}]}},"_links":{"self":[{"href":"https:\/\/enfamataya.org\/index.php\/wp-json\/wp\/v2\/pages\/27","targetHints":{"allow":["GET"]}}],"collection":[{"href":"https:\/\/enfamataya.org\/index.php\/wp-json\/wp\/v2\/pages"}],"about":[{"href":"https:\/\/enfamataya.org\/index.php\/wp-json\/wp\/v2\/types\/page"}],"author":[{"embeddable":true,"href":"https:\/\/enfamataya.org\/index.php\/wp-json\/wp\/v2\/users\/2"}],"replies":[{"embeddable":true,"href":"https:\/\/enfamataya.org\/index.php\/wp-json\/wp\/v2\/comments?post=27"}],"version-history":[{"count":68,"href":"https:\/\/enfamataya.org\/index.php\/wp-json\/wp\/v2\/pages\/27\/revisions"}],"predecessor-version":[{"id":7950,"href":"https:\/\/enfamataya.org\/index.php\/wp-json\/wp\/v2\/pages\/27\/revisions\/7950"}],"up":[{"embeddable":true,"href":"https:\/\/enfamataya.org\/index.php\/wp-json\/wp\/v2\/pages\/12"}],"wp:featuredmedia":[{"embeddable":true,"href":"https:\/\/enfamataya.org\/index.php\/wp-json\/wp\/v2\/media\/7474"}],"wp:attachment":[{"href":"https:\/\/enfamataya.org\/index.php\/wp-json\/wp\/v2\/media?parent=27"}],"curies":[{"name":"wp","href":"https:\/\/api.w.org\/{rel}","templated":true}]}}