{"id":29,"date":"2023-07-11T15:16:32","date_gmt":"2023-07-11T15:16:32","guid":{"rendered":"http:\/\/192.168.1.200\/?page_id=29"},"modified":"2025-01-25T11:14:42","modified_gmt":"2025-01-25T10:14:42","slug":"professionnalisation","status":"publish","type":"page","link":"https:\/\/enfamataya.org\/index.php\/formations\/professionnalisation\/","title":{"rendered":"Professionnalisation"},"content":{"rendered":"\t\t<div data-elementor-type=\"wp-page\" data-elementor-id=\"29\" class=\"elementor elementor-29\" data-elementor-post-type=\"page\">\n\t\t\t\t<div class=\"elementor-element elementor-element-41ea876 e-flex e-con-boxed e-con e-parent\" data-id=\"41ea876\" data-element_type=\"container\">\n\t\t\t\t\t<div class=\"e-con-inner\">\n\t\t\t\t<div class=\"elementor-element elementor-element-8a4e669 elementor-widget elementor-widget-spacer\" data-id=\"8a4e669\" data-element_type=\"widget\" data-widget_type=\"spacer.default\">\n\t\t\t\t<div class=\"elementor-widget-container\">\n\t\t\t<style>\/*! elementor - v3.23.0 - 05-08-2024 *\/\n.elementor-column .elementor-spacer-inner{height:var(--spacer-size)}.e-con{--container-widget-width:100%}.e-con-inner>.elementor-widget-spacer,.e-con>.elementor-widget-spacer{width:var(--container-widget-width,var(--spacer-size));--align-self:var(--container-widget-align-self,initial);--flex-shrink:0}.e-con-inner>.elementor-widget-spacer>.elementor-widget-container,.e-con>.elementor-widget-spacer>.elementor-widget-container{height:100%;width:100%}.e-con-inner>.elementor-widget-spacer>.elementor-widget-container>.elementor-spacer,.e-con>.elementor-widget-spacer>.elementor-widget-container>.elementor-spacer{height:100%}.e-con-inner>.elementor-widget-spacer>.elementor-widget-container>.elementor-spacer>.elementor-spacer-inner,.e-con>.elementor-widget-spacer>.elementor-widget-container>.elementor-spacer>.elementor-spacer-inner{height:var(--container-widget-height,var(--spacer-size))}.e-con-inner>.elementor-widget-spacer.elementor-widget-empty,.e-con>.elementor-widget-spacer.elementor-widget-empty{position:relative;min-height:22px;min-width:22px}.e-con-inner>.elementor-widget-spacer.elementor-widget-empty .elementor-widget-empty-icon,.e-con>.elementor-widget-spacer.elementor-widget-empty .elementor-widget-empty-icon{position:absolute;top:0;bottom:0;left:0;right:0;margin:auto;padding:0;width:22px;height:22px}<\/style>\t\t<div class=\"elementor-spacer\">\n\t\t\t<div class=\"elementor-spacer-inner\"><\/div>\n\t\t<\/div>\n\t\t\t\t<\/div>\n\t\t\t\t<\/div>\n\t\t\t\t\t<\/div>\n\t\t\t\t<\/div>\n\t\t<div class=\"elementor-element elementor-element-2569437 e-flex e-con-boxed e-con e-parent\" data-id=\"2569437\" data-element_type=\"container\">\n\t\t\t\t\t<div class=\"e-con-inner\">\n\t\t\t\t<div class=\"elementor-element elementor-element-d599ada elementor-widget elementor-widget-text-editor\" data-id=\"d599ada\" data-element_type=\"widget\" data-widget_type=\"text-editor.default\">\n\t\t\t\t<div class=\"elementor-widget-container\">\n\t\t\t<style>\/*! elementor - v3.23.0 - 05-08-2024 *\/\n.elementor-widget-text-editor.elementor-drop-cap-view-stacked .elementor-drop-cap{background-color:#69727d;color:#fff}.elementor-widget-text-editor.elementor-drop-cap-view-framed .elementor-drop-cap{color:#69727d;border:3px solid;background-color:transparent}.elementor-widget-text-editor:not(.elementor-drop-cap-view-default) .elementor-drop-cap{margin-top:8px}.elementor-widget-text-editor:not(.elementor-drop-cap-view-default) .elementor-drop-cap-letter{width:1em;height:1em}.elementor-widget-text-editor .elementor-drop-cap{float:left;text-align:center;line-height:1;font-size:50px}.elementor-widget-text-editor .elementor-drop-cap-letter{display:inline-block}<\/style>\t\t\t\t<h2 class=\"entry-title\"><strong>Professionnalisation<\/strong><\/h2>\t\t\t\t\t\t<\/div>\n\t\t\t\t<\/div>\n\t\t\t\t<div class=\"elementor-element elementor-element-09b8e52 elementor-widget elementor-widget-spacer\" data-id=\"09b8e52\" data-element_type=\"widget\" data-widget_type=\"spacer.default\">\n\t\t\t\t<div class=\"elementor-widget-container\">\n\t\t\t\t\t<div class=\"elementor-spacer\">\n\t\t\t<div class=\"elementor-spacer-inner\"><\/div>\n\t\t<\/div>\n\t\t\t\t<\/div>\n\t\t\t\t<\/div>\n\t\t\t\t\t<\/div>\n\t\t\t\t<\/div>\n\t\t<div class=\"elementor-element elementor-element-24492c5 e-flex e-con-boxed e-con e-parent\" data-id=\"24492c5\" data-element_type=\"container\">\n\t\t\t\t\t<div class=\"e-con-inner\">\n\t\t\t\t<div class=\"elementor-element elementor-element-c4da7bb elementor-widget elementor-widget-text-editor\" data-id=\"c4da7bb\" data-element_type=\"widget\" data-widget_type=\"text-editor.default\">\n\t\t\t\t<div class=\"elementor-widget-container\">\n\t\t\t\t\t\t\t<p style=\"text-align: justify;\">Cette journ\u00e9e a pour objectif de vous aider \u00e0 bien lancer votre activit\u00e9. De nombreuses question se posent en effet \u00e0 celui ou celle qui veut s&rsquo;installer dans les domaines du bien-\u00eatre ou de l&rsquo;aide \u00e0 l&rsquo;autre : puis-je travailler chez moi ?\u00a0<strong>Quel nom d&rsquo;activit\u00e9 choisir ?\u00a0<\/strong>Comment me faire connaitre ? Quels sont les prix pratiqu\u00e9s pour la cr\u00e9ation d&rsquo;un site internet ?\u00a0<strong>Travailler \u00e0 domicile, est-ce une bonne id\u00e9e ?<\/strong>\u00a0Quelles assurances dois-je souscrire ? J&rsquo;ai entendu parler du statut d&rsquo;auto-entrepreneur : quels en sont les d\u00e9tails pr\u00e9cis \u00e0 ce jour, les avantages ?\u00a0<strong>Y-a-t-il d&rsquo;autres formules plus int\u00e9ressantes ?<\/strong><\/p><p style=\"text-align: justify;\">Cette journ\u00e9e vous permettra de faire progresser votre projet en d\u00e9couvrant diff\u00e9rentes facettes de votre domaine d&rsquo;activit\u00e9. Je pourrais aussi m&rsquo;appuyer sur votre astrologie pour affiner ce que vous \u00eates venu apporter \u00e0 travers votre action professionnelle.<\/p><h4 style=\"text-align: justify;\">Objectifs et d\u00e9roulement de ce stage<\/h4><p align=\"justify\">Acqu\u00e9rir les connaissances et progresser dans votre projet pour choisir<\/p><p align=\"justify\">&#8211; votre statut<br \/>&#8211; vos r\u00e9gimes fiscaux et sociaux<br \/>&#8211; votre lieu de travail<br \/>&#8211; le nom de votre activit\u00e9<br \/>&#8211; votre communication<br \/>&#8211; vos assurances.<\/p><p align=\"justify\">Tarif : 70\u20ac \u00e0 Arles ou Paris en groupe (1 journ\u00e9e de formation) ou en visio-conf\u00e9rence<\/p><p style=\"text-align: center;\" align=\"justify\">\u00a0<\/p>\t\t\t\t\t\t<\/div>\n\t\t\t\t<\/div>\n\t\t\t\t\t<\/div>\n\t\t\t\t<\/div>\n\t\t<div class=\"elementor-element elementor-element-c9edc3a e-flex e-con-boxed e-con e-parent\" data-id=\"c9edc3a\" data-element_type=\"container\">\n\t\t\t\t\t<div class=\"e-con-inner\">\n\t\t\t\t<div class=\"elementor-element elementor-element-8151a8a elementor-widget elementor-widget-text-editor\" data-id=\"8151a8a\" data-element_type=\"widget\" data-widget_type=\"text-editor.default\">\n\t\t\t\t<div class=\"elementor-widget-container\">\n\t\t\t\t\t\t\t<p style=\"text-align: center;\"><a href=\"mailto:formations@enfamataya.org?subject=Ca%20m%20interesse%20:%20Professionnalisation\"><strong><em>Parlons-en<\/em><\/strong><\/a><\/p>\t\t\t\t\t\t<\/div>\n\t\t\t\t<\/div>\n\t\t\t\t\t<\/div>\n\t\t\t\t<\/div>\n\t\t<div class=\"elementor-element elementor-element-71ad406 e-flex e-con-boxed e-con e-parent\" data-id=\"71ad406\" data-element_type=\"container\">\n\t\t\t\t\t<div class=\"e-con-inner\">\n\t\t\t\t<div class=\"elementor-element elementor-element-0af6184 elementor-widget elementor-widget-spacer\" data-id=\"0af6184\" data-element_type=\"widget\" data-widget_type=\"spacer.default\">\n\t\t\t\t<div class=\"elementor-widget-container\">\n\t\t\t\t\t<div class=\"elementor-spacer\">\n\t\t\t<div class=\"elementor-spacer-inner\"><\/div>\n\t\t<\/div>\n\t\t\t\t<\/div>\n\t\t\t\t<\/div>\n\t\t\t\t\t<\/div>\n\t\t\t\t<\/div>\n\t\t<div class=\"elementor-element elementor-element-18215d4 e-flex e-con-boxed e-con e-parent\" data-id=\"18215d4\" data-element_type=\"container\">\n\t\t\t\t\t<div class=\"e-con-inner\">\n\t\t\t\t<div class=\"elementor-element elementor-element-9fe3164 elementor-widget elementor-widget-image\" data-id=\"9fe3164\" data-element_type=\"widget\" data-widget_type=\"image.default\">\n\t\t\t\t<div class=\"elementor-widget-container\">\n\t\t\t<style>\/*! elementor - v3.23.0 - 05-08-2024 *\/\n.elementor-widget-image{text-align:center}.elementor-widget-image a{display:inline-block}.elementor-widget-image a img[src$=\".svg\"]{width:48px}.elementor-widget-image img{vertical-align:middle;display:inline-block}<\/style>\t\t\t\t\t\t\t\t\t\t<img fetchpriority=\"high\" decoding=\"async\" width=\"500\" height=\"497\" src=\"https:\/\/enfamataya.org\/wp-content\/uploads\/journee-professionnalisation.jpg\" class=\"attachment-large size-large wp-image-7449\" alt=\"\" srcset=\"https:\/\/enfamataya.org\/wp-content\/uploads\/journee-professionnalisation.jpg 500w, https:\/\/enfamataya.org\/wp-content\/uploads\/journee-professionnalisation-300x298.jpg 300w, https:\/\/enfamataya.org\/wp-content\/uploads\/journee-professionnalisation-150x150.jpg 150w\" sizes=\"(max-width: 500px) 100vw, 500px\" \/>\t\t\t\t\t\t\t\t\t\t\t\t\t<\/div>\n\t\t\t\t<\/div>\n\t\t\t\t\t<\/div>\n\t\t\t\t<\/div>\n\t\t<div class=\"elementor-element elementor-element-2771b8a e-flex e-con-boxed e-con e-parent\" data-id=\"2771b8a\" data-element_type=\"container\">\n\t\t\t\t\t<div class=\"e-con-inner\">\n\t\t\t\t<div class=\"elementor-element elementor-element-653b780 elementor-widget elementor-widget-spacer\" data-id=\"653b780\" data-element_type=\"widget\" data-widget_type=\"spacer.default\">\n\t\t\t\t<div class=\"elementor-widget-container\">\n\t\t\t\t\t<div class=\"elementor-spacer\">\n\t\t\t<div class=\"elementor-spacer-inner\"><\/div>\n\t\t<\/div>\n\t\t\t\t<\/div>\n\t\t\t\t<\/div>\n\t\t\t\t<div class=\"elementor-element elementor-element-e45ca2b elementor-widget elementor-widget-text-editor\" data-id=\"e45ca2b\" data-element_type=\"widget\" data-widget_type=\"text-editor.default\">\n\t\t\t\t<div class=\"elementor-widget-container\">\n\t\t\t\t\t\t\t<blockquote><pre>\"Le courage, c'est de comprendre sa propre vie... Le courage, c'est d'aimer la vie et de regarder la mort d'un regard tranquille... Le courage, c'est d'aller \u00e0 l'id\u00e9al et de comprendre le r\u00e9el.\" - Jean Jaur\u00e8s<\/pre><\/blockquote>\t\t\t\t\t\t<\/div>\n\t\t\t\t<\/div>\n\t\t\t\t<div class=\"elementor-element elementor-element-a0702fe elementor-widget elementor-widget-spacer\" data-id=\"a0702fe\" data-element_type=\"widget\" data-widget_type=\"spacer.default\">\n\t\t\t\t<div class=\"elementor-widget-container\">\n\t\t\t\t\t<div class=\"elementor-spacer\">\n\t\t\t<div class=\"elementor-spacer-inner\"><\/div>\n\t\t<\/div>\n\t\t\t\t<\/div>\n\t\t\t\t<\/div>\n\t\t\t\t\t<\/div>\n\t\t\t\t<\/div>\n\t\t\t\t<\/div>\n\t\t","protected":false},"excerpt":{"rendered":"<p>Professionnalisation Cette journ\u00e9e a pour objectif de vous aider \u00e0 bien lancer votre activit\u00e9. De nombreuses question se posent en effet \u00e0 celui ou celle qui veut s&rsquo;installer dans les domaines du bien-\u00eatre ou de l&rsquo;aide \u00e0 l&rsquo;autre : puis-je travailler chez moi ?\u00a0Quel nom d&rsquo;activit\u00e9 choisir ?\u00a0Comment me faire connaitre ? Quels sont les [&hellip;]<\/p>\n","protected":false},"author":2,"featured_media":7449,"parent":12,"menu_order":0,"comment_status":"closed","ping_status":"closed","template":"","meta":{"footnotes":""},"class_list":["post-29","page","type-page","status-publish","has-post-thumbnail","hentry"],"yoast_head":"<!-- This site is optimized with the Yoast SEO plugin v26.6 - https:\/\/yoast.com\/wordpress\/plugins\/seo\/ -->\n<title>Professionnalisation - Enfamataya : Arts corporels, symboliques et \u00e9nerg\u00e9tiques<\/title>\n<meta name=\"robots\" content=\"index, follow, max-snippet:-1, max-image-preview:large, max-video-preview:-1\" \/>\n<link rel=\"canonical\" href=\"https:\/\/enfamataya.org\/index.php\/formations\/professionnalisation\/\" \/>\n<meta property=\"og:locale\" content=\"fr_FR\" \/>\n<meta property=\"og:type\" content=\"article\" \/>\n<meta property=\"og:title\" content=\"Professionnalisation - Enfamataya : Arts corporels, symboliques et \u00e9nerg\u00e9tiques\" \/>\n<meta property=\"og:description\" content=\"Professionnalisation Cette journ\u00e9e a pour objectif de vous aider \u00e0 bien lancer votre activit\u00e9. De nombreuses question se posent en effet \u00e0 celui ou celle qui veut s&rsquo;installer dans les domaines du bien-\u00eatre ou de l&rsquo;aide \u00e0 l&rsquo;autre : puis-je travailler chez moi ?\u00a0Quel nom d&rsquo;activit\u00e9 choisir ?\u00a0Comment me faire connaitre ? Quels sont les [&hellip;]\" \/>\n<meta property=\"og:url\" content=\"https:\/\/enfamataya.org\/index.php\/formations\/professionnalisation\/\" \/>\n<meta property=\"og:site_name\" content=\"Enfamataya : Arts corporels, symboliques et \u00e9nerg\u00e9tiques\" \/>\n<meta property=\"article:publisher\" content=\"https:\/\/facebook.com\/Enfamataya-249667421858356\" \/>\n<meta property=\"article:modified_time\" content=\"2025-01-25T10:14:42+00:00\" \/>\n<meta property=\"og:image\" content=\"https:\/\/enfamataya.org\/wp-content\/uploads\/journee-professionnalisation.jpg\" \/>\n\t<meta property=\"og:image:width\" content=\"500\" \/>\n\t<meta property=\"og:image:height\" content=\"497\" \/>\n\t<meta property=\"og:image:type\" content=\"image\/jpeg\" \/>\n<meta name=\"twitter:card\" content=\"summary_large_image\" \/>\n<meta name=\"twitter:label1\" content=\"Dur\u00e9e de lecture estim\u00e9e\" \/>\n\t<meta name=\"twitter:data1\" content=\"2 minutes\" \/>\n<script type=\"application\/ld+json\" class=\"yoast-schema-graph\">{\"@context\":\"https:\/\/schema.org\",\"@graph\":[{\"@type\":\"WebPage\",\"@id\":\"https:\/\/enfamataya.org\/index.php\/formations\/professionnalisation\/\",\"url\":\"https:\/\/enfamataya.org\/index.php\/formations\/professionnalisation\/\",\"name\":\"Professionnalisation - Enfamataya : Arts corporels, symboliques et \u00e9nerg\u00e9tiques\",\"isPartOf\":{\"@id\":\"https:\/\/enfamataya.org\/#website\"},\"primaryImageOfPage\":{\"@id\":\"https:\/\/enfamataya.org\/index.php\/formations\/professionnalisation\/#primaryimage\"},\"image\":{\"@id\":\"https:\/\/enfamataya.org\/index.php\/formations\/professionnalisation\/#primaryimage\"},\"thumbnailUrl\":\"https:\/\/enfamataya.org\/wp-content\/uploads\/journee-professionnalisation.jpg\",\"datePublished\":\"2023-07-11T15:16:32+00:00\",\"dateModified\":\"2025-01-25T10:14:42+00:00\",\"breadcrumb\":{\"@id\":\"https:\/\/enfamataya.org\/index.php\/formations\/professionnalisation\/#breadcrumb\"},\"inLanguage\":\"fr-FR\",\"potentialAction\":[{\"@type\":\"ReadAction\",\"target\":[\"https:\/\/enfamataya.org\/index.php\/formations\/professionnalisation\/\"]}]},{\"@type\":\"ImageObject\",\"inLanguage\":\"fr-FR\",\"@id\":\"https:\/\/enfamataya.org\/index.php\/formations\/professionnalisation\/#primaryimage\",\"url\":\"https:\/\/enfamataya.org\/wp-content\/uploads\/journee-professionnalisation.jpg\",\"contentUrl\":\"https:\/\/enfamataya.org\/wp-content\/uploads\/journee-professionnalisation.jpg\",\"width\":500,\"height\":497},{\"@type\":\"BreadcrumbList\",\"@id\":\"https:\/\/enfamataya.org\/index.php\/formations\/professionnalisation\/#breadcrumb\",\"itemListElement\":[{\"@type\":\"ListItem\",\"position\":1,\"name\":\"Accueil\",\"item\":\"https:\/\/enfamataya.org\/\"},{\"@type\":\"ListItem\",\"position\":2,\"name\":\"Formations\",\"item\":\"https:\/\/enfamataya.org\/index.php\/formations\/\"},{\"@type\":\"ListItem\",\"position\":3,\"name\":\"Professionnalisation\"}]},{\"@type\":\"WebSite\",\"@id\":\"https:\/\/enfamataya.org\/#website\",\"url\":\"https:\/\/enfamataya.org\/\",\"name\":\"Enfamataya : Arts corporels, symboliques et \u00e9nerg\u00e9tiques\",\"description\":\"Des formations, de l&#039;accompagnement, des astres et du sens\",\"publisher\":{\"@id\":\"https:\/\/enfamataya.org\/#organization\"},\"potentialAction\":[{\"@type\":\"SearchAction\",\"target\":{\"@type\":\"EntryPoint\",\"urlTemplate\":\"https:\/\/enfamataya.org\/?s={search_term_string}\"},\"query-input\":{\"@type\":\"PropertyValueSpecification\",\"valueRequired\":true,\"valueName\":\"search_term_string\"}}],\"inLanguage\":\"fr-FR\"},{\"@type\":\"Organization\",\"@id\":\"https:\/\/enfamataya.org\/#organization\",\"name\":\"Enfamataya\",\"url\":\"https:\/\/enfamataya.org\/\",\"logo\":{\"@type\":\"ImageObject\",\"inLanguage\":\"fr-FR\",\"@id\":\"https:\/\/enfamataya.org\/#\/schema\/logo\/image\/\",\"url\":\"https:\/\/enfamataya.org\/wp-content\/uploads\/2023\/07\/Logo-TYPOGRAPHIQUE-enfamataya.png\",\"contentUrl\":\"https:\/\/enfamataya.org\/wp-content\/uploads\/2023\/07\/Logo-TYPOGRAPHIQUE-enfamataya.png\",\"width\":1596,\"height\":272,\"caption\":\"Enfamataya\"},\"image\":{\"@id\":\"https:\/\/enfamataya.org\/#\/schema\/logo\/image\/\"},\"sameAs\":[\"https:\/\/facebook.com\/Enfamataya-249667421858356\",\"https:\/\/www.instagram.com\/enfamataya_insta\/\",\"https:\/\/www.youtube.com\/@enfamataya\",\"https:\/\/www.tiktok.com\/@enfamataya\"]}]}<\/script>\n<!-- \/ Yoast SEO plugin. -->","yoast_head_json":{"title":"Professionnalisation - Enfamataya : Arts corporels, symboliques et \u00e9nerg\u00e9tiques","robots":{"index":"index","follow":"follow","max-snippet":"max-snippet:-1","max-image-preview":"max-image-preview:large","max-video-preview":"max-video-preview:-1"},"canonical":"https:\/\/enfamataya.org\/index.php\/formations\/professionnalisation\/","og_locale":"fr_FR","og_type":"article","og_title":"Professionnalisation - Enfamataya : Arts corporels, symboliques et \u00e9nerg\u00e9tiques","og_description":"Professionnalisation Cette journ\u00e9e a pour objectif de vous aider \u00e0 bien lancer votre activit\u00e9. De nombreuses question se posent en effet \u00e0 celui ou celle qui veut s&rsquo;installer dans les domaines du bien-\u00eatre ou de l&rsquo;aide \u00e0 l&rsquo;autre : puis-je travailler chez moi ?\u00a0Quel nom d&rsquo;activit\u00e9 choisir ?\u00a0Comment me faire connaitre ? Quels sont les [&hellip;]","og_url":"https:\/\/enfamataya.org\/index.php\/formations\/professionnalisation\/","og_site_name":"Enfamataya : Arts corporels, symboliques et \u00e9nerg\u00e9tiques","article_publisher":"https:\/\/facebook.com\/Enfamataya-249667421858356","article_modified_time":"2025-01-25T10:14:42+00:00","og_image":[{"width":500,"height":497,"url":"https:\/\/enfamataya.org\/wp-content\/uploads\/journee-professionnalisation.jpg","type":"image\/jpeg"}],"twitter_card":"summary_large_image","twitter_misc":{"Dur\u00e9e de lecture estim\u00e9e":"2 minutes"},"schema":{"@context":"https:\/\/schema.org","@graph":[{"@type":"WebPage","@id":"https:\/\/enfamataya.org\/index.php\/formations\/professionnalisation\/","url":"https:\/\/enfamataya.org\/index.php\/formations\/professionnalisation\/","name":"Professionnalisation - Enfamataya : Arts corporels, symboliques et \u00e9nerg\u00e9tiques","isPartOf":{"@id":"https:\/\/enfamataya.org\/#website"},"primaryImageOfPage":{"@id":"https:\/\/enfamataya.org\/index.php\/formations\/professionnalisation\/#primaryimage"},"image":{"@id":"https:\/\/enfamataya.org\/index.php\/formations\/professionnalisation\/#primaryimage"},"thumbnailUrl":"https:\/\/enfamataya.org\/wp-content\/uploads\/journee-professionnalisation.jpg","datePublished":"2023-07-11T15:16:32+00:00","dateModified":"2025-01-25T10:14:42+00:00","breadcrumb":{"@id":"https:\/\/enfamataya.org\/index.php\/formations\/professionnalisation\/#breadcrumb"},"inLanguage":"fr-FR","potentialAction":[{"@type":"ReadAction","target":["https:\/\/enfamataya.org\/index.php\/formations\/professionnalisation\/"]}]},{"@type":"ImageObject","inLanguage":"fr-FR","@id":"https:\/\/enfamataya.org\/index.php\/formations\/professionnalisation\/#primaryimage","url":"https:\/\/enfamataya.org\/wp-content\/uploads\/journee-professionnalisation.jpg","contentUrl":"https:\/\/enfamataya.org\/wp-content\/uploads\/journee-professionnalisation.jpg","width":500,"height":497},{"@type":"BreadcrumbList","@id":"https:\/\/enfamataya.org\/index.php\/formations\/professionnalisation\/#breadcrumb","itemListElement":[{"@type":"ListItem","position":1,"name":"Accueil","item":"https:\/\/enfamataya.org\/"},{"@type":"ListItem","position":2,"name":"Formations","item":"https:\/\/enfamataya.org\/index.php\/formations\/"},{"@type":"ListItem","position":3,"name":"Professionnalisation"}]},{"@type":"WebSite","@id":"https:\/\/enfamataya.org\/#website","url":"https:\/\/enfamataya.org\/","name":"Enfamataya : Arts corporels, symboliques et \u00e9nerg\u00e9tiques","description":"Des formations, de l&#039;accompagnement, des astres et du sens","publisher":{"@id":"https:\/\/enfamataya.org\/#organization"},"potentialAction":[{"@type":"SearchAction","target":{"@type":"EntryPoint","urlTemplate":"https:\/\/enfamataya.org\/?s={search_term_string}"},"query-input":{"@type":"PropertyValueSpecification","valueRequired":true,"valueName":"search_term_string"}}],"inLanguage":"fr-FR"},{"@type":"Organization","@id":"https:\/\/enfamataya.org\/#organization","name":"Enfamataya","url":"https:\/\/enfamataya.org\/","logo":{"@type":"ImageObject","inLanguage":"fr-FR","@id":"https:\/\/enfamataya.org\/#\/schema\/logo\/image\/","url":"https:\/\/enfamataya.org\/wp-content\/uploads\/2023\/07\/Logo-TYPOGRAPHIQUE-enfamataya.png","contentUrl":"https:\/\/enfamataya.org\/wp-content\/uploads\/2023\/07\/Logo-TYPOGRAPHIQUE-enfamataya.png","width":1596,"height":272,"caption":"Enfamataya"},"image":{"@id":"https:\/\/enfamataya.org\/#\/schema\/logo\/image\/"},"sameAs":["https:\/\/facebook.com\/Enfamataya-249667421858356","https:\/\/www.instagram.com\/enfamataya_insta\/","https:\/\/www.youtube.com\/@enfamataya","https:\/\/www.tiktok.com\/@enfamataya"]}]}},"_links":{"self":[{"href":"https:\/\/enfamataya.org\/index.php\/wp-json\/wp\/v2\/pages\/29","targetHints":{"allow":["GET"]}}],"collection":[{"href":"https:\/\/enfamataya.org\/index.php\/wp-json\/wp\/v2\/pages"}],"about":[{"href":"https:\/\/enfamataya.org\/index.php\/wp-json\/wp\/v2\/types\/page"}],"author":[{"embeddable":true,"href":"https:\/\/enfamataya.org\/index.php\/wp-json\/wp\/v2\/users\/2"}],"replies":[{"embeddable":true,"href":"https:\/\/enfamataya.org\/index.php\/wp-json\/wp\/v2\/comments?post=29"}],"version-history":[{"count":37,"href":"https:\/\/enfamataya.org\/index.php\/wp-json\/wp\/v2\/pages\/29\/revisions"}],"predecessor-version":[{"id":7464,"href":"https:\/\/enfamataya.org\/index.php\/wp-json\/wp\/v2\/pages\/29\/revisions\/7464"}],"up":[{"embeddable":true,"href":"https:\/\/enfamataya.org\/index.php\/wp-json\/wp\/v2\/pages\/12"}],"wp:featuredmedia":[{"embeddable":true,"href":"https:\/\/enfamataya.org\/index.php\/wp-json\/wp\/v2\/media\/7449"}],"wp:attachment":[{"href":"https:\/\/enfamataya.org\/index.php\/wp-json\/wp\/v2\/media?parent=29"}],"curies":[{"name":"wp","href":"https:\/\/api.w.org\/{rel}","templated":true}]}}