{"id":33,"date":"2023-07-11T15:16:32","date_gmt":"2023-07-11T15:16:32","guid":{"rendered":"http:\/\/192.168.1.200\/?page_id=33"},"modified":"2025-12-07T16:04:39","modified_gmt":"2025-12-07T15:04:39","slug":"astro-parentalite","status":"publish","type":"page","link":"https:\/\/enfamataya.org\/index.php\/astres-sens\/astro-parentalite\/","title":{"rendered":"Astro parentalit\u00e9"},"content":{"rendered":"\t\t<div data-elementor-type=\"wp-page\" data-elementor-id=\"33\" class=\"elementor elementor-33\" data-elementor-post-type=\"page\">\n\t\t\t\t<div class=\"elementor-element elementor-element-d0cf685 e-flex e-con-boxed e-con e-parent\" data-id=\"d0cf685\" data-element_type=\"container\">\n\t\t\t\t\t<div class=\"e-con-inner\">\n\t\t\t\t<div class=\"elementor-element elementor-element-1debae8 elementor-widget elementor-widget-text-editor\" data-id=\"1debae8\" data-element_type=\"widget\" data-widget_type=\"text-editor.default\">\n\t\t\t\t<div class=\"elementor-widget-container\">\n\t\t\t\t\t\t\t<p>Astro parentalit\u00e9<\/p>\t\t\t\t\t\t<\/div>\n\t\t\t\t<\/div>\n\t\t\t\t<div class=\"elementor-element elementor-element-482cbe0 elementor-widget elementor-widget-text-editor\" data-id=\"482cbe0\" data-element_type=\"widget\" data-widget_type=\"text-editor.default\">\n\t\t\t\t<div class=\"elementor-widget-container\">\n\t\t\t\t\t\t\t<p>Je vous propose ce moment de compr\u00e9hension de la nature de votre ou vos enfant(s), de ce qu&rsquo;il est venu \u00eatre, de vos interactions sous la forme d\u2019un entretien en appel visio d&rsquo;une demi journ\u00e9e autour de la Carte du Ciel Astrologique de votre (vos) enfant(s).<\/p><p><em>C&rsquo;est un cadeau de naissance id\u00e9al, peut aussi \u00eatre r\u00e9alis\u00e9 avec un grand-parent.<\/em><\/p><h3>Pr\u00e9paration de ce moment<\/h3><p>Vous recherchez les heures de naissance pr\u00e9cises des int\u00e9ress\u00e9s (acte de naissance obtenu gratuitement en moins d\u2019une semaine par simple demande sur le site www.service-public.fr) et me les communiquez. Je vais pouvoir retrouver la position exacte des astres au moment pr\u00e9cis de la venue au monde de l&rsquo;enfant et je vais dessiner une Carte repr\u00e9sentant ce Ciel, ce mode d\u2019emploi, cette proposition de vie. Je vous l\u2019envoie alors par mail et l\u2019\u00e9tudie de mon c\u00f4t\u00e9. Je vous poserais aussi quelques questions sur l&rsquo;expression de l&rsquo;enfant (ou b\u00e9b\u00e9) et vos interactions.\u00a0 Vous m\u2019adressez par virement ou ch\u00e8que la participation financi\u00e8re de 144\u20ac et nous prenons rendez-vous (je r\u00e9serve de nombreux cr\u00e9neaux en semaine et week-end pour trouver facilement une date).<\/p><h3>Le moment de plong\u00e9e dans ses astres de naissance<\/h3><p>Nous nous retrouvons par appel Skype, WhattsApp, FaceTime, Signal, Telegram ou Instagram, vous avez de votre c\u00f4t\u00e9 imprim\u00e9 votre carte ou l\u2019avez sur un \u00e9cran. Si vous ne connaissez pas l\u2019astrologie, elle vous semble myst\u00e9rieuse ! Pas de soucis nous allons la comprendre ensemble et vous pourrez poser toutes vos questions. Ce sera un moment partag\u00e9 plein de sens o\u00f9 vous d\u00e9couvrirez le langage symbolique des plan\u00e8tes et \u00e9toiles qui nous entourent et ce que votre enfant s&rsquo;est propos\u00e9 de vivre.<\/p><p>J\u2019enregistre et vous enverrai, apr\u00e8s ce moment, le fichier sonore mp3 : vous pouvez ainsi participer pleinement sans la pr\u00e9occupation de tout noter. Vous pourrez aussi revivre ce moment quand vous le voudrez et le transmettre \u00e0 l&rsquo;enfant quand il aura grandit.<\/p><h3>Vous en parlez : retours &amp; t\u00e9moignages<\/h3><p>\u00ab\u00a0Cette s\u00e9ance d&rsquo;astroparentalit\u00e9 avec Benoit \u00e9tait passionnante. Comme souvent avec quelqu&rsquo;un de pasionn\u00e9 en astrologie et en parentalit\u00e9 ! Engag\u00e9 pour le respect des enfants et des parents, il nous aide \u00e0 changer de regard sur nos forces et nos difficult\u00e9s. Sa force c&rsquo;est vraiment de cr\u00e9er, privil\u00e9gier la connexion et le lien entre nous tous. D&rsquo;une grande bienveillance, l&rsquo;\u00e9couter c&rsquo;est plonger dans notre histoire et se dire que c&rsquo;est un bien beau roman&#8230; je vous le recommande !\u00a0\u00bb<\/p><h3>F. a. q.<\/h3><p><em>\u00ab\u00a0Je suis s\u00e9par\u00e9e du papa et mon enfant est \u00e9lev\u00e9 en partie par mon nouveau compagnon, que faites-vous dans ce cas ?\u00a0\u00bb<\/em><\/p><p>Nous essayons d&rsquo;explorer toutes les interactions de l&rsquo;enfant (parents, beaux-parents, fratrie). Nous verrons ensemble comment faciliter les \u00e9changes en fonction de ce qui complique ou facilite les interactions selon leur caract\u00e8re, leur besoin, leur fa\u00e7on de r\u00e9agir.<\/p><p><em>\u00ab\u00a0Je suis passionn\u00e9e d\u2019astrologie mais le papa moins&#8230;\u00a0\u00bb<\/em><\/p><p>Les caricatures font parfois perdre de vue l\u2019essence de l&rsquo;astrologie : <strong>la mise en lumi\u00e8re bienveillante, par le symbolisme, de notre nature<\/strong>. Et il aborde surement ces questions par d&rsquo;autres entr\u00e9es \u00e0 travers ses discussions, ses lectures&#8230; Vous pourrez vous parler des id\u00e9es abord\u00e9es, cela nourrira vos \u00e9changes, et le papa pourra toujours \u00e9couter le mp3 plus tard si l&rsquo;envie lui vient.<\/p><p><em>\u00ab\u00a0Nous sommes 2 mamans, est-ce que c&rsquo;est ok pour vous ?\u00a0\u00bb<\/em><\/p><p>Tout \u00e0 fait ! Je prends en compte de mon mieux les aspirations Lgbtqia+, les v\u00e9cus de Pma, je suis l\u00e0 pour m&rsquo;adapter et co-cr\u00e9er avec vous.<\/p>\t\t\t\t\t\t<\/div>\n\t\t\t\t<\/div>\n\t\t\t\t\t<\/div>\n\t\t\t\t<\/div>\n\t\t<div class=\"elementor-element elementor-element-a301fd3 e-flex e-con-boxed e-con e-parent\" data-id=\"a301fd3\" data-element_type=\"container\">\n\t\t\t\t\t<div class=\"e-con-inner\">\n\t\t\t\t<div class=\"elementor-element elementor-element-484baef elementor-widget elementor-widget-spacer\" data-id=\"484baef\" data-element_type=\"widget\" data-widget_type=\"spacer.default\">\n\t\t\t\t<div class=\"elementor-widget-container\">\n\t\t\t<style>\/*! elementor - v3.23.0 - 05-08-2024 *\/\n.elementor-column .elementor-spacer-inner{height:var(--spacer-size)}.e-con{--container-widget-width:100%}.e-con-inner>.elementor-widget-spacer,.e-con>.elementor-widget-spacer{width:var(--container-widget-width,var(--spacer-size));--align-self:var(--container-widget-align-self,initial);--flex-shrink:0}.e-con-inner>.elementor-widget-spacer>.elementor-widget-container,.e-con>.elementor-widget-spacer>.elementor-widget-container{height:100%;width:100%}.e-con-inner>.elementor-widget-spacer>.elementor-widget-container>.elementor-spacer,.e-con>.elementor-widget-spacer>.elementor-widget-container>.elementor-spacer{height:100%}.e-con-inner>.elementor-widget-spacer>.elementor-widget-container>.elementor-spacer>.elementor-spacer-inner,.e-con>.elementor-widget-spacer>.elementor-widget-container>.elementor-spacer>.elementor-spacer-inner{height:var(--container-widget-height,var(--spacer-size))}.e-con-inner>.elementor-widget-spacer.elementor-widget-empty,.e-con>.elementor-widget-spacer.elementor-widget-empty{position:relative;min-height:22px;min-width:22px}.e-con-inner>.elementor-widget-spacer.elementor-widget-empty .elementor-widget-empty-icon,.e-con>.elementor-widget-spacer.elementor-widget-empty .elementor-widget-empty-icon{position:absolute;top:0;bottom:0;left:0;right:0;margin:auto;padding:0;width:22px;height:22px}<\/style>\t\t<div class=\"elementor-spacer\">\n\t\t\t<div class=\"elementor-spacer-inner\"><\/div>\n\t\t<\/div>\n\t\t\t\t<\/div>\n\t\t\t\t<\/div>\n\t\t\t\t<div class=\"elementor-element elementor-element-3dce7cb elementor-cta--skin-cover elementor-animated-content elementor-bg-transform elementor-bg-transform-zoom-in elementor-widget elementor-widget-call-to-action\" data-id=\"3dce7cb\" data-element_type=\"widget\" data-widget_type=\"call-to-action.default\">\n\t\t\t\t<div class=\"elementor-widget-container\">\n\t\t\t<link rel=\"stylesheet\" href=\"https:\/\/enfamataya.org\/wp-content\/plugins\/elementor-pro\/assets\/css\/widget-call-to-action.min.css?ver=1724070816\">\t\t<div class=\"elementor-cta\">\n\t\t\t\t\t<div class=\"elementor-cta__bg-wrapper\">\n\t\t\t\t<div class=\"elementor-cta__bg elementor-bg\" style=\"background-image: url(https:\/\/enfamataya.org\/wp-content\/uploads\/astres-et-sens.jpg);\" role=\"img\" aria-label=\"astres-et-sens\"><\/div>\n\t\t\t\t<div class=\"elementor-cta__bg-overlay\"><\/div>\n\t\t\t<\/div>\n\t\t\t\t\t\t\t<div class=\"elementor-cta__content\">\n\t\t\t\t\n\t\t\t\t\t\t\t\t\t<h2 class=\"elementor-cta__title elementor-cta__content-item elementor-content-item elementor-animated-item--grow\">\n\t\t\t\t\t\tdes questions, des id\u00e9es ?\t\t\t\t\t<\/h2>\n\t\t\t\t\n\t\t\t\t\n\t\t\t\t\t\t\t\t\t<div class=\"elementor-cta__button-wrapper elementor-cta__content-item elementor-content-item elementor-animated-item--grow\">\n\t\t\t\t\t<a class=\"elementor-cta__button elementor-button elementor-size-\" href=\"mailto:astres-et-sens@enfamataya.org?subject=%5Bdepuis%20le%20site%20enfamataya%5D%20Ca%20m%20interesse%20:%20Astres%20et%20Parentalit\u00e9\">\n\t\t\t\t\t\tparlons-en\t\t\t\t\t<\/a>\n\t\t\t\t\t<\/div>\n\t\t\t\t\t\t\t<\/div>\n\t\t\t\t\t\t<\/div>\n\t\t\t\t<\/div>\n\t\t\t\t<\/div>\n\t\t\t\t\t<\/div>\n\t\t\t\t<\/div>\n\t\t<div class=\"elementor-element elementor-element-3f38dd2 e-flex e-con-boxed e-con e-parent\" data-id=\"3f38dd2\" data-element_type=\"container\">\n\t\t\t\t\t<div class=\"e-con-inner\">\n\t\t\t\t<div class=\"elementor-element elementor-element-2144e82 elementor-widget elementor-widget-spacer\" data-id=\"2144e82\" data-element_type=\"widget\" data-widget_type=\"spacer.default\">\n\t\t\t\t<div class=\"elementor-widget-container\">\n\t\t\t\t\t<div class=\"elementor-spacer\">\n\t\t\t<div class=\"elementor-spacer-inner\"><\/div>\n\t\t<\/div>\n\t\t\t\t<\/div>\n\t\t\t\t<\/div>\n\t\t\t\t\t<\/div>\n\t\t\t\t<\/div>\n\t\t<div class=\"elementor-element elementor-element-21e2814 e-flex e-con-boxed e-con e-parent\" data-id=\"21e2814\" data-element_type=\"container\">\n\t\t\t\t\t<div class=\"e-con-inner\">\n\t\t\t\t<div class=\"elementor-element elementor-element-3cad885 elementor-widget elementor-widget-text-editor\" data-id=\"3cad885\" data-element_type=\"widget\" data-widget_type=\"text-editor.default\">\n\t\t\t\t<div class=\"elementor-widget-container\">\n\t\t\t\t\t\t\t<blockquote><pre>\"C'est tout au fond de moi, l'envie de voir des r\u00eaves qui tourbillonnent de joie.\" - Hayao Miyazaki<\/pre><\/blockquote>\t\t\t\t\t\t<\/div>\n\t\t\t\t<\/div>\n\t\t\t\t\t<\/div>\n\t\t\t\t<\/div>\n\t\t<div class=\"elementor-element elementor-element-a8b22ba e-flex e-con-boxed e-con e-parent\" data-id=\"a8b22ba\" data-element_type=\"container\">\n\t\t\t\t\t<div class=\"e-con-inner\">\n\t\t\t\t<div class=\"elementor-element elementor-element-70e1b52 elementor-widget elementor-widget-spacer\" data-id=\"70e1b52\" data-element_type=\"widget\" data-widget_type=\"spacer.default\">\n\t\t\t\t<div class=\"elementor-widget-container\">\n\t\t\t\t\t<div class=\"elementor-spacer\">\n\t\t\t<div class=\"elementor-spacer-inner\"><\/div>\n\t\t<\/div>\n\t\t\t\t<\/div>\n\t\t\t\t<\/div>\n\t\t\t\t\t<\/div>\n\t\t\t\t<\/div>\n\t\t<div class=\"elementor-element elementor-element-2c9ec10 e-flex e-con-boxed e-con e-parent\" data-id=\"2c9ec10\" data-element_type=\"container\">\n\t\t\t\t\t<div class=\"e-con-inner\">\n\t\t\t\t<div class=\"elementor-element elementor-element-e83a68c elementor-widget elementor-widget-image\" data-id=\"e83a68c\" data-element_type=\"widget\" data-widget_type=\"image.default\">\n\t\t\t\t<div class=\"elementor-widget-container\">\n\t\t\t\t\t\t\t\t\t\t\t\t\t<img fetchpriority=\"high\" decoding=\"async\" width=\"450\" height=\"450\" src=\"https:\/\/enfamataya.org\/wp-content\/uploads\/Vignette-astro-parentalite.gif\" class=\"attachment-large size-large wp-image-4749\" alt=\"\" \/>\t\t\t\t\t\t\t\t\t\t\t\t\t<\/div>\n\t\t\t\t<\/div>\n\t\t\t\t\t<\/div>\n\t\t\t\t<\/div>\n\t\t\t\t<\/div>\n\t\t","protected":false},"excerpt":{"rendered":"<p>2 heures en appel visio (enregistr\u00e9) avec la Carte du Ciel astrologique de votre enfant \u00e9dit\u00e9e pour lui : un autre langage \u00e0 votre port\u00e9e pour le comprendre.<\/p>\n","protected":false},"author":2,"featured_media":4749,"parent":23,"menu_order":0,"comment_status":"closed","ping_status":"closed","template":"","meta":{"footnotes":""},"class_list":["post-33","page","type-page","status-publish","has-post-thumbnail","hentry"],"yoast_head":"<!-- This site is optimized with the Yoast SEO plugin v26.6 - https:\/\/yoast.com\/wordpress\/plugins\/seo\/ -->\n<title>Astro parentalit\u00e9 - Enfamataya : Arts corporels, symboliques et \u00e9nerg\u00e9tiques<\/title>\n<meta name=\"robots\" content=\"index, follow, max-snippet:-1, max-image-preview:large, max-video-preview:-1\" \/>\n<link rel=\"canonical\" href=\"https:\/\/enfamataya.org\/index.php\/astre-sens\/astro-parentalite\/\" \/>\n<meta property=\"og:locale\" content=\"fr_FR\" \/>\n<meta property=\"og:type\" content=\"article\" \/>\n<meta property=\"og:title\" content=\"Astro parentalit\u00e9 - Enfamataya : Arts corporels, symboliques et \u00e9nerg\u00e9tiques\" \/>\n<meta property=\"og:description\" content=\"2 heures en appel visio (enregistr\u00e9) avec la Carte du Ciel astrologique de votre enfant \u00e9dit\u00e9e pour lui : un autre langage \u00e0 votre port\u00e9e pour le comprendre.\" \/>\n<meta property=\"og:url\" content=\"https:\/\/enfamataya.org\/index.php\/astre-sens\/astro-parentalite\/\" \/>\n<meta property=\"og:site_name\" content=\"Enfamataya : Arts corporels, symboliques et \u00e9nerg\u00e9tiques\" \/>\n<meta property=\"article:publisher\" content=\"https:\/\/facebook.com\/Enfamataya-249667421858356\" \/>\n<meta property=\"article:modified_time\" content=\"2025-12-07T15:04:39+00:00\" \/>\n<meta property=\"og:image\" content=\"https:\/\/enfamataya.org\/wp-content\/uploads\/Vignette-astro-parentalite.gif\" \/>\n\t<meta property=\"og:image:width\" content=\"450\" \/>\n\t<meta property=\"og:image:height\" content=\"450\" \/>\n\t<meta property=\"og:image:type\" content=\"image\/gif\" \/>\n<meta name=\"twitter:card\" content=\"summary_large_image\" \/>\n<meta name=\"twitter:label1\" content=\"Dur\u00e9e de lecture estim\u00e9e\" \/>\n\t<meta name=\"twitter:data1\" content=\"4 minutes\" \/>\n<script type=\"application\/ld+json\" class=\"yoast-schema-graph\">{\"@context\":\"https:\/\/schema.org\",\"@graph\":[{\"@type\":\"WebPage\",\"@id\":\"https:\/\/enfamataya.org\/index.php\/astres-sens\/astro-parentalite\/\",\"url\":\"https:\/\/enfamataya.org\/index.php\/astre-sens\/astro-parentalite\/\",\"name\":\"Astro parentalit\u00e9 - Enfamataya : Arts corporels, symboliques et \u00e9nerg\u00e9tiques\",\"isPartOf\":{\"@id\":\"https:\/\/enfamataya.org\/#website\"},\"primaryImageOfPage\":{\"@id\":\"https:\/\/enfamataya.org\/index.php\/astre-sens\/astro-parentalite\/#primaryimage\"},\"image\":{\"@id\":\"https:\/\/enfamataya.org\/index.php\/astre-sens\/astro-parentalite\/#primaryimage\"},\"thumbnailUrl\":\"https:\/\/enfamataya.org\/wp-content\/uploads\/Vignette-astro-parentalite.gif\",\"datePublished\":\"2023-07-11T15:16:32+00:00\",\"dateModified\":\"2025-12-07T15:04:39+00:00\",\"breadcrumb\":{\"@id\":\"https:\/\/enfamataya.org\/index.php\/astre-sens\/astro-parentalite\/#breadcrumb\"},\"inLanguage\":\"fr-FR\",\"potentialAction\":[{\"@type\":\"ReadAction\",\"target\":[\"https:\/\/enfamataya.org\/index.php\/astre-sens\/astro-parentalite\/\"]}]},{\"@type\":\"ImageObject\",\"inLanguage\":\"fr-FR\",\"@id\":\"https:\/\/enfamataya.org\/index.php\/astre-sens\/astro-parentalite\/#primaryimage\",\"url\":\"https:\/\/enfamataya.org\/wp-content\/uploads\/Vignette-astro-parentalite.gif\",\"contentUrl\":\"https:\/\/enfamataya.org\/wp-content\/uploads\/Vignette-astro-parentalite.gif\",\"width\":450,\"height\":450},{\"@type\":\"BreadcrumbList\",\"@id\":\"https:\/\/enfamataya.org\/index.php\/astre-sens\/astro-parentalite\/#breadcrumb\",\"itemListElement\":[{\"@type\":\"ListItem\",\"position\":1,\"name\":\"Accueil\",\"item\":\"https:\/\/enfamataya.org\/\"},{\"@type\":\"ListItem\",\"position\":2,\"name\":\"Astres &#038; sens\",\"item\":\"https:\/\/enfamataya.org\/index.php\/astres-sens\/\"},{\"@type\":\"ListItem\",\"position\":3,\"name\":\"Astro parentalit\u00e9\"}]},{\"@type\":\"WebSite\",\"@id\":\"https:\/\/enfamataya.org\/#website\",\"url\":\"https:\/\/enfamataya.org\/\",\"name\":\"Enfamataya : Arts corporels, symboliques et \u00e9nerg\u00e9tiques\",\"description\":\"Des formations, de l&#039;accompagnement, des astres et du sens\",\"publisher\":{\"@id\":\"https:\/\/enfamataya.org\/#organization\"},\"potentialAction\":[{\"@type\":\"SearchAction\",\"target\":{\"@type\":\"EntryPoint\",\"urlTemplate\":\"https:\/\/enfamataya.org\/?s={search_term_string}\"},\"query-input\":{\"@type\":\"PropertyValueSpecification\",\"valueRequired\":true,\"valueName\":\"search_term_string\"}}],\"inLanguage\":\"fr-FR\"},{\"@type\":\"Organization\",\"@id\":\"https:\/\/enfamataya.org\/#organization\",\"name\":\"Enfamataya\",\"url\":\"https:\/\/enfamataya.org\/\",\"logo\":{\"@type\":\"ImageObject\",\"inLanguage\":\"fr-FR\",\"@id\":\"https:\/\/enfamataya.org\/#\/schema\/logo\/image\/\",\"url\":\"https:\/\/enfamataya.org\/wp-content\/uploads\/2023\/07\/Logo-TYPOGRAPHIQUE-enfamataya.png\",\"contentUrl\":\"https:\/\/enfamataya.org\/wp-content\/uploads\/2023\/07\/Logo-TYPOGRAPHIQUE-enfamataya.png\",\"width\":1596,\"height\":272,\"caption\":\"Enfamataya\"},\"image\":{\"@id\":\"https:\/\/enfamataya.org\/#\/schema\/logo\/image\/\"},\"sameAs\":[\"https:\/\/facebook.com\/Enfamataya-249667421858356\",\"https:\/\/www.instagram.com\/enfamataya_insta\/\",\"https:\/\/www.youtube.com\/@enfamataya\",\"https:\/\/www.tiktok.com\/@enfamataya\"]}]}<\/script>\n<!-- \/ Yoast SEO plugin. -->","yoast_head_json":{"title":"Astro parentalit\u00e9 - Enfamataya : Arts corporels, symboliques et \u00e9nerg\u00e9tiques","robots":{"index":"index","follow":"follow","max-snippet":"max-snippet:-1","max-image-preview":"max-image-preview:large","max-video-preview":"max-video-preview:-1"},"canonical":"https:\/\/enfamataya.org\/index.php\/astre-sens\/astro-parentalite\/","og_locale":"fr_FR","og_type":"article","og_title":"Astro parentalit\u00e9 - Enfamataya : Arts corporels, symboliques et \u00e9nerg\u00e9tiques","og_description":"2 heures en appel visio (enregistr\u00e9) avec la Carte du Ciel astrologique de votre enfant \u00e9dit\u00e9e pour lui : un autre langage \u00e0 votre port\u00e9e pour le comprendre.","og_url":"https:\/\/enfamataya.org\/index.php\/astre-sens\/astro-parentalite\/","og_site_name":"Enfamataya : Arts corporels, symboliques et \u00e9nerg\u00e9tiques","article_publisher":"https:\/\/facebook.com\/Enfamataya-249667421858356","article_modified_time":"2025-12-07T15:04:39+00:00","og_image":[{"width":450,"height":450,"url":"https:\/\/enfamataya.org\/wp-content\/uploads\/Vignette-astro-parentalite.gif","type":"image\/gif"}],"twitter_card":"summary_large_image","twitter_misc":{"Dur\u00e9e de lecture estim\u00e9e":"4 minutes"},"schema":{"@context":"https:\/\/schema.org","@graph":[{"@type":"WebPage","@id":"https:\/\/enfamataya.org\/index.php\/astres-sens\/astro-parentalite\/","url":"https:\/\/enfamataya.org\/index.php\/astre-sens\/astro-parentalite\/","name":"Astro parentalit\u00e9 - Enfamataya : Arts corporels, symboliques et \u00e9nerg\u00e9tiques","isPartOf":{"@id":"https:\/\/enfamataya.org\/#website"},"primaryImageOfPage":{"@id":"https:\/\/enfamataya.org\/index.php\/astre-sens\/astro-parentalite\/#primaryimage"},"image":{"@id":"https:\/\/enfamataya.org\/index.php\/astre-sens\/astro-parentalite\/#primaryimage"},"thumbnailUrl":"https:\/\/enfamataya.org\/wp-content\/uploads\/Vignette-astro-parentalite.gif","datePublished":"2023-07-11T15:16:32+00:00","dateModified":"2025-12-07T15:04:39+00:00","breadcrumb":{"@id":"https:\/\/enfamataya.org\/index.php\/astre-sens\/astro-parentalite\/#breadcrumb"},"inLanguage":"fr-FR","potentialAction":[{"@type":"ReadAction","target":["https:\/\/enfamataya.org\/index.php\/astre-sens\/astro-parentalite\/"]}]},{"@type":"ImageObject","inLanguage":"fr-FR","@id":"https:\/\/enfamataya.org\/index.php\/astre-sens\/astro-parentalite\/#primaryimage","url":"https:\/\/enfamataya.org\/wp-content\/uploads\/Vignette-astro-parentalite.gif","contentUrl":"https:\/\/enfamataya.org\/wp-content\/uploads\/Vignette-astro-parentalite.gif","width":450,"height":450},{"@type":"BreadcrumbList","@id":"https:\/\/enfamataya.org\/index.php\/astre-sens\/astro-parentalite\/#breadcrumb","itemListElement":[{"@type":"ListItem","position":1,"name":"Accueil","item":"https:\/\/enfamataya.org\/"},{"@type":"ListItem","position":2,"name":"Astres &#038; sens","item":"https:\/\/enfamataya.org\/index.php\/astres-sens\/"},{"@type":"ListItem","position":3,"name":"Astro parentalit\u00e9"}]},{"@type":"WebSite","@id":"https:\/\/enfamataya.org\/#website","url":"https:\/\/enfamataya.org\/","name":"Enfamataya : Arts corporels, symboliques et \u00e9nerg\u00e9tiques","description":"Des formations, de l&#039;accompagnement, des astres et du sens","publisher":{"@id":"https:\/\/enfamataya.org\/#organization"},"potentialAction":[{"@type":"SearchAction","target":{"@type":"EntryPoint","urlTemplate":"https:\/\/enfamataya.org\/?s={search_term_string}"},"query-input":{"@type":"PropertyValueSpecification","valueRequired":true,"valueName":"search_term_string"}}],"inLanguage":"fr-FR"},{"@type":"Organization","@id":"https:\/\/enfamataya.org\/#organization","name":"Enfamataya","url":"https:\/\/enfamataya.org\/","logo":{"@type":"ImageObject","inLanguage":"fr-FR","@id":"https:\/\/enfamataya.org\/#\/schema\/logo\/image\/","url":"https:\/\/enfamataya.org\/wp-content\/uploads\/2023\/07\/Logo-TYPOGRAPHIQUE-enfamataya.png","contentUrl":"https:\/\/enfamataya.org\/wp-content\/uploads\/2023\/07\/Logo-TYPOGRAPHIQUE-enfamataya.png","width":1596,"height":272,"caption":"Enfamataya"},"image":{"@id":"https:\/\/enfamataya.org\/#\/schema\/logo\/image\/"},"sameAs":["https:\/\/facebook.com\/Enfamataya-249667421858356","https:\/\/www.instagram.com\/enfamataya_insta\/","https:\/\/www.youtube.com\/@enfamataya","https:\/\/www.tiktok.com\/@enfamataya"]}]}},"_links":{"self":[{"href":"https:\/\/enfamataya.org\/index.php\/wp-json\/wp\/v2\/pages\/33","targetHints":{"allow":["GET"]}}],"collection":[{"href":"https:\/\/enfamataya.org\/index.php\/wp-json\/wp\/v2\/pages"}],"about":[{"href":"https:\/\/enfamataya.org\/index.php\/wp-json\/wp\/v2\/types\/page"}],"author":[{"embeddable":true,"href":"https:\/\/enfamataya.org\/index.php\/wp-json\/wp\/v2\/users\/2"}],"replies":[{"embeddable":true,"href":"https:\/\/enfamataya.org\/index.php\/wp-json\/wp\/v2\/comments?post=33"}],"version-history":[{"count":40,"href":"https:\/\/enfamataya.org\/index.php\/wp-json\/wp\/v2\/pages\/33\/revisions"}],"predecessor-version":[{"id":7843,"href":"https:\/\/enfamataya.org\/index.php\/wp-json\/wp\/v2\/pages\/33\/revisions\/7843"}],"up":[{"embeddable":true,"href":"https:\/\/enfamataya.org\/index.php\/wp-json\/wp\/v2\/pages\/23"}],"wp:featuredmedia":[{"embeddable":true,"href":"https:\/\/enfamataya.org\/index.php\/wp-json\/wp\/v2\/media\/4749"}],"wp:attachment":[{"href":"https:\/\/enfamataya.org\/index.php\/wp-json\/wp\/v2\/media?parent=33"}],"curies":[{"name":"wp","href":"https:\/\/api.w.org\/{rel}","templated":true}]}}