{"id":34,"date":"2023-07-11T15:16:32","date_gmt":"2023-07-11T15:16:32","guid":{"rendered":"http:\/\/192.168.1.200\/?page_id=34"},"modified":"2025-11-13T15:33:23","modified_gmt":"2025-11-13T14:33:23","slug":"revolution-solaire","status":"publish","type":"page","link":"https:\/\/enfamataya.org\/index.php\/astres-sens\/revolution-solaire\/","title":{"rendered":"R\u00e9volution solaire"},"content":{"rendered":"\t\t<div data-elementor-type=\"wp-page\" data-elementor-id=\"34\" class=\"elementor elementor-34\" data-elementor-post-type=\"page\">\n\t\t\t\t<div class=\"elementor-element elementor-element-0112bf0 e-flex e-con-boxed e-con e-parent\" data-id=\"0112bf0\" data-element_type=\"container\">\n\t\t\t\t\t<div class=\"e-con-inner\">\n\t\t\t\t<div class=\"elementor-element elementor-element-378cb88 elementor-widget elementor-widget-spacer\" data-id=\"378cb88\" data-element_type=\"widget\" data-widget_type=\"spacer.default\">\n\t\t\t\t<div class=\"elementor-widget-container\">\n\t\t\t<style>\/*! elementor - v3.23.0 - 05-08-2024 *\/\n.elementor-column .elementor-spacer-inner{height:var(--spacer-size)}.e-con{--container-widget-width:100%}.e-con-inner>.elementor-widget-spacer,.e-con>.elementor-widget-spacer{width:var(--container-widget-width,var(--spacer-size));--align-self:var(--container-widget-align-self,initial);--flex-shrink:0}.e-con-inner>.elementor-widget-spacer>.elementor-widget-container,.e-con>.elementor-widget-spacer>.elementor-widget-container{height:100%;width:100%}.e-con-inner>.elementor-widget-spacer>.elementor-widget-container>.elementor-spacer,.e-con>.elementor-widget-spacer>.elementor-widget-container>.elementor-spacer{height:100%}.e-con-inner>.elementor-widget-spacer>.elementor-widget-container>.elementor-spacer>.elementor-spacer-inner,.e-con>.elementor-widget-spacer>.elementor-widget-container>.elementor-spacer>.elementor-spacer-inner{height:var(--container-widget-height,var(--spacer-size))}.e-con-inner>.elementor-widget-spacer.elementor-widget-empty,.e-con>.elementor-widget-spacer.elementor-widget-empty{position:relative;min-height:22px;min-width:22px}.e-con-inner>.elementor-widget-spacer.elementor-widget-empty .elementor-widget-empty-icon,.e-con>.elementor-widget-spacer.elementor-widget-empty .elementor-widget-empty-icon{position:absolute;top:0;bottom:0;left:0;right:0;margin:auto;padding:0;width:22px;height:22px}<\/style>\t\t<div class=\"elementor-spacer\">\n\t\t\t<div class=\"elementor-spacer-inner\"><\/div>\n\t\t<\/div>\n\t\t\t\t<\/div>\n\t\t\t\t<\/div>\n\t\t\t\t\t<\/div>\n\t\t\t\t<\/div>\n\t\t<div class=\"elementor-element elementor-element-94ea2bb e-flex e-con-boxed e-con e-parent\" data-id=\"94ea2bb\" data-element_type=\"container\">\n\t\t\t\t\t<div class=\"e-con-inner\">\n\t\t\t\t<div class=\"elementor-element elementor-element-8774e9e elementor-widget elementor-widget-text-editor\" data-id=\"8774e9e\" data-element_type=\"widget\" data-widget_type=\"text-editor.default\">\n\t\t\t\t<div class=\"elementor-widget-container\">\n\t\t\t<style>\/*! elementor - v3.23.0 - 05-08-2024 *\/\n.elementor-widget-text-editor.elementor-drop-cap-view-stacked .elementor-drop-cap{background-color:#69727d;color:#fff}.elementor-widget-text-editor.elementor-drop-cap-view-framed .elementor-drop-cap{color:#69727d;border:3px solid;background-color:transparent}.elementor-widget-text-editor:not(.elementor-drop-cap-view-default) .elementor-drop-cap{margin-top:8px}.elementor-widget-text-editor:not(.elementor-drop-cap-view-default) .elementor-drop-cap-letter{width:1em;height:1em}.elementor-widget-text-editor .elementor-drop-cap{float:left;text-align:center;line-height:1;font-size:50px}.elementor-widget-text-editor .elementor-drop-cap-letter{display:inline-block}<\/style>\t\t\t\t<p>R\u00e9volution Solaire<\/p>\t\t\t\t\t\t<\/div>\n\t\t\t\t<\/div>\n\t\t\t\t\t<\/div>\n\t\t\t\t<\/div>\n\t\t<div class=\"elementor-element elementor-element-e0c202f e-flex e-con-boxed e-con e-parent\" data-id=\"e0c202f\" data-element_type=\"container\">\n\t\t\t\t\t<div class=\"e-con-inner\">\n\t\t\t\t<div class=\"elementor-element elementor-element-70fec77 elementor-widget elementor-widget-text-editor\" data-id=\"70fec77\" data-element_type=\"widget\" data-widget_type=\"text-editor.default\">\n\t\t\t\t<div class=\"elementor-widget-container\">\n\t\t\t\t\t\t\t<h3>Une ann\u00e9e pour vous \u00e9panouir ?<\/h3><p>La R\u00e9volution Solaire est l&rsquo;\u00e9tude d&rsquo;une Carte du Ciel diff\u00e9rente de celle de votre naissance : celle de votre ann\u00e9e. Tous les ans, au moment de votre anniversaire (la veille, le jour m\u00eame ou le lendemain, cela se calcule), le Soleil revient \u00e0 la position o\u00f9 il se trouvait quand vous \u00eates venu.e au monde.<\/p><p>Cette configuration va nous permettre de r\u00e9pondre \u00e0 quelques questions importantes : \u00e0 quoi se pr\u00eate votre ann\u00e9e ? Par quel bout la prendre ? Comment vous positionner ? Quels projets ou aspects de votre vie faire passer en priorit\u00e9 pour en faire une ann\u00e9e merveilleuse et fructueuse ?<\/p>\t\t\t\t\t\t<\/div>\n\t\t\t\t<\/div>\n\t\t\t\t\t<\/div>\n\t\t\t\t<\/div>\n\t\t<div class=\"elementor-element elementor-element-eccc601 e-flex e-con-boxed e-con e-parent\" data-id=\"eccc601\" data-element_type=\"container\">\n\t\t\t\t\t<div class=\"e-con-inner\">\n\t\t\t\t<div class=\"elementor-element elementor-element-1c5f260 elementor-widget elementor-widget-text-editor\" data-id=\"1c5f260\" data-element_type=\"widget\" data-widget_type=\"text-editor.default\">\n\t\t\t\t<div class=\"elementor-widget-container\">\n\t\t\t\t\t\t\t<h3>Pr\u00e9paration de ce moment<\/h3><p>Vous recherchez votre heure de naissance pr\u00e9cise (acte de naissance obtenu gratuitement en moins d&rsquo;une semaine par simple demande sur le site www.service-public.fr) et me la communiquez avec votre date et lieu de naissance. J&rsquo;aurais aussi besoin de savoir o\u00f9 vous vous trouverez (ou trouviez) lors de votre anniversaire, comme pour la naissance, le lieu est important. Je vais ainsi pouvoir dessiner la Carte du Ciel de votre ann\u00e9e. Je vous l&rsquo;envoie alors par mail et l&rsquo;\u00e9tudie de mon c\u00f4t\u00e9. Vous pouvez si vous le d\u00e9sirez me d\u00e9crire par \u00e9crit votre moment de vie, vos d\u00e9fis et des consid\u00e9rations qui vous semblent importantes. Vous m&rsquo;adressez par virement ou ch\u00e8que la participation financi\u00e8re de 60\u20ac et nous prenons rendez-vous (je r\u00e9serve de nombreux cr\u00e9neaux en semaine et week-end pour trouver facilement une date).<\/p><h3>Le moment de plong\u00e9e dans votre astrologie d&rsquo;ann\u00e9e<strong><br \/><\/strong><\/h3><p>Nous nous retrouvons par appel Skype, WhattsApp, FaceTime, Signal, Telegram ou Instagram, vous avez de votre c\u00f4t\u00e9 imprim\u00e9 votre carte ou l&rsquo;avez sur un \u00e9cran. Nous allons pouvoir comprendre ensemble ce pourquoi est faite cette ann\u00e9e !<\/p><p>J&rsquo;enregistre cette heure et vous enverrai, apr\u00e8s ce moment, le fichier sonore mp3 : vous pouvez ainsi participer pleinement sans la pr\u00e9occupation de tout noter.<\/p>\t\t\t\t\t\t<\/div>\n\t\t\t\t<\/div>\n\t\t\t\t\t<\/div>\n\t\t\t\t<\/div>\n\t\t<div class=\"elementor-element elementor-element-75ad3dc e-flex e-con-boxed e-con e-parent\" data-id=\"75ad3dc\" data-element_type=\"container\">\n\t\t\t\t\t<div class=\"e-con-inner\">\n\t\t\t\t<div class=\"elementor-element elementor-element-b927c03 elementor-widget elementor-widget-text-editor\" data-id=\"b927c03\" data-element_type=\"widget\" data-widget_type=\"text-editor.default\">\n\t\t\t\t<div class=\"elementor-widget-container\">\n\t\t\t\t\t\t\t<h2>Vous en parlez : retours &amp; t\u00e9moignages\u00a0<\/h2><p align=\"justify\">\u00ab\u00a0j&rsquo;aime bien le syst\u00e8me de pouvoir reecouter parce que c&rsquo;est quand m\u00eame tr\u00e8s dense. Au cours de l&rsquo;ann\u00e9e j&rsquo;aime bien le reecouter et je me dis ah c&rsquo;est vrai j&rsquo;ai pas essayer de me diriger par ci ou par l\u00e0, \u00e7a fait des piliers de soutien, des petites impulsions au cours de l&rsquo;ann\u00e9e qui font du bien\u00a0\u00bb<\/p><p align=\"justify\">\u00ab\u00a0Enorme merci pour avoir fait ma \u00ab\u00a0r\u00e9volution solaire\u00a0\u00bb 2020 Carte du ciel bas\u00e9 sur une astrologie cr\u00e9ative, le rdv dure 1h par WhatsApp, rendu tr\u00e8s juste et qui m&rsquo;a apport\u00e9e des \u00e9l\u00e9ments concrets sur mes projets pro et perso\u00a0\u00bb<\/p><p align=\"justify\">\u00a0<\/p>\t\t\t\t\t\t<\/div>\n\t\t\t\t<\/div>\n\t\t\t\t\t<\/div>\n\t\t\t\t<\/div>\n\t\t<div class=\"elementor-element elementor-element-fb803d8 e-flex e-con-boxed e-con e-parent\" data-id=\"fb803d8\" data-element_type=\"container\">\n\t\t\t\t\t<div class=\"e-con-inner\">\n\t\t\t\t<div class=\"elementor-element elementor-element-591817a elementor-widget elementor-widget-spacer\" data-id=\"591817a\" data-element_type=\"widget\" data-widget_type=\"spacer.default\">\n\t\t\t\t<div class=\"elementor-widget-container\">\n\t\t\t\t\t<div class=\"elementor-spacer\">\n\t\t\t<div class=\"elementor-spacer-inner\"><\/div>\n\t\t<\/div>\n\t\t\t\t<\/div>\n\t\t\t\t<\/div>\n\t\t\t\t<div class=\"elementor-element elementor-element-a1ea9bc elementor-cta--skin-cover elementor-animated-content elementor-bg-transform elementor-bg-transform-zoom-in elementor-widget elementor-widget-call-to-action\" data-id=\"a1ea9bc\" data-element_type=\"widget\" data-widget_type=\"call-to-action.default\">\n\t\t\t\t<div class=\"elementor-widget-container\">\n\t\t\t<link rel=\"stylesheet\" href=\"https:\/\/enfamataya.org\/wp-content\/plugins\/elementor-pro\/assets\/css\/widget-call-to-action.min.css?ver=1724070816\">\t\t<div class=\"elementor-cta\">\n\t\t\t\t\t<div class=\"elementor-cta__bg-wrapper\">\n\t\t\t\t<div class=\"elementor-cta__bg elementor-bg\" style=\"background-image: url(https:\/\/enfamataya.org\/wp-content\/uploads\/astres-et-sens.jpg);\" role=\"img\" aria-label=\"astres-et-sens\"><\/div>\n\t\t\t\t<div class=\"elementor-cta__bg-overlay\"><\/div>\n\t\t\t<\/div>\n\t\t\t\t\t\t\t<div class=\"elementor-cta__content\">\n\t\t\t\t\n\t\t\t\t\t\t\t\t\t<h2 class=\"elementor-cta__title elementor-cta__content-item elementor-content-item elementor-animated-item--grow\">\n\t\t\t\t\t\tdes questions, des id\u00e9es ?\t\t\t\t\t<\/h2>\n\t\t\t\t\n\t\t\t\t\n\t\t\t\t\t\t\t\t\t<div class=\"elementor-cta__button-wrapper elementor-cta__content-item elementor-content-item elementor-animated-item--grow\">\n\t\t\t\t\t<a class=\"elementor-cta__button elementor-button elementor-size-\" href=\"mailto:astres-et-sens@enfamataya.org?subject=%5Bdepuis%20le%20site%20enfamataya%5D%20Ca%20m%20interesse%20:%20Revolution%20Solaire\">\n\t\t\t\t\t\tparlons-en\t\t\t\t\t<\/a>\n\t\t\t\t\t<\/div>\n\t\t\t\t\t\t\t<\/div>\n\t\t\t\t\t\t<\/div>\n\t\t\t\t<\/div>\n\t\t\t\t<\/div>\n\t\t\t\t\t<\/div>\n\t\t\t\t<\/div>\n\t\t<div class=\"elementor-element elementor-element-37dc4d8 e-flex e-con-boxed e-con e-parent\" data-id=\"37dc4d8\" data-element_type=\"container\">\n\t\t\t\t\t<div class=\"e-con-inner\">\n\t\t\t\t<div class=\"elementor-element elementor-element-966afa5 elementor-widget elementor-widget-spacer\" data-id=\"966afa5\" data-element_type=\"widget\" data-widget_type=\"spacer.default\">\n\t\t\t\t<div class=\"elementor-widget-container\">\n\t\t\t\t\t<div class=\"elementor-spacer\">\n\t\t\t<div class=\"elementor-spacer-inner\"><\/div>\n\t\t<\/div>\n\t\t\t\t<\/div>\n\t\t\t\t<\/div>\n\t\t\t\t\t<\/div>\n\t\t\t\t<\/div>\n\t\t\t\t<\/div>\n\t\t","protected":false},"excerpt":{"rendered":"<p>R\u00e9volution Solaire Une ann\u00e9e pour vous \u00e9panouir ? La R\u00e9volution Solaire est l&rsquo;\u00e9tude d&rsquo;une Carte du Ciel diff\u00e9rente de celle de votre naissance : celle de votre ann\u00e9e. Tous les ans, au moment de votre anniversaire (la veille, le jour m\u00eame ou le lendemain, cela se calcule), le Soleil revient \u00e0 la position o\u00f9 il [&hellip;]<\/p>\n","protected":false},"author":2,"featured_media":0,"parent":23,"menu_order":0,"comment_status":"closed","ping_status":"closed","template":"","meta":{"footnotes":""},"class_list":["post-34","page","type-page","status-publish","hentry"],"yoast_head":"<!-- This site is optimized with the Yoast SEO plugin v26.6 - https:\/\/yoast.com\/wordpress\/plugins\/seo\/ -->\n<title>R\u00e9volution solaire - Enfamataya : Arts corporels, symboliques et \u00e9nerg\u00e9tiques<\/title>\n<meta name=\"robots\" content=\"index, follow, max-snippet:-1, max-image-preview:large, max-video-preview:-1\" \/>\n<link rel=\"canonical\" href=\"https:\/\/enfamataya.org\/index.php\/astre-sens\/revolution-solaire\/\" \/>\n<meta property=\"og:locale\" content=\"fr_FR\" \/>\n<meta property=\"og:type\" content=\"article\" \/>\n<meta property=\"og:title\" content=\"R\u00e9volution solaire - Enfamataya : Arts corporels, symboliques et \u00e9nerg\u00e9tiques\" \/>\n<meta property=\"og:description\" content=\"R\u00e9volution Solaire Une ann\u00e9e pour vous \u00e9panouir ? La R\u00e9volution Solaire est l&rsquo;\u00e9tude d&rsquo;une Carte du Ciel diff\u00e9rente de celle de votre naissance : celle de votre ann\u00e9e. Tous les ans, au moment de votre anniversaire (la veille, le jour m\u00eame ou le lendemain, cela se calcule), le Soleil revient \u00e0 la position o\u00f9 il [&hellip;]\" \/>\n<meta property=\"og:url\" content=\"https:\/\/enfamataya.org\/index.php\/astre-sens\/revolution-solaire\/\" \/>\n<meta property=\"og:site_name\" content=\"Enfamataya : Arts corporels, symboliques et \u00e9nerg\u00e9tiques\" \/>\n<meta property=\"article:publisher\" content=\"https:\/\/facebook.com\/Enfamataya-249667421858356\" \/>\n<meta property=\"article:modified_time\" content=\"2025-11-13T14:33:23+00:00\" \/>\n<meta name=\"twitter:card\" content=\"summary_large_image\" \/>\n<meta name=\"twitter:label1\" content=\"Dur\u00e9e de lecture estim\u00e9e\" \/>\n\t<meta name=\"twitter:data1\" content=\"3 minutes\" \/>\n<script type=\"application\/ld+json\" class=\"yoast-schema-graph\">{\"@context\":\"https:\/\/schema.org\",\"@graph\":[{\"@type\":\"WebPage\",\"@id\":\"https:\/\/enfamataya.org\/index.php\/astres-sens\/revolution-solaire\/\",\"url\":\"https:\/\/enfamataya.org\/index.php\/astre-sens\/revolution-solaire\/\",\"name\":\"R\u00e9volution solaire - Enfamataya : Arts corporels, symboliques et \u00e9nerg\u00e9tiques\",\"isPartOf\":{\"@id\":\"https:\/\/enfamataya.org\/#website\"},\"datePublished\":\"2023-07-11T15:16:32+00:00\",\"dateModified\":\"2025-11-13T14:33:23+00:00\",\"breadcrumb\":{\"@id\":\"https:\/\/enfamataya.org\/index.php\/astre-sens\/revolution-solaire\/#breadcrumb\"},\"inLanguage\":\"fr-FR\",\"potentialAction\":[{\"@type\":\"ReadAction\",\"target\":[\"https:\/\/enfamataya.org\/index.php\/astre-sens\/revolution-solaire\/\"]}]},{\"@type\":\"BreadcrumbList\",\"@id\":\"https:\/\/enfamataya.org\/index.php\/astre-sens\/revolution-solaire\/#breadcrumb\",\"itemListElement\":[{\"@type\":\"ListItem\",\"position\":1,\"name\":\"Accueil\",\"item\":\"https:\/\/enfamataya.org\/\"},{\"@type\":\"ListItem\",\"position\":2,\"name\":\"Astres &#038; sens\",\"item\":\"https:\/\/enfamataya.org\/index.php\/astres-sens\/\"},{\"@type\":\"ListItem\",\"position\":3,\"name\":\"R\u00e9volution solaire\"}]},{\"@type\":\"WebSite\",\"@id\":\"https:\/\/enfamataya.org\/#website\",\"url\":\"https:\/\/enfamataya.org\/\",\"name\":\"Enfamataya : Arts corporels, symboliques et \u00e9nerg\u00e9tiques\",\"description\":\"Des formations, de l&#039;accompagnement, des astres et du sens\",\"publisher\":{\"@id\":\"https:\/\/enfamataya.org\/#organization\"},\"potentialAction\":[{\"@type\":\"SearchAction\",\"target\":{\"@type\":\"EntryPoint\",\"urlTemplate\":\"https:\/\/enfamataya.org\/?s={search_term_string}\"},\"query-input\":{\"@type\":\"PropertyValueSpecification\",\"valueRequired\":true,\"valueName\":\"search_term_string\"}}],\"inLanguage\":\"fr-FR\"},{\"@type\":\"Organization\",\"@id\":\"https:\/\/enfamataya.org\/#organization\",\"name\":\"Enfamataya\",\"url\":\"https:\/\/enfamataya.org\/\",\"logo\":{\"@type\":\"ImageObject\",\"inLanguage\":\"fr-FR\",\"@id\":\"https:\/\/enfamataya.org\/#\/schema\/logo\/image\/\",\"url\":\"https:\/\/enfamataya.org\/wp-content\/uploads\/2023\/07\/Logo-TYPOGRAPHIQUE-enfamataya.png\",\"contentUrl\":\"https:\/\/enfamataya.org\/wp-content\/uploads\/2023\/07\/Logo-TYPOGRAPHIQUE-enfamataya.png\",\"width\":1596,\"height\":272,\"caption\":\"Enfamataya\"},\"image\":{\"@id\":\"https:\/\/enfamataya.org\/#\/schema\/logo\/image\/\"},\"sameAs\":[\"https:\/\/facebook.com\/Enfamataya-249667421858356\",\"https:\/\/www.instagram.com\/enfamataya_insta\/\",\"https:\/\/www.youtube.com\/@enfamataya\",\"https:\/\/www.tiktok.com\/@enfamataya\"]}]}<\/script>\n<!-- \/ Yoast SEO plugin. -->","yoast_head_json":{"title":"R\u00e9volution solaire - Enfamataya : Arts corporels, symboliques et \u00e9nerg\u00e9tiques","robots":{"index":"index","follow":"follow","max-snippet":"max-snippet:-1","max-image-preview":"max-image-preview:large","max-video-preview":"max-video-preview:-1"},"canonical":"https:\/\/enfamataya.org\/index.php\/astre-sens\/revolution-solaire\/","og_locale":"fr_FR","og_type":"article","og_title":"R\u00e9volution solaire - Enfamataya : Arts corporels, symboliques et \u00e9nerg\u00e9tiques","og_description":"R\u00e9volution Solaire Une ann\u00e9e pour vous \u00e9panouir ? La R\u00e9volution Solaire est l&rsquo;\u00e9tude d&rsquo;une Carte du Ciel diff\u00e9rente de celle de votre naissance : celle de votre ann\u00e9e. Tous les ans, au moment de votre anniversaire (la veille, le jour m\u00eame ou le lendemain, cela se calcule), le Soleil revient \u00e0 la position o\u00f9 il [&hellip;]","og_url":"https:\/\/enfamataya.org\/index.php\/astre-sens\/revolution-solaire\/","og_site_name":"Enfamataya : Arts corporels, symboliques et \u00e9nerg\u00e9tiques","article_publisher":"https:\/\/facebook.com\/Enfamataya-249667421858356","article_modified_time":"2025-11-13T14:33:23+00:00","twitter_card":"summary_large_image","twitter_misc":{"Dur\u00e9e de lecture estim\u00e9e":"3 minutes"},"schema":{"@context":"https:\/\/schema.org","@graph":[{"@type":"WebPage","@id":"https:\/\/enfamataya.org\/index.php\/astres-sens\/revolution-solaire\/","url":"https:\/\/enfamataya.org\/index.php\/astre-sens\/revolution-solaire\/","name":"R\u00e9volution solaire - Enfamataya : Arts corporels, symboliques et \u00e9nerg\u00e9tiques","isPartOf":{"@id":"https:\/\/enfamataya.org\/#website"},"datePublished":"2023-07-11T15:16:32+00:00","dateModified":"2025-11-13T14:33:23+00:00","breadcrumb":{"@id":"https:\/\/enfamataya.org\/index.php\/astre-sens\/revolution-solaire\/#breadcrumb"},"inLanguage":"fr-FR","potentialAction":[{"@type":"ReadAction","target":["https:\/\/enfamataya.org\/index.php\/astre-sens\/revolution-solaire\/"]}]},{"@type":"BreadcrumbList","@id":"https:\/\/enfamataya.org\/index.php\/astre-sens\/revolution-solaire\/#breadcrumb","itemListElement":[{"@type":"ListItem","position":1,"name":"Accueil","item":"https:\/\/enfamataya.org\/"},{"@type":"ListItem","position":2,"name":"Astres &#038; sens","item":"https:\/\/enfamataya.org\/index.php\/astres-sens\/"},{"@type":"ListItem","position":3,"name":"R\u00e9volution solaire"}]},{"@type":"WebSite","@id":"https:\/\/enfamataya.org\/#website","url":"https:\/\/enfamataya.org\/","name":"Enfamataya : Arts corporels, symboliques et \u00e9nerg\u00e9tiques","description":"Des formations, de l&#039;accompagnement, des astres et du sens","publisher":{"@id":"https:\/\/enfamataya.org\/#organization"},"potentialAction":[{"@type":"SearchAction","target":{"@type":"EntryPoint","urlTemplate":"https:\/\/enfamataya.org\/?s={search_term_string}"},"query-input":{"@type":"PropertyValueSpecification","valueRequired":true,"valueName":"search_term_string"}}],"inLanguage":"fr-FR"},{"@type":"Organization","@id":"https:\/\/enfamataya.org\/#organization","name":"Enfamataya","url":"https:\/\/enfamataya.org\/","logo":{"@type":"ImageObject","inLanguage":"fr-FR","@id":"https:\/\/enfamataya.org\/#\/schema\/logo\/image\/","url":"https:\/\/enfamataya.org\/wp-content\/uploads\/2023\/07\/Logo-TYPOGRAPHIQUE-enfamataya.png","contentUrl":"https:\/\/enfamataya.org\/wp-content\/uploads\/2023\/07\/Logo-TYPOGRAPHIQUE-enfamataya.png","width":1596,"height":272,"caption":"Enfamataya"},"image":{"@id":"https:\/\/enfamataya.org\/#\/schema\/logo\/image\/"},"sameAs":["https:\/\/facebook.com\/Enfamataya-249667421858356","https:\/\/www.instagram.com\/enfamataya_insta\/","https:\/\/www.youtube.com\/@enfamataya","https:\/\/www.tiktok.com\/@enfamataya"]}]}},"_links":{"self":[{"href":"https:\/\/enfamataya.org\/index.php\/wp-json\/wp\/v2\/pages\/34","targetHints":{"allow":["GET"]}}],"collection":[{"href":"https:\/\/enfamataya.org\/index.php\/wp-json\/wp\/v2\/pages"}],"about":[{"href":"https:\/\/enfamataya.org\/index.php\/wp-json\/wp\/v2\/types\/page"}],"author":[{"embeddable":true,"href":"https:\/\/enfamataya.org\/index.php\/wp-json\/wp\/v2\/users\/2"}],"replies":[{"embeddable":true,"href":"https:\/\/enfamataya.org\/index.php\/wp-json\/wp\/v2\/comments?post=34"}],"version-history":[{"count":25,"href":"https:\/\/enfamataya.org\/index.php\/wp-json\/wp\/v2\/pages\/34\/revisions"}],"predecessor-version":[{"id":7770,"href":"https:\/\/enfamataya.org\/index.php\/wp-json\/wp\/v2\/pages\/34\/revisions\/7770"}],"up":[{"embeddable":true,"href":"https:\/\/enfamataya.org\/index.php\/wp-json\/wp\/v2\/pages\/23"}],"wp:attachment":[{"href":"https:\/\/enfamataya.org\/index.php\/wp-json\/wp\/v2\/media?parent=34"}],"curies":[{"name":"wp","href":"https:\/\/api.w.org\/{rel}","templated":true}]}}