{"id":4554,"date":"2024-07-23T11:11:18","date_gmt":"2024-07-23T11:11:18","guid":{"rendered":"http:\/\/192.168.1.200\/?page_id=4554"},"modified":"2025-12-07T16:06:23","modified_gmt":"2025-12-07T15:06:23","slug":"plongee-vie-passee","status":"publish","type":"page","link":"https:\/\/enfamataya.org\/index.php\/astres-sens\/plongee-vie-passee\/","title":{"rendered":"Plong\u00e9e Vie Pass\u00e9e"},"content":{"rendered":"\t\t<div data-elementor-type=\"wp-page\" data-elementor-id=\"4554\" class=\"elementor elementor-4554\" data-elementor-post-type=\"page\">\n\t\t\t\t<div class=\"elementor-element elementor-element-542360f e-flex e-con-boxed e-con e-parent\" data-id=\"542360f\" data-element_type=\"container\">\n\t\t\t\t\t<div class=\"e-con-inner\">\n\t\t\t\t<div class=\"elementor-element elementor-element-ac23419 elementor-widget elementor-widget-spacer\" data-id=\"ac23419\" data-element_type=\"widget\" data-widget_type=\"spacer.default\">\n\t\t\t\t<div class=\"elementor-widget-container\">\n\t\t\t<style>\/*! elementor - v3.23.0 - 05-08-2024 *\/\n.elementor-column .elementor-spacer-inner{height:var(--spacer-size)}.e-con{--container-widget-width:100%}.e-con-inner>.elementor-widget-spacer,.e-con>.elementor-widget-spacer{width:var(--container-widget-width,var(--spacer-size));--align-self:var(--container-widget-align-self,initial);--flex-shrink:0}.e-con-inner>.elementor-widget-spacer>.elementor-widget-container,.e-con>.elementor-widget-spacer>.elementor-widget-container{height:100%;width:100%}.e-con-inner>.elementor-widget-spacer>.elementor-widget-container>.elementor-spacer,.e-con>.elementor-widget-spacer>.elementor-widget-container>.elementor-spacer{height:100%}.e-con-inner>.elementor-widget-spacer>.elementor-widget-container>.elementor-spacer>.elementor-spacer-inner,.e-con>.elementor-widget-spacer>.elementor-widget-container>.elementor-spacer>.elementor-spacer-inner{height:var(--container-widget-height,var(--spacer-size))}.e-con-inner>.elementor-widget-spacer.elementor-widget-empty,.e-con>.elementor-widget-spacer.elementor-widget-empty{position:relative;min-height:22px;min-width:22px}.e-con-inner>.elementor-widget-spacer.elementor-widget-empty .elementor-widget-empty-icon,.e-con>.elementor-widget-spacer.elementor-widget-empty .elementor-widget-empty-icon{position:absolute;top:0;bottom:0;left:0;right:0;margin:auto;padding:0;width:22px;height:22px}<\/style>\t\t<div class=\"elementor-spacer\">\n\t\t\t<div class=\"elementor-spacer-inner\"><\/div>\n\t\t<\/div>\n\t\t\t\t<\/div>\n\t\t\t\t<\/div>\n\t\t\t\t<div class=\"elementor-element elementor-element-5cd1899 elementor-widget elementor-widget-image\" data-id=\"5cd1899\" data-element_type=\"widget\" data-widget_type=\"image.default\">\n\t\t\t\t<div class=\"elementor-widget-container\">\n\t\t\t<style>\/*! elementor - v3.23.0 - 05-08-2024 *\/\n.elementor-widget-image{text-align:center}.elementor-widget-image a{display:inline-block}.elementor-widget-image a img[src$=\".svg\"]{width:48px}.elementor-widget-image img{vertical-align:middle;display:inline-block}<\/style>\t\t\t\t\t\t\t\t\t\t<img fetchpriority=\"high\" decoding=\"async\" width=\"450\" height=\"450\" src=\"https:\/\/enfamataya.org\/wp-content\/uploads\/vignette-plongee-vie-passee-450px.jpg\" class=\"attachment-large size-large wp-image-7625\" alt=\"\" srcset=\"https:\/\/enfamataya.org\/wp-content\/uploads\/vignette-plongee-vie-passee-450px.jpg 450w, https:\/\/enfamataya.org\/wp-content\/uploads\/vignette-plongee-vie-passee-450px-300x300.jpg 300w, https:\/\/enfamataya.org\/wp-content\/uploads\/vignette-plongee-vie-passee-450px-150x150.jpg 150w\" sizes=\"(max-width: 450px) 100vw, 450px\" \/>\t\t\t\t\t\t\t\t\t\t\t\t\t<\/div>\n\t\t\t\t<\/div>\n\t\t\t\t<div class=\"elementor-element elementor-element-681ac63 elementor-widget elementor-widget-text-editor\" data-id=\"681ac63\" data-element_type=\"widget\" data-widget_type=\"text-editor.default\">\n\t\t\t\t<div class=\"elementor-widget-container\">\n\t\t\t<style>\/*! elementor - v3.23.0 - 05-08-2024 *\/\n.elementor-widget-text-editor.elementor-drop-cap-view-stacked .elementor-drop-cap{background-color:#69727d;color:#fff}.elementor-widget-text-editor.elementor-drop-cap-view-framed .elementor-drop-cap{color:#69727d;border:3px solid;background-color:transparent}.elementor-widget-text-editor:not(.elementor-drop-cap-view-default) .elementor-drop-cap{margin-top:8px}.elementor-widget-text-editor:not(.elementor-drop-cap-view-default) .elementor-drop-cap-letter{width:1em;height:1em}.elementor-widget-text-editor .elementor-drop-cap{float:left;text-align:center;line-height:1;font-size:50px}.elementor-widget-text-editor .elementor-drop-cap-letter{display:inline-block}<\/style>\t\t\t\t<h1>Plong\u00e9e Vie Pass\u00e9e<\/h1>\t\t\t\t\t\t<\/div>\n\t\t\t\t<\/div>\n\t\t\t\t<div class=\"elementor-element elementor-element-3e4c8a8 elementor-widget elementor-widget-text-editor\" data-id=\"3e4c8a8\" data-element_type=\"widget\" data-widget_type=\"text-editor.default\">\n\t\t\t\t<div class=\"elementor-widget-container\">\n\t\t\t\t\t\t\t<p><em>Ce moment qui n\u00e9cessite de la part de l&rsquo;accompagnant un don intuitif un peu particulier a pour but d&rsquo;apporter un \u00e9clairage et des solutions en se laissant attirer par une de vos vies pass\u00e9es, en y trouvant du sens et des liens avec ce que vous vivez actuellement puis en r\u00e9alisant gr\u00e2ce \u00e0 diff\u00e9rentes formes de reiki un soin aux \u00e2mes en cause.<\/em><\/p>\t\t\t\t\t\t<\/div>\n\t\t\t\t<\/div>\n\t\t\t\t\t<\/div>\n\t\t\t\t<\/div>\n\t\t<div class=\"elementor-element elementor-element-911cc45 e-flex e-con-boxed e-con e-parent\" data-id=\"911cc45\" data-element_type=\"container\">\n\t\t\t\t\t<div class=\"e-con-inner\">\n\t\t\t\t<div class=\"elementor-element elementor-element-6142e8b elementor-widget elementor-widget-text-editor\" data-id=\"6142e8b\" data-element_type=\"widget\" data-widget_type=\"text-editor.default\">\n\t\t\t\t<div class=\"elementor-widget-container\">\n\t\t\t\t\t\t\t<h4><strong>Mise en oeuvre<\/strong><\/h4><p>Apr\u00e8s un \u00e9change par mail ou t\u00e9l\u00e9phone sur l&rsquo;opportunit\u00e9 de ce travail, vous confirmerez votre inscription en versant une participation financi\u00e8re de 144\u20ac par virement ou par ch\u00e8que et nous conviendrons d&rsquo;un rendez-vous d&rsquo;une demi-journ\u00e9e o\u00f9 nous retrouver en appel visio (je garde \u00e0 cette fin de nombreux cr\u00e9neaux en semaine et week-end pour trouver facilement une date).<\/p><h4><strong>Le moment de plong\u00e9e dans votre vie pass\u00e9e<br \/><\/strong><\/h4><p>Nous nous retrouvons par appel Skype, WhattsApp, FaceTime, Signal, Telegram ou Instagram. Ce moment va vous permettre aussi de nourrir votre vision sur les chemins parcourus par l&rsquo;\u00e2me de fa\u00e7on pratique.<\/p><p>Dans un premier temps j&rsquo;ouvre la vie pass\u00e9e qui m&rsquo;attire le plus par son lien avec votre parcours actuel et je vous d\u00e9crie ce que j&rsquo;y vois. Je m\u2019int\u00e9resse en particulier aux relations interpersonnelles, aux situations, aux enjeux, tout au long de votre existence pass\u00e9e. Une fois tout cela saisi, nous parlons un moment de ce que cela vous \u00e9voque (nous \u00e9changeons et je r\u00e9pond \u00e0 vos questions tout du long).\u00a0<\/p><p>Dans un deuxi\u00e8me temps, je vais retrouver les \u00e2mes en cause dont celle que je nomme \u00ab\u00a0votre \u00e2me de l&rsquo;\u00e9poque\u00a0\u00bb car je n&rsquo;ai pas la sensation d&rsquo;une lin\u00e9arit\u00e9 dans le parcours des \u00e2mes mais plut\u00f4t qu&rsquo;une partie de votre \u00e2me globale s&rsquo;incarne \u00e0 un moment. Je convie ces \u00e2mes dans un espace de soin d\u00e9di\u00e9, \u00e0 certains moments seules, \u00e0 certains moment en interaction, pour que ce qui a besoin d&rsquo;\u00eatre exprim\u00e9, pardonn\u00e9, v\u00e9cu, puisse l&rsquo;\u00eatre.<\/p><p>J&rsquo;enregistre ce moment et vous enverrai, apr\u00e8s ce moment, le fichier sonore mp3 : vous pouvez ainsi participer pleinement sans la pr\u00e9occupation de tout noter.<\/p>\t\t\t\t\t\t<\/div>\n\t\t\t\t<\/div>\n\t\t\t\t\t<\/div>\n\t\t\t\t<\/div>\n\t\t<div class=\"elementor-element elementor-element-1e01e0a e-flex e-con-boxed e-con e-parent\" data-id=\"1e01e0a\" data-element_type=\"container\">\n\t\t\t\t\t<div class=\"e-con-inner\">\n\t\t\t\t<div class=\"elementor-element elementor-element-0d1c9d2 elementor-widget elementor-widget-text-editor\" data-id=\"0d1c9d2\" data-element_type=\"widget\" data-widget_type=\"text-editor.default\">\n\t\t\t\t<div class=\"elementor-widget-container\">\n\t\t\t\t\t\t\t<h3 style=\"text-align: center;\"><a href=\"mailto:astres-et-sens@enfamataya.org?subject=[depuis%20le%20site%20enfamataya]%20Ca%20m%20interesse%20:%20Plongee%20Vie%20Passee\">Parlons en<\/a><\/h3>\t\t\t\t\t\t<\/div>\n\t\t\t\t<\/div>\n\t\t\t\t<div class=\"elementor-element elementor-element-ffabd88 elementor-widget elementor-widget-spacer\" data-id=\"ffabd88\" data-element_type=\"widget\" data-widget_type=\"spacer.default\">\n\t\t\t\t<div class=\"elementor-widget-container\">\n\t\t\t\t\t<div class=\"elementor-spacer\">\n\t\t\t<div class=\"elementor-spacer-inner\"><\/div>\n\t\t<\/div>\n\t\t\t\t<\/div>\n\t\t\t\t<\/div>\n\t\t\t\t<div class=\"elementor-element elementor-element-8141c0c elementor-widget elementor-widget-text-editor\" data-id=\"8141c0c\" data-element_type=\"widget\" data-widget_type=\"text-editor.default\">\n\t\t\t\t<div class=\"elementor-widget-container\">\n\t\t\t\t\t\t\t<p>\u00ab\u00a0Avons-nous tous des vies pass\u00e9es ?\u00a0\u00bb<\/p><p><em>Ma sensation est que oui, la vie est plurielle et nous l\u2019exp\u00e9rimentons de bien des fa\u00e7ons.<\/em><\/p><p>\u00ab\u00a0Y a t&rsquo;il un lien entre des erreurs ou des difficult\u00e9s v\u00e9cues auparavant et le pr\u00e9sent ?\u00a0\u00bb<\/p><p><em>Nous avan\u00e7ons sur des chantiers similaires de vie en vie avec d&rsquo;apr\u00e8s moi un guide essentiel : l&#8217;empathie.<\/em><\/p>\t\t\t\t\t\t<\/div>\n\t\t\t\t<\/div>\n\t\t\t\t<div class=\"elementor-element elementor-element-94f1624 elementor-widget elementor-widget-spacer\" data-id=\"94f1624\" data-element_type=\"widget\" data-widget_type=\"spacer.default\">\n\t\t\t\t<div class=\"elementor-widget-container\">\n\t\t\t\t\t<div class=\"elementor-spacer\">\n\t\t\t<div class=\"elementor-spacer-inner\"><\/div>\n\t\t<\/div>\n\t\t\t\t<\/div>\n\t\t\t\t<\/div>\n\t\t\t\t\t<\/div>\n\t\t\t\t<\/div>\n\t\t<div class=\"elementor-element elementor-element-cedf95d e-flex e-con-boxed e-con e-parent\" data-id=\"cedf95d\" data-element_type=\"container\">\n\t\t\t\t\t<div class=\"e-con-inner\">\n\t\t\t\t<div class=\"elementor-element elementor-element-4e6683b elementor-widget elementor-widget-text-editor\" data-id=\"4e6683b\" data-element_type=\"widget\" data-widget_type=\"text-editor.default\">\n\t\t\t\t<div class=\"elementor-widget-container\">\n\t\t\t\t\t\t\t<blockquote><pre>\"Encore une fois je me laisse aller \u00e0 faire des \u00e9toiles trop grandes.\" - Vincent Van Gogh<\/pre><\/blockquote>\t\t\t\t\t\t<\/div>\n\t\t\t\t<\/div>\n\t\t\t\t<div class=\"elementor-element elementor-element-ac4f6b3 elementor-widget elementor-widget-spacer\" data-id=\"ac4f6b3\" data-element_type=\"widget\" data-widget_type=\"spacer.default\">\n\t\t\t\t<div class=\"elementor-widget-container\">\n\t\t\t\t\t<div class=\"elementor-spacer\">\n\t\t\t<div class=\"elementor-spacer-inner\"><\/div>\n\t\t<\/div>\n\t\t\t\t<\/div>\n\t\t\t\t<\/div>\n\t\t\t\t\t<\/div>\n\t\t\t\t<\/div>\n\t\t\t\t<\/div>\n\t\t","protected":false},"excerpt":{"rendered":"<p>Plong\u00e9e Vie Pass\u00e9e Ce moment qui n\u00e9cessite de la part de l&rsquo;accompagnant un don intuitif un peu particulier a pour but d&rsquo;apporter un \u00e9clairage et des solutions en se laissant attirer par une de vos vies pass\u00e9es, en y trouvant du sens et des liens avec ce que vous vivez actuellement puis en r\u00e9alisant gr\u00e2ce [&hellip;]<\/p>\n","protected":false},"author":2,"featured_media":7625,"parent":23,"menu_order":0,"comment_status":"closed","ping_status":"closed","template":"","meta":{"footnotes":""},"class_list":["post-4554","page","type-page","status-publish","has-post-thumbnail","hentry"],"yoast_head":"<!-- This site is optimized with the Yoast SEO plugin v26.6 - https:\/\/yoast.com\/wordpress\/plugins\/seo\/ -->\n<title>Plong\u00e9e Vie Pass\u00e9e - Enfamataya : Arts corporels, symboliques et \u00e9nerg\u00e9tiques<\/title>\n<meta name=\"robots\" content=\"index, follow, max-snippet:-1, max-image-preview:large, max-video-preview:-1\" \/>\n<link rel=\"canonical\" href=\"https:\/\/enfamataya.org\/index.php\/astre-sens\/plongee-vie-passee\/\" \/>\n<meta property=\"og:locale\" content=\"fr_FR\" \/>\n<meta property=\"og:type\" content=\"article\" \/>\n<meta property=\"og:title\" content=\"Plong\u00e9e Vie Pass\u00e9e - Enfamataya : Arts corporels, symboliques et \u00e9nerg\u00e9tiques\" \/>\n<meta property=\"og:description\" content=\"Plong\u00e9e Vie Pass\u00e9e Ce moment qui n\u00e9cessite de la part de l&rsquo;accompagnant un don intuitif un peu particulier a pour but d&rsquo;apporter un \u00e9clairage et des solutions en se laissant attirer par une de vos vies pass\u00e9es, en y trouvant du sens et des liens avec ce que vous vivez actuellement puis en r\u00e9alisant gr\u00e2ce [&hellip;]\" \/>\n<meta property=\"og:url\" content=\"https:\/\/enfamataya.org\/index.php\/astre-sens\/plongee-vie-passee\/\" \/>\n<meta property=\"og:site_name\" content=\"Enfamataya : Arts corporels, symboliques et \u00e9nerg\u00e9tiques\" \/>\n<meta property=\"article:publisher\" content=\"https:\/\/facebook.com\/Enfamataya-249667421858356\" \/>\n<meta property=\"article:modified_time\" content=\"2025-12-07T15:06:23+00:00\" \/>\n<meta property=\"og:image\" content=\"https:\/\/enfamataya.org\/wp-content\/uploads\/vignette-plongee-vie-passee-450px.jpg\" \/>\n\t<meta property=\"og:image:width\" content=\"450\" \/>\n\t<meta property=\"og:image:height\" content=\"450\" \/>\n\t<meta property=\"og:image:type\" content=\"image\/jpeg\" \/>\n<meta name=\"twitter:card\" content=\"summary_large_image\" \/>\n<meta name=\"twitter:label1\" content=\"Dur\u00e9e de lecture estim\u00e9e\" \/>\n\t<meta name=\"twitter:data1\" content=\"3 minutes\" \/>\n<script type=\"application\/ld+json\" class=\"yoast-schema-graph\">{\"@context\":\"https:\/\/schema.org\",\"@graph\":[{\"@type\":\"WebPage\",\"@id\":\"https:\/\/enfamataya.org\/index.php\/astres-sens\/plongee-vie-passee\/\",\"url\":\"https:\/\/enfamataya.org\/index.php\/astre-sens\/plongee-vie-passee\/\",\"name\":\"Plong\u00e9e Vie Pass\u00e9e - Enfamataya : Arts corporels, symboliques et \u00e9nerg\u00e9tiques\",\"isPartOf\":{\"@id\":\"https:\/\/enfamataya.org\/#website\"},\"primaryImageOfPage\":{\"@id\":\"https:\/\/enfamataya.org\/index.php\/astre-sens\/plongee-vie-passee\/#primaryimage\"},\"image\":{\"@id\":\"https:\/\/enfamataya.org\/index.php\/astre-sens\/plongee-vie-passee\/#primaryimage\"},\"thumbnailUrl\":\"https:\/\/enfamataya.org\/wp-content\/uploads\/vignette-plongee-vie-passee-450px.jpg\",\"datePublished\":\"2024-07-23T11:11:18+00:00\",\"dateModified\":\"2025-12-07T15:06:23+00:00\",\"breadcrumb\":{\"@id\":\"https:\/\/enfamataya.org\/index.php\/astre-sens\/plongee-vie-passee\/#breadcrumb\"},\"inLanguage\":\"fr-FR\",\"potentialAction\":[{\"@type\":\"ReadAction\",\"target\":[\"https:\/\/enfamataya.org\/index.php\/astre-sens\/plongee-vie-passee\/\"]}]},{\"@type\":\"ImageObject\",\"inLanguage\":\"fr-FR\",\"@id\":\"https:\/\/enfamataya.org\/index.php\/astre-sens\/plongee-vie-passee\/#primaryimage\",\"url\":\"https:\/\/enfamataya.org\/wp-content\/uploads\/vignette-plongee-vie-passee-450px.jpg\",\"contentUrl\":\"https:\/\/enfamataya.org\/wp-content\/uploads\/vignette-plongee-vie-passee-450px.jpg\",\"width\":450,\"height\":450},{\"@type\":\"BreadcrumbList\",\"@id\":\"https:\/\/enfamataya.org\/index.php\/astre-sens\/plongee-vie-passee\/#breadcrumb\",\"itemListElement\":[{\"@type\":\"ListItem\",\"position\":1,\"name\":\"Accueil\",\"item\":\"https:\/\/enfamataya.org\/\"},{\"@type\":\"ListItem\",\"position\":2,\"name\":\"Astres &#038; sens\",\"item\":\"https:\/\/enfamataya.org\/index.php\/astres-sens\/\"},{\"@type\":\"ListItem\",\"position\":3,\"name\":\"Plong\u00e9e Vie Pass\u00e9e\"}]},{\"@type\":\"WebSite\",\"@id\":\"https:\/\/enfamataya.org\/#website\",\"url\":\"https:\/\/enfamataya.org\/\",\"name\":\"Enfamataya : Arts corporels, symboliques et \u00e9nerg\u00e9tiques\",\"description\":\"Des formations, de l&#039;accompagnement, des astres et du sens\",\"publisher\":{\"@id\":\"https:\/\/enfamataya.org\/#organization\"},\"potentialAction\":[{\"@type\":\"SearchAction\",\"target\":{\"@type\":\"EntryPoint\",\"urlTemplate\":\"https:\/\/enfamataya.org\/?s={search_term_string}\"},\"query-input\":{\"@type\":\"PropertyValueSpecification\",\"valueRequired\":true,\"valueName\":\"search_term_string\"}}],\"inLanguage\":\"fr-FR\"},{\"@type\":\"Organization\",\"@id\":\"https:\/\/enfamataya.org\/#organization\",\"name\":\"Enfamataya\",\"url\":\"https:\/\/enfamataya.org\/\",\"logo\":{\"@type\":\"ImageObject\",\"inLanguage\":\"fr-FR\",\"@id\":\"https:\/\/enfamataya.org\/#\/schema\/logo\/image\/\",\"url\":\"https:\/\/enfamataya.org\/wp-content\/uploads\/2023\/07\/Logo-TYPOGRAPHIQUE-enfamataya.png\",\"contentUrl\":\"https:\/\/enfamataya.org\/wp-content\/uploads\/2023\/07\/Logo-TYPOGRAPHIQUE-enfamataya.png\",\"width\":1596,\"height\":272,\"caption\":\"Enfamataya\"},\"image\":{\"@id\":\"https:\/\/enfamataya.org\/#\/schema\/logo\/image\/\"},\"sameAs\":[\"https:\/\/facebook.com\/Enfamataya-249667421858356\",\"https:\/\/www.instagram.com\/enfamataya_insta\/\",\"https:\/\/www.youtube.com\/@enfamataya\",\"https:\/\/www.tiktok.com\/@enfamataya\"]}]}<\/script>\n<!-- \/ Yoast SEO plugin. -->","yoast_head_json":{"title":"Plong\u00e9e Vie Pass\u00e9e - Enfamataya : Arts corporels, symboliques et \u00e9nerg\u00e9tiques","robots":{"index":"index","follow":"follow","max-snippet":"max-snippet:-1","max-image-preview":"max-image-preview:large","max-video-preview":"max-video-preview:-1"},"canonical":"https:\/\/enfamataya.org\/index.php\/astre-sens\/plongee-vie-passee\/","og_locale":"fr_FR","og_type":"article","og_title":"Plong\u00e9e Vie Pass\u00e9e - Enfamataya : Arts corporels, symboliques et \u00e9nerg\u00e9tiques","og_description":"Plong\u00e9e Vie Pass\u00e9e Ce moment qui n\u00e9cessite de la part de l&rsquo;accompagnant un don intuitif un peu particulier a pour but d&rsquo;apporter un \u00e9clairage et des solutions en se laissant attirer par une de vos vies pass\u00e9es, en y trouvant du sens et des liens avec ce que vous vivez actuellement puis en r\u00e9alisant gr\u00e2ce [&hellip;]","og_url":"https:\/\/enfamataya.org\/index.php\/astre-sens\/plongee-vie-passee\/","og_site_name":"Enfamataya : Arts corporels, symboliques et \u00e9nerg\u00e9tiques","article_publisher":"https:\/\/facebook.com\/Enfamataya-249667421858356","article_modified_time":"2025-12-07T15:06:23+00:00","og_image":[{"width":450,"height":450,"url":"https:\/\/enfamataya.org\/wp-content\/uploads\/vignette-plongee-vie-passee-450px.jpg","type":"image\/jpeg"}],"twitter_card":"summary_large_image","twitter_misc":{"Dur\u00e9e de lecture estim\u00e9e":"3 minutes"},"schema":{"@context":"https:\/\/schema.org","@graph":[{"@type":"WebPage","@id":"https:\/\/enfamataya.org\/index.php\/astres-sens\/plongee-vie-passee\/","url":"https:\/\/enfamataya.org\/index.php\/astre-sens\/plongee-vie-passee\/","name":"Plong\u00e9e Vie Pass\u00e9e - Enfamataya : Arts corporels, symboliques et \u00e9nerg\u00e9tiques","isPartOf":{"@id":"https:\/\/enfamataya.org\/#website"},"primaryImageOfPage":{"@id":"https:\/\/enfamataya.org\/index.php\/astre-sens\/plongee-vie-passee\/#primaryimage"},"image":{"@id":"https:\/\/enfamataya.org\/index.php\/astre-sens\/plongee-vie-passee\/#primaryimage"},"thumbnailUrl":"https:\/\/enfamataya.org\/wp-content\/uploads\/vignette-plongee-vie-passee-450px.jpg","datePublished":"2024-07-23T11:11:18+00:00","dateModified":"2025-12-07T15:06:23+00:00","breadcrumb":{"@id":"https:\/\/enfamataya.org\/index.php\/astre-sens\/plongee-vie-passee\/#breadcrumb"},"inLanguage":"fr-FR","potentialAction":[{"@type":"ReadAction","target":["https:\/\/enfamataya.org\/index.php\/astre-sens\/plongee-vie-passee\/"]}]},{"@type":"ImageObject","inLanguage":"fr-FR","@id":"https:\/\/enfamataya.org\/index.php\/astre-sens\/plongee-vie-passee\/#primaryimage","url":"https:\/\/enfamataya.org\/wp-content\/uploads\/vignette-plongee-vie-passee-450px.jpg","contentUrl":"https:\/\/enfamataya.org\/wp-content\/uploads\/vignette-plongee-vie-passee-450px.jpg","width":450,"height":450},{"@type":"BreadcrumbList","@id":"https:\/\/enfamataya.org\/index.php\/astre-sens\/plongee-vie-passee\/#breadcrumb","itemListElement":[{"@type":"ListItem","position":1,"name":"Accueil","item":"https:\/\/enfamataya.org\/"},{"@type":"ListItem","position":2,"name":"Astres &#038; sens","item":"https:\/\/enfamataya.org\/index.php\/astres-sens\/"},{"@type":"ListItem","position":3,"name":"Plong\u00e9e Vie Pass\u00e9e"}]},{"@type":"WebSite","@id":"https:\/\/enfamataya.org\/#website","url":"https:\/\/enfamataya.org\/","name":"Enfamataya : Arts corporels, symboliques et \u00e9nerg\u00e9tiques","description":"Des formations, de l&#039;accompagnement, des astres et du sens","publisher":{"@id":"https:\/\/enfamataya.org\/#organization"},"potentialAction":[{"@type":"SearchAction","target":{"@type":"EntryPoint","urlTemplate":"https:\/\/enfamataya.org\/?s={search_term_string}"},"query-input":{"@type":"PropertyValueSpecification","valueRequired":true,"valueName":"search_term_string"}}],"inLanguage":"fr-FR"},{"@type":"Organization","@id":"https:\/\/enfamataya.org\/#organization","name":"Enfamataya","url":"https:\/\/enfamataya.org\/","logo":{"@type":"ImageObject","inLanguage":"fr-FR","@id":"https:\/\/enfamataya.org\/#\/schema\/logo\/image\/","url":"https:\/\/enfamataya.org\/wp-content\/uploads\/2023\/07\/Logo-TYPOGRAPHIQUE-enfamataya.png","contentUrl":"https:\/\/enfamataya.org\/wp-content\/uploads\/2023\/07\/Logo-TYPOGRAPHIQUE-enfamataya.png","width":1596,"height":272,"caption":"Enfamataya"},"image":{"@id":"https:\/\/enfamataya.org\/#\/schema\/logo\/image\/"},"sameAs":["https:\/\/facebook.com\/Enfamataya-249667421858356","https:\/\/www.instagram.com\/enfamataya_insta\/","https:\/\/www.youtube.com\/@enfamataya","https:\/\/www.tiktok.com\/@enfamataya"]}]}},"_links":{"self":[{"href":"https:\/\/enfamataya.org\/index.php\/wp-json\/wp\/v2\/pages\/4554","targetHints":{"allow":["GET"]}}],"collection":[{"href":"https:\/\/enfamataya.org\/index.php\/wp-json\/wp\/v2\/pages"}],"about":[{"href":"https:\/\/enfamataya.org\/index.php\/wp-json\/wp\/v2\/types\/page"}],"author":[{"embeddable":true,"href":"https:\/\/enfamataya.org\/index.php\/wp-json\/wp\/v2\/users\/2"}],"replies":[{"embeddable":true,"href":"https:\/\/enfamataya.org\/index.php\/wp-json\/wp\/v2\/comments?post=4554"}],"version-history":[{"count":38,"href":"https:\/\/enfamataya.org\/index.php\/wp-json\/wp\/v2\/pages\/4554\/revisions"}],"predecessor-version":[{"id":7852,"href":"https:\/\/enfamataya.org\/index.php\/wp-json\/wp\/v2\/pages\/4554\/revisions\/7852"}],"up":[{"embeddable":true,"href":"https:\/\/enfamataya.org\/index.php\/wp-json\/wp\/v2\/pages\/23"}],"wp:featuredmedia":[{"embeddable":true,"href":"https:\/\/enfamataya.org\/index.php\/wp-json\/wp\/v2\/media\/7625"}],"wp:attachment":[{"href":"https:\/\/enfamataya.org\/index.php\/wp-json\/wp\/v2\/media?parent=4554"}],"curies":[{"name":"wp","href":"https:\/\/api.w.org\/{rel}","templated":true}]}}