{"id":4657,"date":"2024-07-20T10:23:31","date_gmt":"2024-07-20T08:23:31","guid":{"rendered":"https:\/\/enfamataya.org\/?page_id=4657"},"modified":"2025-11-05T16:57:28","modified_gmt":"2025-11-05T15:57:28","slug":"mentions-legales","status":"publish","type":"page","link":"https:\/\/enfamataya.org\/index.php\/mentions-legales\/","title":{"rendered":"Mentions l\u00e9gales"},"content":{"rendered":"\t\t<div data-elementor-type=\"wp-page\" data-elementor-id=\"4657\" class=\"elementor elementor-4657\" data-elementor-post-type=\"page\">\n\t\t\t\t<div class=\"elementor-element elementor-element-f3bf333 e-flex e-con-boxed e-con e-parent\" data-id=\"f3bf333\" data-element_type=\"container\">\n\t\t\t\t\t<div class=\"e-con-inner\">\n\t\t\t\t<div class=\"elementor-element elementor-element-b02345d elementor-widget elementor-widget-text-editor\" data-id=\"b02345d\" data-element_type=\"widget\" data-widget_type=\"text-editor.default\">\n\t\t\t\t<div class=\"elementor-widget-container\">\n\t\t\t<style>\/*! elementor - v3.23.0 - 05-08-2024 *\/\n.elementor-widget-text-editor.elementor-drop-cap-view-stacked .elementor-drop-cap{background-color:#69727d;color:#fff}.elementor-widget-text-editor.elementor-drop-cap-view-framed .elementor-drop-cap{color:#69727d;border:3px solid;background-color:transparent}.elementor-widget-text-editor:not(.elementor-drop-cap-view-default) .elementor-drop-cap{margin-top:8px}.elementor-widget-text-editor:not(.elementor-drop-cap-view-default) .elementor-drop-cap-letter{width:1em;height:1em}.elementor-widget-text-editor .elementor-drop-cap{float:left;text-align:center;line-height:1;font-size:50px}.elementor-widget-text-editor .elementor-drop-cap-letter{display:inline-block}<\/style>\t\t\t\t<h2><strong>Mentions l\u00e9gales<\/strong><\/h2>\t\t\t\t\t\t<\/div>\n\t\t\t\t<\/div>\n\t\t\t\t\t<\/div>\n\t\t\t\t<\/div>\n\t\t<div class=\"elementor-element elementor-element-2b08b58 e-flex e-con-boxed e-con e-parent\" data-id=\"2b08b58\" data-element_type=\"container\">\n\t\t\t\t\t<div class=\"e-con-inner\">\n\t\t\t\t<div class=\"elementor-element elementor-element-1b94502 elementor-widget elementor-widget-text-editor\" data-id=\"1b94502\" data-element_type=\"widget\" data-widget_type=\"text-editor.default\">\n\t\t\t\t<div class=\"elementor-widget-container\">\n\t\t\t\t\t\t\t<p>enfamataya.org est un site con\u00e7u par Benoit Patingre qui comprend 2 parties : un site pour pr\u00e9senter les propositions professionnelles de Benoit Patingre et un blog par y partager sa passion des arts corporels, \u00e9nerg\u00e9tiques et symboliques.<\/p><p>enfamataya\u00ae est un terme d\u00e9pos\u00e9 et son usage est r\u00e9glement\u00e9.<\/p><p>Contact : contact@enfamataya.org (je refuse tout d\u00e9marchage)<\/p><p>H\u00e9bergeur : OVH SAS 2 rue Kellermann &#8211; 59100 Roubaix &#8211; France<\/p>\t\t\t\t\t\t<\/div>\n\t\t\t\t<\/div>\n\t\t\t\t\t<\/div>\n\t\t\t\t<\/div>\n\t\t\t\t<\/div>\n\t\t","protected":false},"excerpt":{"rendered":"<p>Mentions l\u00e9gales enfamataya.org est un site con\u00e7u par Benoit Patingre qui comprend 2 parties : un site pour pr\u00e9senter les propositions professionnelles de Benoit Patingre et un blog par y partager sa passion des arts corporels, \u00e9nerg\u00e9tiques et symboliques. enfamataya\u00ae est un terme d\u00e9pos\u00e9 et son usage est r\u00e9glement\u00e9. Contact : contact@enfamataya.org (je refuse tout [&hellip;]<\/p>\n","protected":false},"author":2,"featured_media":0,"parent":0,"menu_order":0,"comment_status":"closed","ping_status":"closed","template":"","meta":{"footnotes":""},"class_list":["post-4657","page","type-page","status-publish","hentry"],"yoast_head":"<!-- This site is optimized with the Yoast SEO plugin v26.6 - https:\/\/yoast.com\/wordpress\/plugins\/seo\/ -->\n<title>Mentions l\u00e9gales - Enfamataya : Arts corporels, symboliques et \u00e9nerg\u00e9tiques<\/title>\n<meta name=\"robots\" content=\"noindex, follow\" \/>\n<meta property=\"og:locale\" content=\"fr_FR\" \/>\n<meta property=\"og:type\" content=\"article\" \/>\n<meta property=\"og:title\" content=\"Mentions l\u00e9gales - Enfamataya : Arts corporels, symboliques et \u00e9nerg\u00e9tiques\" \/>\n<meta property=\"og:description\" content=\"Mentions l\u00e9gales enfamataya.org est un site con\u00e7u par Benoit Patingre qui comprend 2 parties : un site pour pr\u00e9senter les propositions professionnelles de Benoit Patingre et un blog par y partager sa passion des arts corporels, \u00e9nerg\u00e9tiques et symboliques. enfamataya\u00ae est un terme d\u00e9pos\u00e9 et son usage est r\u00e9glement\u00e9. Contact : contact@enfamataya.org (je refuse tout [&hellip;]\" \/>\n<meta property=\"og:url\" content=\"https:\/\/enfamataya.org\/index.php\/mentions-legales\/\" \/>\n<meta property=\"og:site_name\" content=\"Enfamataya : Arts corporels, symboliques et \u00e9nerg\u00e9tiques\" \/>\n<meta property=\"article:publisher\" content=\"https:\/\/facebook.com\/Enfamataya-249667421858356\" \/>\n<meta property=\"article:modified_time\" content=\"2025-11-05T15:57:28+00:00\" \/>\n<meta name=\"twitter:card\" content=\"summary_large_image\" \/>\n<meta name=\"twitter:label1\" content=\"Dur\u00e9e de lecture estim\u00e9e\" \/>\n\t<meta name=\"twitter:data1\" content=\"1 minute\" \/>\n<script type=\"application\/ld+json\" class=\"yoast-schema-graph\">{\"@context\":\"https:\/\/schema.org\",\"@graph\":[{\"@type\":\"WebPage\",\"@id\":\"https:\/\/enfamataya.org\/index.php\/mentions-legales\/\",\"url\":\"https:\/\/enfamataya.org\/index.php\/mentions-legales\/\",\"name\":\"Mentions l\u00e9gales - Enfamataya : Arts corporels, symboliques et \u00e9nerg\u00e9tiques\",\"isPartOf\":{\"@id\":\"https:\/\/enfamataya.org\/#website\"},\"datePublished\":\"2024-07-20T08:23:31+00:00\",\"dateModified\":\"2025-11-05T15:57:28+00:00\",\"breadcrumb\":{\"@id\":\"https:\/\/enfamataya.org\/index.php\/mentions-legales\/#breadcrumb\"},\"inLanguage\":\"fr-FR\",\"potentialAction\":[{\"@type\":\"ReadAction\",\"target\":[\"https:\/\/enfamataya.org\/index.php\/mentions-legales\/\"]}]},{\"@type\":\"BreadcrumbList\",\"@id\":\"https:\/\/enfamataya.org\/index.php\/mentions-legales\/#breadcrumb\",\"itemListElement\":[{\"@type\":\"ListItem\",\"position\":1,\"name\":\"Accueil\",\"item\":\"https:\/\/enfamataya.org\/\"},{\"@type\":\"ListItem\",\"position\":2,\"name\":\"Mentions l\u00e9gales\"}]},{\"@type\":\"WebSite\",\"@id\":\"https:\/\/enfamataya.org\/#website\",\"url\":\"https:\/\/enfamataya.org\/\",\"name\":\"Enfamataya : Arts corporels, symboliques et \u00e9nerg\u00e9tiques\",\"description\":\"Des formations, de l&#039;accompagnement, des astres et du sens\",\"publisher\":{\"@id\":\"https:\/\/enfamataya.org\/#organization\"},\"potentialAction\":[{\"@type\":\"SearchAction\",\"target\":{\"@type\":\"EntryPoint\",\"urlTemplate\":\"https:\/\/enfamataya.org\/?s={search_term_string}\"},\"query-input\":{\"@type\":\"PropertyValueSpecification\",\"valueRequired\":true,\"valueName\":\"search_term_string\"}}],\"inLanguage\":\"fr-FR\"},{\"@type\":\"Organization\",\"@id\":\"https:\/\/enfamataya.org\/#organization\",\"name\":\"Enfamataya\",\"url\":\"https:\/\/enfamataya.org\/\",\"logo\":{\"@type\":\"ImageObject\",\"inLanguage\":\"fr-FR\",\"@id\":\"https:\/\/enfamataya.org\/#\/schema\/logo\/image\/\",\"url\":\"https:\/\/enfamataya.org\/wp-content\/uploads\/2023\/07\/Logo-TYPOGRAPHIQUE-enfamataya.png\",\"contentUrl\":\"https:\/\/enfamataya.org\/wp-content\/uploads\/2023\/07\/Logo-TYPOGRAPHIQUE-enfamataya.png\",\"width\":1596,\"height\":272,\"caption\":\"Enfamataya\"},\"image\":{\"@id\":\"https:\/\/enfamataya.org\/#\/schema\/logo\/image\/\"},\"sameAs\":[\"https:\/\/facebook.com\/Enfamataya-249667421858356\",\"https:\/\/www.instagram.com\/enfamataya_insta\/\",\"https:\/\/www.youtube.com\/@enfamataya\",\"https:\/\/www.tiktok.com\/@enfamataya\"]}]}<\/script>\n<!-- \/ Yoast SEO plugin. -->","yoast_head_json":{"title":"Mentions l\u00e9gales - Enfamataya : Arts corporels, symboliques et \u00e9nerg\u00e9tiques","robots":{"index":"noindex","follow":"follow"},"og_locale":"fr_FR","og_type":"article","og_title":"Mentions l\u00e9gales - Enfamataya : Arts corporels, symboliques et \u00e9nerg\u00e9tiques","og_description":"Mentions l\u00e9gales enfamataya.org est un site con\u00e7u par Benoit Patingre qui comprend 2 parties : un site pour pr\u00e9senter les propositions professionnelles de Benoit Patingre et un blog par y partager sa passion des arts corporels, \u00e9nerg\u00e9tiques et symboliques. enfamataya\u00ae est un terme d\u00e9pos\u00e9 et son usage est r\u00e9glement\u00e9. Contact : contact@enfamataya.org (je refuse tout [&hellip;]","og_url":"https:\/\/enfamataya.org\/index.php\/mentions-legales\/","og_site_name":"Enfamataya : Arts corporels, symboliques et \u00e9nerg\u00e9tiques","article_publisher":"https:\/\/facebook.com\/Enfamataya-249667421858356","article_modified_time":"2025-11-05T15:57:28+00:00","twitter_card":"summary_large_image","twitter_misc":{"Dur\u00e9e de lecture estim\u00e9e":"1 minute"},"schema":{"@context":"https:\/\/schema.org","@graph":[{"@type":"WebPage","@id":"https:\/\/enfamataya.org\/index.php\/mentions-legales\/","url":"https:\/\/enfamataya.org\/index.php\/mentions-legales\/","name":"Mentions l\u00e9gales - Enfamataya : Arts corporels, symboliques et \u00e9nerg\u00e9tiques","isPartOf":{"@id":"https:\/\/enfamataya.org\/#website"},"datePublished":"2024-07-20T08:23:31+00:00","dateModified":"2025-11-05T15:57:28+00:00","breadcrumb":{"@id":"https:\/\/enfamataya.org\/index.php\/mentions-legales\/#breadcrumb"},"inLanguage":"fr-FR","potentialAction":[{"@type":"ReadAction","target":["https:\/\/enfamataya.org\/index.php\/mentions-legales\/"]}]},{"@type":"BreadcrumbList","@id":"https:\/\/enfamataya.org\/index.php\/mentions-legales\/#breadcrumb","itemListElement":[{"@type":"ListItem","position":1,"name":"Accueil","item":"https:\/\/enfamataya.org\/"},{"@type":"ListItem","position":2,"name":"Mentions l\u00e9gales"}]},{"@type":"WebSite","@id":"https:\/\/enfamataya.org\/#website","url":"https:\/\/enfamataya.org\/","name":"Enfamataya : Arts corporels, symboliques et \u00e9nerg\u00e9tiques","description":"Des formations, de l&#039;accompagnement, des astres et du sens","publisher":{"@id":"https:\/\/enfamataya.org\/#organization"},"potentialAction":[{"@type":"SearchAction","target":{"@type":"EntryPoint","urlTemplate":"https:\/\/enfamataya.org\/?s={search_term_string}"},"query-input":{"@type":"PropertyValueSpecification","valueRequired":true,"valueName":"search_term_string"}}],"inLanguage":"fr-FR"},{"@type":"Organization","@id":"https:\/\/enfamataya.org\/#organization","name":"Enfamataya","url":"https:\/\/enfamataya.org\/","logo":{"@type":"ImageObject","inLanguage":"fr-FR","@id":"https:\/\/enfamataya.org\/#\/schema\/logo\/image\/","url":"https:\/\/enfamataya.org\/wp-content\/uploads\/2023\/07\/Logo-TYPOGRAPHIQUE-enfamataya.png","contentUrl":"https:\/\/enfamataya.org\/wp-content\/uploads\/2023\/07\/Logo-TYPOGRAPHIQUE-enfamataya.png","width":1596,"height":272,"caption":"Enfamataya"},"image":{"@id":"https:\/\/enfamataya.org\/#\/schema\/logo\/image\/"},"sameAs":["https:\/\/facebook.com\/Enfamataya-249667421858356","https:\/\/www.instagram.com\/enfamataya_insta\/","https:\/\/www.youtube.com\/@enfamataya","https:\/\/www.tiktok.com\/@enfamataya"]}]}},"_links":{"self":[{"href":"https:\/\/enfamataya.org\/index.php\/wp-json\/wp\/v2\/pages\/4657","targetHints":{"allow":["GET"]}}],"collection":[{"href":"https:\/\/enfamataya.org\/index.php\/wp-json\/wp\/v2\/pages"}],"about":[{"href":"https:\/\/enfamataya.org\/index.php\/wp-json\/wp\/v2\/types\/page"}],"author":[{"embeddable":true,"href":"https:\/\/enfamataya.org\/index.php\/wp-json\/wp\/v2\/users\/2"}],"replies":[{"embeddable":true,"href":"https:\/\/enfamataya.org\/index.php\/wp-json\/wp\/v2\/comments?post=4657"}],"version-history":[{"count":13,"href":"https:\/\/enfamataya.org\/index.php\/wp-json\/wp\/v2\/pages\/4657\/revisions"}],"predecessor-version":[{"id":7698,"href":"https:\/\/enfamataya.org\/index.php\/wp-json\/wp\/v2\/pages\/4657\/revisions\/7698"}],"wp:attachment":[{"href":"https:\/\/enfamataya.org\/index.php\/wp-json\/wp\/v2\/media?parent=4657"}],"curies":[{"name":"wp","href":"https:\/\/api.w.org\/{rel}","templated":true}]}}