{"id":5112,"date":"2024-07-20T10:36:58","date_gmt":"2024-07-20T08:36:58","guid":{"rendered":"https:\/\/enfamataya.org\/?page_id=5112"},"modified":"2024-08-21T14:15:39","modified_gmt":"2024-08-21T12:15:39","slug":"formation-cranio-sacree-animaliere","status":"publish","type":"page","link":"https:\/\/enfamataya.org\/index.php\/formation-cranio-sacree-animaliere\/","title":{"rendered":"Formation cranio-sacr\u00e9e \u00e9quine, canine et f\u00e9line"},"content":{"rendered":"\t\t<div data-elementor-type=\"wp-page\" data-elementor-id=\"5112\" class=\"elementor elementor-5112\" data-elementor-post-type=\"page\">\n\t\t\t\t<div class=\"elementor-element elementor-element-9a60841 e-flex e-con-boxed e-con e-parent\" data-id=\"9a60841\" data-element_type=\"container\">\n\t\t\t\t\t<div class=\"e-con-inner\">\n\t\t\t\t<div class=\"elementor-element elementor-element-0552f1c elementor-widget elementor-widget-text-editor\" data-id=\"0552f1c\" data-element_type=\"widget\" data-widget_type=\"text-editor.default\">\n\t\t\t\t<div class=\"elementor-widget-container\">\n\t\t\t<style>\/*! elementor - v3.23.0 - 05-08-2024 *\/\n.elementor-widget-text-editor.elementor-drop-cap-view-stacked .elementor-drop-cap{background-color:#69727d;color:#fff}.elementor-widget-text-editor.elementor-drop-cap-view-framed .elementor-drop-cap{color:#69727d;border:3px solid;background-color:transparent}.elementor-widget-text-editor:not(.elementor-drop-cap-view-default) .elementor-drop-cap{margin-top:8px}.elementor-widget-text-editor:not(.elementor-drop-cap-view-default) .elementor-drop-cap-letter{width:1em;height:1em}.elementor-widget-text-editor .elementor-drop-cap{float:left;text-align:center;line-height:1;font-size:50px}.elementor-widget-text-editor .elementor-drop-cap-letter{display:inline-block}<\/style>\t\t\t\t<h2><strong>Formation cranio-sacr\u00e9e \u00e9quine, canine et f\u00e9line<\/strong><\/h2>\t\t\t\t\t\t<\/div>\n\t\t\t\t<\/div>\n\t\t\t\t\t<\/div>\n\t\t\t\t<\/div>\n\t\t<div class=\"elementor-element elementor-element-e4aac7b e-flex e-con-boxed e-con e-parent\" data-id=\"e4aac7b\" data-element_type=\"container\">\n\t\t\t\t\t<div class=\"e-con-inner\">\n\t\t\t\t<div class=\"elementor-element elementor-element-f07dc75 elementor-widget elementor-widget-text-editor\" data-id=\"f07dc75\" data-element_type=\"widget\" data-widget_type=\"text-editor.default\">\n\t\t\t\t<div class=\"elementor-widget-container\">\n\t\t\t\t\t\t\t<p style=\"text-align: justify;\">Que vous soyez ost\u00e9opathe animalier, v\u00e9t\u00e9rinaire, soigneur ou que vous d\u00e9siriez juste prendre soin de vos propres animaux, l&rsquo;apprentissage de la pratique cranio-sacr\u00e9e est tr\u00e8s profitable aux animaux : chevaux, chiens, chats et troupeaux b\u00e9n\u00e9ficieront de votre aide avec plaisir et reconnaissance.<\/p>\t\t\t\t\t\t<\/div>\n\t\t\t\t<\/div>\n\t\t\t\t\t<\/div>\n\t\t\t\t<\/div>\n\t\t<div class=\"elementor-element elementor-element-5d5ed37 e-flex e-con-boxed e-con e-parent\" data-id=\"5d5ed37\" data-element_type=\"container\">\n\t\t\t\t\t<div class=\"e-con-inner\">\n\t\t\t\t<div class=\"elementor-element elementor-element-92c1b49 elementor-widget elementor-widget-image\" data-id=\"92c1b49\" data-element_type=\"widget\" data-widget_type=\"image.default\">\n\t\t\t\t<div class=\"elementor-widget-container\">\n\t\t\t<style>\/*! elementor - v3.23.0 - 05-08-2024 *\/\n.elementor-widget-image{text-align:center}.elementor-widget-image a{display:inline-block}.elementor-widget-image a img[src$=\".svg\"]{width:48px}.elementor-widget-image img{vertical-align:middle;display:inline-block}<\/style>\t\t\t\t\t\t\t\t\t\t<img fetchpriority=\"high\" decoding=\"async\" width=\"400\" height=\"267\" src=\"https:\/\/enfamataya.org\/wp-content\/uploads\/formation-osteopathie-equine-camargue.jpg\" class=\"attachment-large size-large wp-image-5120\" alt=\"\" srcset=\"https:\/\/enfamataya.org\/wp-content\/uploads\/formation-osteopathie-equine-camargue.jpg 400w, https:\/\/enfamataya.org\/wp-content\/uploads\/formation-osteopathie-equine-camargue-300x200.jpg 300w\" sizes=\"(max-width: 400px) 100vw, 400px\" \/>\t\t\t\t\t\t\t\t\t\t\t\t\t<\/div>\n\t\t\t\t<\/div>\n\t\t\t\t\t<\/div>\n\t\t\t\t<\/div>\n\t\t<div class=\"elementor-element elementor-element-a67fbc4 e-flex e-con-boxed e-con e-parent\" data-id=\"a67fbc4\" data-element_type=\"container\">\n\t\t\t\t\t<div class=\"e-con-inner\">\n\t\t\t\t<div class=\"elementor-element elementor-element-adc1ff2 elementor-widget elementor-widget-text-editor\" data-id=\"adc1ff2\" data-element_type=\"widget\" data-widget_type=\"text-editor.default\">\n\t\t\t\t<div class=\"elementor-widget-container\">\n\t\t\t\t\t\t\t<p style=\"text-align: justify;\">Grace \u00e0 la palpation du langage du mouvement, sur des points et os r\u00e9pertori\u00e9s, nous allons \u00e9tablir une communication non-verbale avec l&rsquo;animal aid\u00e9. Cette formation va donc renforcer votre lien avec les animaux et vos moyens \u00e0 les aider.<\/p><p style=\"text-align: justify;\">Le reiki, cette connexion \u00e0 l&rsquo;\u00e9nergie universelle, va dans le sens de la complicit\u00e9 et de la proximit\u00e9 avec l&rsquo;animal qui est rest\u00e9 proche de la nature, ayant beaucoup moins investi que nous l&rsquo;aspect r\u00e9flexion et projets.<\/p>\t\t\t\t\t\t<\/div>\n\t\t\t\t<\/div>\n\t\t\t\t\t<\/div>\n\t\t\t\t<\/div>\n\t\t<div class=\"elementor-element elementor-element-7a16c69 e-flex e-con-boxed e-con e-parent\" data-id=\"7a16c69\" data-element_type=\"container\">\n\t\t\t\t\t<div class=\"e-con-inner\">\n\t\t\t\t<div class=\"elementor-element elementor-element-b754860 elementor-widget elementor-widget-image\" data-id=\"b754860\" data-element_type=\"widget\" data-widget_type=\"image.default\">\n\t\t\t\t<div class=\"elementor-widget-container\">\n\t\t\t\t\t\t\t\t\t\t\t\t\t<img decoding=\"async\" width=\"351\" height=\"200\" src=\"https:\/\/enfamataya.org\/wp-content\/uploads\/reiki-cranio-sacral-animalier-equin.jpg\" class=\"attachment-large size-large wp-image-5121\" alt=\"\" srcset=\"https:\/\/enfamataya.org\/wp-content\/uploads\/reiki-cranio-sacral-animalier-equin.jpg 351w, https:\/\/enfamataya.org\/wp-content\/uploads\/reiki-cranio-sacral-animalier-equin-300x171.jpg 300w\" sizes=\"(max-width: 351px) 100vw, 351px\" \/>\t\t\t\t\t\t\t\t\t\t\t\t\t<\/div>\n\t\t\t\t<\/div>\n\t\t\t\t\t<\/div>\n\t\t\t\t<\/div>\n\t\t<div class=\"elementor-element elementor-element-ddf8c48 e-flex e-con-boxed e-con e-parent\" data-id=\"ddf8c48\" data-element_type=\"container\">\n\t\t\t\t\t<div class=\"e-con-inner\">\n\t\t\t\t<div class=\"elementor-element elementor-element-1a38ff3 elementor-widget elementor-widget-text-editor\" data-id=\"1a38ff3\" data-element_type=\"widget\" data-widget_type=\"text-editor.default\">\n\t\t\t\t<div class=\"elementor-widget-container\">\n\t\t\t\t\t\t\t<p style=\"text-align: justify;\">Nous aborderons diff\u00e9rents domaines qui vous interesseront : \u00e9quilibre vert\u00e9bral, visc\u00e9ral, musculaire, endocrinien et articulaire dans un cadre reli\u00e9. Comme pour l&rsquo;humain, nous \u00e9quilibrerons l&rsquo;animal entre cr\u00e2ne et sacrum et par le recours \u00e0 diff\u00e9rentes somatotopies et \u00e0 un type d&rsquo;approche manuelle bien particuli\u00e8re, douce et profonde.<\/p><p style=\"text-align: justify;\">Les entrainements pratiques du stage se r\u00e9alisent en bin\u00f4me, donc sur l&rsquo;humain car cela permet de progresser tant en donnant le soin qu&rsquo;en le sentant sur soi, cela aide aussi \u00e0 retenir les protocoles. Nous verrons tout ce qui est n\u00e9cessaire \u00e0 l&rsquo;application sur l&rsquo;animal.<\/p>\t\t\t\t\t\t<\/div>\n\t\t\t\t<\/div>\n\t\t\t\t\t<\/div>\n\t\t\t\t<\/div>\n\t\t<div class=\"elementor-element elementor-element-a9d6610 e-flex e-con-boxed e-con e-parent\" data-id=\"a9d6610\" data-element_type=\"container\">\n\t\t\t\t\t<div class=\"e-con-inner\">\n\t\t\t\t<div class=\"elementor-element elementor-element-efcbd8b elementor-widget elementor-widget-image\" data-id=\"efcbd8b\" data-element_type=\"widget\" data-widget_type=\"image.default\">\n\t\t\t\t<div class=\"elementor-widget-container\">\n\t\t\t\t\t\t\t\t\t\t\t\t\t<img decoding=\"async\" width=\"300\" height=\"268\" src=\"https:\/\/enfamataya.org\/wp-content\/uploads\/stage-cranio-sacre-canin-chien.jpg\" class=\"attachment-large size-large wp-image-5122\" alt=\"\" \/>\t\t\t\t\t\t\t\t\t\t\t\t\t<\/div>\n\t\t\t\t<\/div>\n\t\t\t\t\t<\/div>\n\t\t\t\t<\/div>\n\t\t<div class=\"elementor-element elementor-element-3c44a8e e-flex e-con-boxed e-con e-parent\" data-id=\"3c44a8e\" data-element_type=\"container\">\n\t\t\t\t\t<div class=\"e-con-inner\">\n\t\t\t\t<div class=\"elementor-element elementor-element-07f30a0 elementor-widget elementor-widget-text-editor\" data-id=\"07f30a0\" data-element_type=\"widget\" data-widget_type=\"text-editor.default\">\n\t\t\t\t<div class=\"elementor-widget-container\">\n\t\t\t\t\t\t\t<p style=\"text-align: justify;\">Les entrainements pratiques du stage se r\u00e9alisent en bin\u00f4me, donc sur l&rsquo;humain car cela permet de progresser tant en donnant le soin qu&rsquo;en le sentant sur soi, cela aide aussi \u00e0 retenir les protocoles. Nous verrons tout ce qui est n\u00e9cessaire \u00e0 l&rsquo;application sur l&rsquo;animal.<\/p>\t\t\t\t\t\t<\/div>\n\t\t\t\t<\/div>\n\t\t\t\t\t<\/div>\n\t\t\t\t<\/div>\n\t\t<div class=\"elementor-element elementor-element-91556cd e-flex e-con-boxed e-con e-parent\" data-id=\"91556cd\" data-element_type=\"container\">\n\t\t\t\t\t<div class=\"e-con-inner\">\n\t\t\t\t<div class=\"elementor-element elementor-element-ae2484b elementor-widget elementor-widget-spacer\" data-id=\"ae2484b\" data-element_type=\"widget\" data-widget_type=\"spacer.default\">\n\t\t\t\t<div class=\"elementor-widget-container\">\n\t\t\t<style>\/*! elementor - v3.23.0 - 05-08-2024 *\/\n.elementor-column .elementor-spacer-inner{height:var(--spacer-size)}.e-con{--container-widget-width:100%}.e-con-inner>.elementor-widget-spacer,.e-con>.elementor-widget-spacer{width:var(--container-widget-width,var(--spacer-size));--align-self:var(--container-widget-align-self,initial);--flex-shrink:0}.e-con-inner>.elementor-widget-spacer>.elementor-widget-container,.e-con>.elementor-widget-spacer>.elementor-widget-container{height:100%;width:100%}.e-con-inner>.elementor-widget-spacer>.elementor-widget-container>.elementor-spacer,.e-con>.elementor-widget-spacer>.elementor-widget-container>.elementor-spacer{height:100%}.e-con-inner>.elementor-widget-spacer>.elementor-widget-container>.elementor-spacer>.elementor-spacer-inner,.e-con>.elementor-widget-spacer>.elementor-widget-container>.elementor-spacer>.elementor-spacer-inner{height:var(--container-widget-height,var(--spacer-size))}.e-con-inner>.elementor-widget-spacer.elementor-widget-empty,.e-con>.elementor-widget-spacer.elementor-widget-empty{position:relative;min-height:22px;min-width:22px}.e-con-inner>.elementor-widget-spacer.elementor-widget-empty .elementor-widget-empty-icon,.e-con>.elementor-widget-spacer.elementor-widget-empty .elementor-widget-empty-icon{position:absolute;top:0;bottom:0;left:0;right:0;margin:auto;padding:0;width:22px;height:22px}<\/style>\t\t<div class=\"elementor-spacer\">\n\t\t\t<div class=\"elementor-spacer-inner\"><\/div>\n\t\t<\/div>\n\t\t\t\t<\/div>\n\t\t\t\t<\/div>\n\t\t\t\t\t<\/div>\n\t\t\t\t<\/div>\n\t\t<div class=\"elementor-element elementor-element-6ae9184 e-flex e-con-boxed e-con e-parent\" data-id=\"6ae9184\" data-element_type=\"container\">\n\t\t\t\t\t<div class=\"e-con-inner\">\n\t\t\t\t<div class=\"elementor-element elementor-element-5bd0cf1 elementor-widget elementor-widget-text-editor\" data-id=\"5bd0cf1\" data-element_type=\"widget\" data-widget_type=\"text-editor.default\">\n\t\t\t\t<div class=\"elementor-widget-container\">\n\t\t\t\t\t\t\t<p style=\"text-align: center;\" align=\"center\">retour sur la page pr\u00e9sentant la <a href=\"https:\/\/enfamataya.org\/index.php\/formations\/reiki-cranio-sacre\/\"><b>formation cranio-sacr\u00e9e<\/b><\/a> ou par ici pour <a href=\"mailto:formations@enfamataya.org?subject=[depuis%20le%20site%20enfamataya]%20Ca%20m%20interesse%20:%20Formation%20cranio-sacree%20animaliere\"><b>en parler<\/b><\/a><\/p>\t\t\t\t\t\t<\/div>\n\t\t\t\t<\/div>\n\t\t\t\t\t<\/div>\n\t\t\t\t<\/div>\n\t\t<div class=\"elementor-element elementor-element-9595bc7 e-flex e-con-boxed e-con e-parent\" data-id=\"9595bc7\" data-element_type=\"container\">\n\t\t\t\t\t<div class=\"e-con-inner\">\n\t\t\t\t<div class=\"elementor-element elementor-element-171bf1f elementor-widget elementor-widget-spacer\" data-id=\"171bf1f\" data-element_type=\"widget\" data-widget_type=\"spacer.default\">\n\t\t\t\t<div class=\"elementor-widget-container\">\n\t\t\t\t\t<div class=\"elementor-spacer\">\n\t\t\t<div class=\"elementor-spacer-inner\"><\/div>\n\t\t<\/div>\n\t\t\t\t<\/div>\n\t\t\t\t<\/div>\n\t\t\t\t\t<\/div>\n\t\t\t\t<\/div>\n\t\t<div class=\"elementor-element elementor-element-9dce3af e-flex e-con-boxed e-con e-parent\" data-id=\"9dce3af\" data-element_type=\"container\">\n\t\t\t\t\t<div class=\"e-con-inner\">\n\t\t\t\t<div class=\"elementor-element elementor-element-b4fc875 elementor-widget elementor-widget-text-editor\" data-id=\"b4fc875\" data-element_type=\"widget\" data-widget_type=\"text-editor.default\">\n\t\t\t\t<div class=\"elementor-widget-container\">\n\t\t\t\t\t\t\t<blockquote><pre>\"Notre t\u00e2che devrait \u00eatre de nous lib\u00e9rer nous-m\u00eame de cette prison en \u00e9largissant notre cercle de compassion pour englober toute cr\u00e9ature vivante et la totalit\u00e9 de la nature dans sa beaut\u00e9.\" - Albert Einstein<\/pre><\/blockquote>\t\t\t\t\t\t<\/div>\n\t\t\t\t<\/div>\n\t\t\t\t\t<\/div>\n\t\t\t\t<\/div>\n\t\t\t\t<\/div>\n\t\t","protected":false},"excerpt":{"rendered":"<p>Formation cranio-sacr\u00e9e \u00e9quine, canine et f\u00e9line Que vous soyez ost\u00e9opathe animalier, v\u00e9t\u00e9rinaire, soigneur ou que vous d\u00e9siriez juste prendre soin de vos propres animaux, l&rsquo;apprentissage de la pratique cranio-sacr\u00e9e est tr\u00e8s profitable aux animaux : chevaux, chiens, chats et troupeaux b\u00e9n\u00e9ficieront de votre aide avec plaisir et reconnaissance. Grace \u00e0 la palpation du langage du [&hellip;]<\/p>\n","protected":false},"author":2,"featured_media":5121,"parent":0,"menu_order":0,"comment_status":"closed","ping_status":"closed","template":"","meta":{"footnotes":""},"class_list":["post-5112","page","type-page","status-publish","has-post-thumbnail","hentry"],"yoast_head":"<!-- This site is optimized with the Yoast SEO plugin v26.6 - https:\/\/yoast.com\/wordpress\/plugins\/seo\/ -->\n<title>Formation cranio-sacr\u00e9e \u00e9quine, canine et f\u00e9line - Enfamataya : Arts corporels, symboliques et \u00e9nerg\u00e9tiques<\/title>\n<meta name=\"robots\" content=\"index, follow, max-snippet:-1, max-image-preview:large, max-video-preview:-1\" \/>\n<link rel=\"canonical\" href=\"https:\/\/enfamataya.org\/index.php\/formation-cranio-sacree-animaliere\/\" \/>\n<meta property=\"og:locale\" content=\"fr_FR\" \/>\n<meta property=\"og:type\" content=\"article\" \/>\n<meta property=\"og:title\" content=\"Formation cranio-sacr\u00e9e \u00e9quine, canine et f\u00e9line - Enfamataya : Arts corporels, symboliques et \u00e9nerg\u00e9tiques\" \/>\n<meta property=\"og:description\" content=\"Formation cranio-sacr\u00e9e \u00e9quine, canine et f\u00e9line Que vous soyez ost\u00e9opathe animalier, v\u00e9t\u00e9rinaire, soigneur ou que vous d\u00e9siriez juste prendre soin de vos propres animaux, l&rsquo;apprentissage de la pratique cranio-sacr\u00e9e est tr\u00e8s profitable aux animaux : chevaux, chiens, chats et troupeaux b\u00e9n\u00e9ficieront de votre aide avec plaisir et reconnaissance. Grace \u00e0 la palpation du langage du [&hellip;]\" \/>\n<meta property=\"og:url\" content=\"https:\/\/enfamataya.org\/index.php\/formation-cranio-sacree-animaliere\/\" \/>\n<meta property=\"og:site_name\" content=\"Enfamataya : Arts corporels, symboliques et \u00e9nerg\u00e9tiques\" \/>\n<meta property=\"article:publisher\" content=\"https:\/\/facebook.com\/Enfamataya-249667421858356\" \/>\n<meta property=\"article:modified_time\" content=\"2024-08-21T12:15:39+00:00\" \/>\n<meta property=\"og:image\" content=\"https:\/\/enfamataya.org\/wp-content\/uploads\/reiki-cranio-sacral-animalier-equin.jpg\" \/>\n\t<meta property=\"og:image:width\" content=\"351\" \/>\n\t<meta property=\"og:image:height\" content=\"200\" \/>\n\t<meta property=\"og:image:type\" content=\"image\/jpeg\" \/>\n<meta name=\"twitter:card\" content=\"summary_large_image\" \/>\n<meta name=\"twitter:label1\" content=\"Dur\u00e9e de lecture estim\u00e9e\" \/>\n\t<meta name=\"twitter:data1\" content=\"2 minutes\" \/>\n<script type=\"application\/ld+json\" class=\"yoast-schema-graph\">{\"@context\":\"https:\/\/schema.org\",\"@graph\":[{\"@type\":\"WebPage\",\"@id\":\"https:\/\/enfamataya.org\/index.php\/formation-cranio-sacree-animaliere\/\",\"url\":\"https:\/\/enfamataya.org\/index.php\/formation-cranio-sacree-animaliere\/\",\"name\":\"Formation cranio-sacr\u00e9e \u00e9quine, canine et f\u00e9line - Enfamataya : Arts corporels, symboliques et \u00e9nerg\u00e9tiques\",\"isPartOf\":{\"@id\":\"https:\/\/enfamataya.org\/#website\"},\"primaryImageOfPage\":{\"@id\":\"https:\/\/enfamataya.org\/index.php\/formation-cranio-sacree-animaliere\/#primaryimage\"},\"image\":{\"@id\":\"https:\/\/enfamataya.org\/index.php\/formation-cranio-sacree-animaliere\/#primaryimage\"},\"thumbnailUrl\":\"https:\/\/enfamataya.org\/wp-content\/uploads\/reiki-cranio-sacral-animalier-equin.jpg\",\"datePublished\":\"2024-07-20T08:36:58+00:00\",\"dateModified\":\"2024-08-21T12:15:39+00:00\",\"breadcrumb\":{\"@id\":\"https:\/\/enfamataya.org\/index.php\/formation-cranio-sacree-animaliere\/#breadcrumb\"},\"inLanguage\":\"fr-FR\",\"potentialAction\":[{\"@type\":\"ReadAction\",\"target\":[\"https:\/\/enfamataya.org\/index.php\/formation-cranio-sacree-animaliere\/\"]}]},{\"@type\":\"ImageObject\",\"inLanguage\":\"fr-FR\",\"@id\":\"https:\/\/enfamataya.org\/index.php\/formation-cranio-sacree-animaliere\/#primaryimage\",\"url\":\"https:\/\/enfamataya.org\/wp-content\/uploads\/reiki-cranio-sacral-animalier-equin.jpg\",\"contentUrl\":\"https:\/\/enfamataya.org\/wp-content\/uploads\/reiki-cranio-sacral-animalier-equin.jpg\",\"width\":351,\"height\":200},{\"@type\":\"BreadcrumbList\",\"@id\":\"https:\/\/enfamataya.org\/index.php\/formation-cranio-sacree-animaliere\/#breadcrumb\",\"itemListElement\":[{\"@type\":\"ListItem\",\"position\":1,\"name\":\"Accueil\",\"item\":\"https:\/\/enfamataya.org\/\"},{\"@type\":\"ListItem\",\"position\":2,\"name\":\"Formation cranio-sacr\u00e9e \u00e9quine, canine et f\u00e9line\"}]},{\"@type\":\"WebSite\",\"@id\":\"https:\/\/enfamataya.org\/#website\",\"url\":\"https:\/\/enfamataya.org\/\",\"name\":\"Enfamataya : Arts corporels, symboliques et \u00e9nerg\u00e9tiques\",\"description\":\"Des formations, de l&#039;accompagnement, des astres et du sens\",\"publisher\":{\"@id\":\"https:\/\/enfamataya.org\/#organization\"},\"potentialAction\":[{\"@type\":\"SearchAction\",\"target\":{\"@type\":\"EntryPoint\",\"urlTemplate\":\"https:\/\/enfamataya.org\/?s={search_term_string}\"},\"query-input\":{\"@type\":\"PropertyValueSpecification\",\"valueRequired\":true,\"valueName\":\"search_term_string\"}}],\"inLanguage\":\"fr-FR\"},{\"@type\":\"Organization\",\"@id\":\"https:\/\/enfamataya.org\/#organization\",\"name\":\"Enfamataya\",\"url\":\"https:\/\/enfamataya.org\/\",\"logo\":{\"@type\":\"ImageObject\",\"inLanguage\":\"fr-FR\",\"@id\":\"https:\/\/enfamataya.org\/#\/schema\/logo\/image\/\",\"url\":\"https:\/\/enfamataya.org\/wp-content\/uploads\/2023\/07\/Logo-TYPOGRAPHIQUE-enfamataya.png\",\"contentUrl\":\"https:\/\/enfamataya.org\/wp-content\/uploads\/2023\/07\/Logo-TYPOGRAPHIQUE-enfamataya.png\",\"width\":1596,\"height\":272,\"caption\":\"Enfamataya\"},\"image\":{\"@id\":\"https:\/\/enfamataya.org\/#\/schema\/logo\/image\/\"},\"sameAs\":[\"https:\/\/facebook.com\/Enfamataya-249667421858356\",\"https:\/\/www.instagram.com\/enfamataya_insta\/\",\"https:\/\/www.youtube.com\/@enfamataya\",\"https:\/\/www.tiktok.com\/@enfamataya\"]}]}<\/script>\n<!-- \/ Yoast SEO plugin. -->","yoast_head_json":{"title":"Formation cranio-sacr\u00e9e \u00e9quine, canine et f\u00e9line - Enfamataya : Arts corporels, symboliques et \u00e9nerg\u00e9tiques","robots":{"index":"index","follow":"follow","max-snippet":"max-snippet:-1","max-image-preview":"max-image-preview:large","max-video-preview":"max-video-preview:-1"},"canonical":"https:\/\/enfamataya.org\/index.php\/formation-cranio-sacree-animaliere\/","og_locale":"fr_FR","og_type":"article","og_title":"Formation cranio-sacr\u00e9e \u00e9quine, canine et f\u00e9line - Enfamataya : Arts corporels, symboliques et \u00e9nerg\u00e9tiques","og_description":"Formation cranio-sacr\u00e9e \u00e9quine, canine et f\u00e9line Que vous soyez ost\u00e9opathe animalier, v\u00e9t\u00e9rinaire, soigneur ou que vous d\u00e9siriez juste prendre soin de vos propres animaux, l&rsquo;apprentissage de la pratique cranio-sacr\u00e9e est tr\u00e8s profitable aux animaux : chevaux, chiens, chats et troupeaux b\u00e9n\u00e9ficieront de votre aide avec plaisir et reconnaissance. Grace \u00e0 la palpation du langage du [&hellip;]","og_url":"https:\/\/enfamataya.org\/index.php\/formation-cranio-sacree-animaliere\/","og_site_name":"Enfamataya : Arts corporels, symboliques et \u00e9nerg\u00e9tiques","article_publisher":"https:\/\/facebook.com\/Enfamataya-249667421858356","article_modified_time":"2024-08-21T12:15:39+00:00","og_image":[{"width":351,"height":200,"url":"https:\/\/enfamataya.org\/wp-content\/uploads\/reiki-cranio-sacral-animalier-equin.jpg","type":"image\/jpeg"}],"twitter_card":"summary_large_image","twitter_misc":{"Dur\u00e9e de lecture estim\u00e9e":"2 minutes"},"schema":{"@context":"https:\/\/schema.org","@graph":[{"@type":"WebPage","@id":"https:\/\/enfamataya.org\/index.php\/formation-cranio-sacree-animaliere\/","url":"https:\/\/enfamataya.org\/index.php\/formation-cranio-sacree-animaliere\/","name":"Formation cranio-sacr\u00e9e \u00e9quine, canine et f\u00e9line - Enfamataya : Arts corporels, symboliques et \u00e9nerg\u00e9tiques","isPartOf":{"@id":"https:\/\/enfamataya.org\/#website"},"primaryImageOfPage":{"@id":"https:\/\/enfamataya.org\/index.php\/formation-cranio-sacree-animaliere\/#primaryimage"},"image":{"@id":"https:\/\/enfamataya.org\/index.php\/formation-cranio-sacree-animaliere\/#primaryimage"},"thumbnailUrl":"https:\/\/enfamataya.org\/wp-content\/uploads\/reiki-cranio-sacral-animalier-equin.jpg","datePublished":"2024-07-20T08:36:58+00:00","dateModified":"2024-08-21T12:15:39+00:00","breadcrumb":{"@id":"https:\/\/enfamataya.org\/index.php\/formation-cranio-sacree-animaliere\/#breadcrumb"},"inLanguage":"fr-FR","potentialAction":[{"@type":"ReadAction","target":["https:\/\/enfamataya.org\/index.php\/formation-cranio-sacree-animaliere\/"]}]},{"@type":"ImageObject","inLanguage":"fr-FR","@id":"https:\/\/enfamataya.org\/index.php\/formation-cranio-sacree-animaliere\/#primaryimage","url":"https:\/\/enfamataya.org\/wp-content\/uploads\/reiki-cranio-sacral-animalier-equin.jpg","contentUrl":"https:\/\/enfamataya.org\/wp-content\/uploads\/reiki-cranio-sacral-animalier-equin.jpg","width":351,"height":200},{"@type":"BreadcrumbList","@id":"https:\/\/enfamataya.org\/index.php\/formation-cranio-sacree-animaliere\/#breadcrumb","itemListElement":[{"@type":"ListItem","position":1,"name":"Accueil","item":"https:\/\/enfamataya.org\/"},{"@type":"ListItem","position":2,"name":"Formation cranio-sacr\u00e9e \u00e9quine, canine et f\u00e9line"}]},{"@type":"WebSite","@id":"https:\/\/enfamataya.org\/#website","url":"https:\/\/enfamataya.org\/","name":"Enfamataya : Arts corporels, symboliques et \u00e9nerg\u00e9tiques","description":"Des formations, de l&#039;accompagnement, des astres et du sens","publisher":{"@id":"https:\/\/enfamataya.org\/#organization"},"potentialAction":[{"@type":"SearchAction","target":{"@type":"EntryPoint","urlTemplate":"https:\/\/enfamataya.org\/?s={search_term_string}"},"query-input":{"@type":"PropertyValueSpecification","valueRequired":true,"valueName":"search_term_string"}}],"inLanguage":"fr-FR"},{"@type":"Organization","@id":"https:\/\/enfamataya.org\/#organization","name":"Enfamataya","url":"https:\/\/enfamataya.org\/","logo":{"@type":"ImageObject","inLanguage":"fr-FR","@id":"https:\/\/enfamataya.org\/#\/schema\/logo\/image\/","url":"https:\/\/enfamataya.org\/wp-content\/uploads\/2023\/07\/Logo-TYPOGRAPHIQUE-enfamataya.png","contentUrl":"https:\/\/enfamataya.org\/wp-content\/uploads\/2023\/07\/Logo-TYPOGRAPHIQUE-enfamataya.png","width":1596,"height":272,"caption":"Enfamataya"},"image":{"@id":"https:\/\/enfamataya.org\/#\/schema\/logo\/image\/"},"sameAs":["https:\/\/facebook.com\/Enfamataya-249667421858356","https:\/\/www.instagram.com\/enfamataya_insta\/","https:\/\/www.youtube.com\/@enfamataya","https:\/\/www.tiktok.com\/@enfamataya"]}]}},"_links":{"self":[{"href":"https:\/\/enfamataya.org\/index.php\/wp-json\/wp\/v2\/pages\/5112","targetHints":{"allow":["GET"]}}],"collection":[{"href":"https:\/\/enfamataya.org\/index.php\/wp-json\/wp\/v2\/pages"}],"about":[{"href":"https:\/\/enfamataya.org\/index.php\/wp-json\/wp\/v2\/types\/page"}],"author":[{"embeddable":true,"href":"https:\/\/enfamataya.org\/index.php\/wp-json\/wp\/v2\/users\/2"}],"replies":[{"embeddable":true,"href":"https:\/\/enfamataya.org\/index.php\/wp-json\/wp\/v2\/comments?post=5112"}],"version-history":[{"count":13,"href":"https:\/\/enfamataya.org\/index.php\/wp-json\/wp\/v2\/pages\/5112\/revisions"}],"predecessor-version":[{"id":5128,"href":"https:\/\/enfamataya.org\/index.php\/wp-json\/wp\/v2\/pages\/5112\/revisions\/5128"}],"wp:featuredmedia":[{"embeddable":true,"href":"https:\/\/enfamataya.org\/index.php\/wp-json\/wp\/v2\/media\/5121"}],"wp:attachment":[{"href":"https:\/\/enfamataya.org\/index.php\/wp-json\/wp\/v2\/media?parent=5112"}],"curies":[{"name":"wp","href":"https:\/\/api.w.org\/{rel}","templated":true}]}}