{"id":5414,"date":"2024-07-20T12:43:33","date_gmt":"2024-07-20T10:43:33","guid":{"rendered":"https:\/\/enfamataya.org\/?page_id=5414"},"modified":"2024-08-23T12:49:55","modified_gmt":"2024-08-23T10:49:55","slug":"les-chaines-de-poyet","status":"publish","type":"page","link":"https:\/\/enfamataya.org\/index.php\/les-chaines-de-poyet\/","title":{"rendered":"Les chaines de Poyet"},"content":{"rendered":"\t\t<div data-elementor-type=\"wp-page\" data-elementor-id=\"5414\" class=\"elementor elementor-5414\" data-elementor-post-type=\"page\">\n\t\t\t\t<div class=\"elementor-element elementor-element-83d6406 e-flex e-con-boxed e-con e-parent\" data-id=\"83d6406\" data-element_type=\"container\">\n\t\t\t\t\t<div class=\"e-con-inner\">\n\t\t\t\t<div class=\"elementor-element elementor-element-63a9001 elementor-widget elementor-widget-text-editor\" data-id=\"63a9001\" data-element_type=\"widget\" data-widget_type=\"text-editor.default\">\n\t\t\t\t<div class=\"elementor-widget-container\">\n\t\t\t<style>\/*! elementor - v3.23.0 - 05-08-2024 *\/\n.elementor-widget-text-editor.elementor-drop-cap-view-stacked .elementor-drop-cap{background-color:#69727d;color:#fff}.elementor-widget-text-editor.elementor-drop-cap-view-framed .elementor-drop-cap{color:#69727d;border:3px solid;background-color:transparent}.elementor-widget-text-editor:not(.elementor-drop-cap-view-default) .elementor-drop-cap{margin-top:8px}.elementor-widget-text-editor:not(.elementor-drop-cap-view-default) .elementor-drop-cap-letter{width:1em;height:1em}.elementor-widget-text-editor .elementor-drop-cap{float:left;text-align:center;line-height:1;font-size:50px}.elementor-widget-text-editor .elementor-drop-cap-letter{display:inline-block}<\/style>\t\t\t\t<h2><strong>Les chaines de Poyet<\/strong><\/h2>\t\t\t\t\t\t<\/div>\n\t\t\t\t<\/div>\n\t\t\t\t\t<\/div>\n\t\t\t\t<\/div>\n\t\t<div class=\"elementor-element elementor-element-dd0508a e-flex e-con-boxed e-con e-parent\" data-id=\"dd0508a\" data-element_type=\"container\">\n\t\t\t\t\t<div class=\"e-con-inner\">\n\t\t<div class=\"elementor-element elementor-element-d1bafed e-con-full e-flex e-con e-child\" data-id=\"d1bafed\" data-element_type=\"container\">\n\t\t\t\t<div class=\"elementor-element elementor-element-8f34bf4 elementor-widget elementor-widget-text-editor\" data-id=\"8f34bf4\" data-element_type=\"widget\" data-widget_type=\"text-editor.default\">\n\t\t\t\t<div class=\"elementor-widget-container\">\n\t\t\t\t\t\t\t<p>N\u00e9es en France dans les ann\u00e9es 1980, \u00e0 un moment o\u00f9 kin\u00e9s, ost\u00e9opathes et autres participants au mieux-\u00eatre des personnes humaines et animales se passionnent pour les <strong>continuit\u00e9s entre tissus<\/strong> dans l&rsquo;organisme, cette pratique a b\u00e9n\u00e9fici\u00e9 de beaucoup de pratique et de recherches depuis.<\/p><p>A l&rsquo;origine, un ost\u00e9opathe entour\u00e9 de passionn\u00e9s : Maurice Poyet qui d\u00e9couvre la m\u00e9decine traditionnelle chinoise au Vietnam \u00e0 17 ans et poursuivra toute son existence ses recherches au service d&rsquo;une <strong>main qui soigne<\/strong>.<\/p>\t\t\t\t\t\t<\/div>\n\t\t\t\t<\/div>\n\t\t\t\t<\/div>\n\t\t<div class=\"elementor-element elementor-element-ff8f804 e-con-full e-flex e-con e-child\" data-id=\"ff8f804\" data-element_type=\"container\">\n\t\t\t\t<div class=\"elementor-element elementor-element-7ccf559 elementor-widget elementor-widget-image\" data-id=\"7ccf559\" data-element_type=\"widget\" data-widget_type=\"image.default\">\n\t\t\t\t<div class=\"elementor-widget-container\">\n\t\t\t<style>\/*! elementor - v3.23.0 - 05-08-2024 *\/\n.elementor-widget-image{text-align:center}.elementor-widget-image a{display:inline-block}.elementor-widget-image a img[src$=\".svg\"]{width:48px}.elementor-widget-image img{vertical-align:middle;display:inline-block}<\/style>\t\t\t\t\t\t\t<figure class=\"wp-caption\">\n\t\t\t\t\t\t\t\t\t\t<img fetchpriority=\"high\" decoding=\"async\" width=\"450\" height=\"480\" src=\"https:\/\/enfamataya.org\/wp-content\/uploads\/Maurice-Poyet-osteopathe.jpg\" class=\"attachment-large size-large wp-image-5416\" alt=\"\" srcset=\"https:\/\/enfamataya.org\/wp-content\/uploads\/Maurice-Poyet-osteopathe.jpg 450w, https:\/\/enfamataya.org\/wp-content\/uploads\/Maurice-Poyet-osteopathe-281x300.jpg 281w\" sizes=\"(max-width: 450px) 100vw, 450px\" \/>\t\t\t\t\t\t\t\t\t\t\t<figcaption class=\"widget-image-caption wp-caption-text\">Maurice Poyet (1928-1996)<\/figcaption>\n\t\t\t\t\t\t\t\t\t\t<\/figure>\n\t\t\t\t\t\t\t<\/div>\n\t\t\t\t<\/div>\n\t\t\t\t<\/div>\n\t\t\t\t\t<\/div>\n\t\t\t\t<\/div>\n\t\t<div class=\"elementor-element elementor-element-4e49b7a e-flex e-con-boxed e-con e-parent\" data-id=\"4e49b7a\" data-element_type=\"container\">\n\t\t\t\t\t<div class=\"e-con-inner\">\n\t\t\t\t<div class=\"elementor-element elementor-element-df5d07f elementor-widget__width-initial elementor-widget elementor-widget-video\" data-id=\"df5d07f\" data-element_type=\"widget\" data-settings=\"{&quot;youtube_url&quot;:&quot;https:\\\/\\\/www.youtube.com\\\/watch?v=vRFzkwhyaio&quot;,&quot;video_type&quot;:&quot;youtube&quot;,&quot;controls&quot;:&quot;yes&quot;}\" data-widget_type=\"video.default\">\n\t\t\t\t<div class=\"elementor-widget-container\">\n\t\t\t<style>\/*! elementor - v3.23.0 - 05-08-2024 *\/\n.elementor-widget-video .elementor-widget-container{overflow:hidden;transform:translateZ(0)}.elementor-widget-video .elementor-wrapper{aspect-ratio:var(--video-aspect-ratio)}.elementor-widget-video .elementor-wrapper iframe,.elementor-widget-video .elementor-wrapper video{height:100%;width:100%;display:flex;border:none;background-color:#000}@supports not (aspect-ratio:1\/1){.elementor-widget-video .elementor-wrapper{position:relative;overflow:hidden;height:0;padding-bottom:calc(100% \/ var(--video-aspect-ratio))}.elementor-widget-video .elementor-wrapper iframe,.elementor-widget-video .elementor-wrapper video{position:absolute;top:0;right:0;bottom:0;left:0}}.elementor-widget-video .elementor-open-inline .elementor-custom-embed-image-overlay{position:absolute;top:0;right:0;bottom:0;left:0;background-size:cover;background-position:50%}.elementor-widget-video .elementor-custom-embed-image-overlay{cursor:pointer;text-align:center}.elementor-widget-video .elementor-custom-embed-image-overlay:hover .elementor-custom-embed-play i{opacity:1}.elementor-widget-video .elementor-custom-embed-image-overlay img{display:block;width:100%;aspect-ratio:var(--video-aspect-ratio);-o-object-fit:cover;object-fit:cover;-o-object-position:center center;object-position:center center}@supports not (aspect-ratio:1\/1){.elementor-widget-video .elementor-custom-embed-image-overlay{position:relative;overflow:hidden;height:0;padding-bottom:calc(100% \/ var(--video-aspect-ratio))}.elementor-widget-video .elementor-custom-embed-image-overlay img{position:absolute;top:0;right:0;bottom:0;left:0}}.elementor-widget-video .e-hosted-video .elementor-video{-o-object-fit:cover;object-fit:cover}.e-con-inner>.elementor-widget-video,.e-con>.elementor-widget-video{width:var(--container-widget-width);--flex-grow:var(--container-widget-flex-grow)}<\/style>\t\t<div class=\"elementor-wrapper elementor-open-inline\">\n\t\t\t<div class=\"elementor-video\"><\/div>\t\t<\/div>\n\t\t\t\t<\/div>\n\t\t\t\t<\/div>\n\t\t\t\t\t<\/div>\n\t\t\t\t<\/div>\n\t\t<div class=\"elementor-element elementor-element-45a4918 e-flex e-con-boxed e-con e-parent\" data-id=\"45a4918\" data-element_type=\"container\">\n\t\t\t\t\t<div class=\"e-con-inner\">\n\t\t\t\t<div class=\"elementor-element elementor-element-836d4df elementor-widget elementor-widget-text-editor\" data-id=\"836d4df\" data-element_type=\"widget\" data-widget_type=\"text-editor.default\">\n\t\t\t\t<div class=\"elementor-widget-container\">\n\t\t\t\t\t\t\t<p><em>Cette vid\u00e9o pr\u00e9sente cette pratique d&rsquo;harmonisation \u00e9nerg\u00e9tique merveilleuse que sont les chaines de Poyet. Cette fa\u00e7on d&rsquo;aider une personne \u00e0 s&rsquo;\u00e9quilibrer est compl\u00e9mentaire \u00e0 de nombreuses approches manuelles, tant pour l&rsquo;humain que pour l&rsquo;animal, et cela sans limite d&rsquo;\u00e2ge. En effet, le nourrisson aura tout \u00e0 gagner \u00e0 recevoir une s\u00e9ance et il sera facile aussi d&rsquo;apporter de la qualit\u00e9 de vie \u00e0 une personne d&rsquo;un certain \u00e2ge sans risque car il n&rsquo;y a pas de manipulation forte.<\/em><\/p><p>Dans l&rsquo;apprentissage de ce type de pratiques issues des travaux de Maurice Poyet, je vous propose une <a href=\"https:\/\/enfamataya.org\/index.php\/formations\/cranio-sacre\/\"><strong>approche originale prenant en compte le v\u00e9cu \u00e9motionnel et existentiel des personnes aid\u00e9es et int\u00e9grant le magn\u00e9tisme, <\/strong><\/a><a href=\"https:\/\/enfamataya.org\/index.php\/formations\/reiki-cranio-sacre\/\"><strong>\u00e9labor\u00e9e sur une vingtaine d&rsquo;ann\u00e9es d&rsquo;exp\u00e9rience.<\/strong><\/a><\/p>\t\t\t\t\t\t<\/div>\n\t\t\t\t<\/div>\n\t\t\t\t\t<\/div>\n\t\t\t\t<\/div>\n\t\t\t\t<\/div>\n\t\t","protected":false},"excerpt":{"rendered":"<p>Les chaines de Poyet N\u00e9es en France dans les ann\u00e9es 1980, \u00e0 un moment o\u00f9 kin\u00e9s, ost\u00e9opathes et autres participants au mieux-\u00eatre des personnes humaines et animales se passionnent pour les continuit\u00e9s entre tissus dans l&rsquo;organisme, cette pratique a b\u00e9n\u00e9fici\u00e9 de beaucoup de pratique et de recherches depuis. A l&rsquo;origine, un ost\u00e9opathe entour\u00e9 de passionn\u00e9s [&hellip;]<\/p>\n","protected":false},"author":2,"featured_media":0,"parent":0,"menu_order":0,"comment_status":"closed","ping_status":"closed","template":"","meta":{"footnotes":""},"class_list":["post-5414","page","type-page","status-publish","hentry"],"yoast_head":"<!-- This site is optimized with the Yoast SEO plugin v26.6 - https:\/\/yoast.com\/wordpress\/plugins\/seo\/ -->\n<title>Les chaines de Poyet - Enfamataya : Arts corporels, symboliques et \u00e9nerg\u00e9tiques<\/title>\n<meta name=\"robots\" content=\"index, follow, max-snippet:-1, max-image-preview:large, max-video-preview:-1\" \/>\n<link rel=\"canonical\" href=\"https:\/\/enfamataya.org\/index.php\/les-chaines-de-poyet\/\" \/>\n<meta property=\"og:locale\" content=\"fr_FR\" \/>\n<meta property=\"og:type\" content=\"article\" \/>\n<meta property=\"og:title\" content=\"Les chaines de Poyet - Enfamataya : Arts corporels, symboliques et \u00e9nerg\u00e9tiques\" \/>\n<meta property=\"og:description\" content=\"Les chaines de Poyet N\u00e9es en France dans les ann\u00e9es 1980, \u00e0 un moment o\u00f9 kin\u00e9s, ost\u00e9opathes et autres participants au mieux-\u00eatre des personnes humaines et animales se passionnent pour les continuit\u00e9s entre tissus dans l&rsquo;organisme, cette pratique a b\u00e9n\u00e9fici\u00e9 de beaucoup de pratique et de recherches depuis. A l&rsquo;origine, un ost\u00e9opathe entour\u00e9 de passionn\u00e9s [&hellip;]\" \/>\n<meta property=\"og:url\" content=\"https:\/\/enfamataya.org\/index.php\/les-chaines-de-poyet\/\" \/>\n<meta property=\"og:site_name\" content=\"Enfamataya : Arts corporels, symboliques et \u00e9nerg\u00e9tiques\" \/>\n<meta property=\"article:publisher\" content=\"https:\/\/facebook.com\/Enfamataya-249667421858356\" \/>\n<meta property=\"article:modified_time\" content=\"2024-08-23T10:49:55+00:00\" \/>\n<meta property=\"og:image\" content=\"https:\/\/enfamataya.org\/wp-content\/uploads\/Maurice-Poyet-osteopathe.jpg\" \/>\n<meta name=\"twitter:card\" content=\"summary_large_image\" \/>\n<meta name=\"twitter:label1\" content=\"Dur\u00e9e de lecture estim\u00e9e\" \/>\n\t<meta name=\"twitter:data1\" content=\"2 minutes\" \/>\n<script type=\"application\/ld+json\" class=\"yoast-schema-graph\">{\"@context\":\"https:\/\/schema.org\",\"@graph\":[{\"@type\":\"WebPage\",\"@id\":\"https:\/\/enfamataya.org\/index.php\/les-chaines-de-poyet\/\",\"url\":\"https:\/\/enfamataya.org\/index.php\/les-chaines-de-poyet\/\",\"name\":\"Les chaines de Poyet - Enfamataya : Arts corporels, symboliques et \u00e9nerg\u00e9tiques\",\"isPartOf\":{\"@id\":\"https:\/\/enfamataya.org\/#website\"},\"primaryImageOfPage\":{\"@id\":\"https:\/\/enfamataya.org\/index.php\/les-chaines-de-poyet\/#primaryimage\"},\"image\":{\"@id\":\"https:\/\/enfamataya.org\/index.php\/les-chaines-de-poyet\/#primaryimage\"},\"thumbnailUrl\":\"https:\/\/enfamataya.org\/wp-content\/uploads\/Maurice-Poyet-osteopathe.jpg\",\"datePublished\":\"2024-07-20T10:43:33+00:00\",\"dateModified\":\"2024-08-23T10:49:55+00:00\",\"breadcrumb\":{\"@id\":\"https:\/\/enfamataya.org\/index.php\/les-chaines-de-poyet\/#breadcrumb\"},\"inLanguage\":\"fr-FR\",\"potentialAction\":[{\"@type\":\"ReadAction\",\"target\":[\"https:\/\/enfamataya.org\/index.php\/les-chaines-de-poyet\/\"]}]},{\"@type\":\"ImageObject\",\"inLanguage\":\"fr-FR\",\"@id\":\"https:\/\/enfamataya.org\/index.php\/les-chaines-de-poyet\/#primaryimage\",\"url\":\"https:\/\/enfamataya.org\/wp-content\/uploads\/Maurice-Poyet-osteopathe.jpg\",\"contentUrl\":\"https:\/\/enfamataya.org\/wp-content\/uploads\/Maurice-Poyet-osteopathe.jpg\",\"width\":450,\"height\":480,\"caption\":\"Maurice Poyet (1928-1996)\"},{\"@type\":\"BreadcrumbList\",\"@id\":\"https:\/\/enfamataya.org\/index.php\/les-chaines-de-poyet\/#breadcrumb\",\"itemListElement\":[{\"@type\":\"ListItem\",\"position\":1,\"name\":\"Accueil\",\"item\":\"https:\/\/enfamataya.org\/\"},{\"@type\":\"ListItem\",\"position\":2,\"name\":\"Les chaines de Poyet\"}]},{\"@type\":\"WebSite\",\"@id\":\"https:\/\/enfamataya.org\/#website\",\"url\":\"https:\/\/enfamataya.org\/\",\"name\":\"Enfamataya : Arts corporels, symboliques et \u00e9nerg\u00e9tiques\",\"description\":\"Des formations, de l&#039;accompagnement, des astres et du sens\",\"publisher\":{\"@id\":\"https:\/\/enfamataya.org\/#organization\"},\"potentialAction\":[{\"@type\":\"SearchAction\",\"target\":{\"@type\":\"EntryPoint\",\"urlTemplate\":\"https:\/\/enfamataya.org\/?s={search_term_string}\"},\"query-input\":{\"@type\":\"PropertyValueSpecification\",\"valueRequired\":true,\"valueName\":\"search_term_string\"}}],\"inLanguage\":\"fr-FR\"},{\"@type\":\"Organization\",\"@id\":\"https:\/\/enfamataya.org\/#organization\",\"name\":\"Enfamataya\",\"url\":\"https:\/\/enfamataya.org\/\",\"logo\":{\"@type\":\"ImageObject\",\"inLanguage\":\"fr-FR\",\"@id\":\"https:\/\/enfamataya.org\/#\/schema\/logo\/image\/\",\"url\":\"https:\/\/enfamataya.org\/wp-content\/uploads\/2023\/07\/Logo-TYPOGRAPHIQUE-enfamataya.png\",\"contentUrl\":\"https:\/\/enfamataya.org\/wp-content\/uploads\/2023\/07\/Logo-TYPOGRAPHIQUE-enfamataya.png\",\"width\":1596,\"height\":272,\"caption\":\"Enfamataya\"},\"image\":{\"@id\":\"https:\/\/enfamataya.org\/#\/schema\/logo\/image\/\"},\"sameAs\":[\"https:\/\/facebook.com\/Enfamataya-249667421858356\",\"https:\/\/www.instagram.com\/enfamataya_insta\/\",\"https:\/\/www.youtube.com\/@enfamataya\",\"https:\/\/www.tiktok.com\/@enfamataya\"]}]}<\/script>\n<!-- \/ Yoast SEO plugin. -->","yoast_head_json":{"title":"Les chaines de Poyet - Enfamataya : Arts corporels, symboliques et \u00e9nerg\u00e9tiques","robots":{"index":"index","follow":"follow","max-snippet":"max-snippet:-1","max-image-preview":"max-image-preview:large","max-video-preview":"max-video-preview:-1"},"canonical":"https:\/\/enfamataya.org\/index.php\/les-chaines-de-poyet\/","og_locale":"fr_FR","og_type":"article","og_title":"Les chaines de Poyet - Enfamataya : Arts corporels, symboliques et \u00e9nerg\u00e9tiques","og_description":"Les chaines de Poyet N\u00e9es en France dans les ann\u00e9es 1980, \u00e0 un moment o\u00f9 kin\u00e9s, ost\u00e9opathes et autres participants au mieux-\u00eatre des personnes humaines et animales se passionnent pour les continuit\u00e9s entre tissus dans l&rsquo;organisme, cette pratique a b\u00e9n\u00e9fici\u00e9 de beaucoup de pratique et de recherches depuis. A l&rsquo;origine, un ost\u00e9opathe entour\u00e9 de passionn\u00e9s [&hellip;]","og_url":"https:\/\/enfamataya.org\/index.php\/les-chaines-de-poyet\/","og_site_name":"Enfamataya : Arts corporels, symboliques et \u00e9nerg\u00e9tiques","article_publisher":"https:\/\/facebook.com\/Enfamataya-249667421858356","article_modified_time":"2024-08-23T10:49:55+00:00","og_image":[{"url":"https:\/\/enfamataya.org\/wp-content\/uploads\/Maurice-Poyet-osteopathe.jpg","type":"","width":"","height":""}],"twitter_card":"summary_large_image","twitter_misc":{"Dur\u00e9e de lecture estim\u00e9e":"2 minutes"},"schema":{"@context":"https:\/\/schema.org","@graph":[{"@type":"WebPage","@id":"https:\/\/enfamataya.org\/index.php\/les-chaines-de-poyet\/","url":"https:\/\/enfamataya.org\/index.php\/les-chaines-de-poyet\/","name":"Les chaines de Poyet - Enfamataya : Arts corporels, symboliques et \u00e9nerg\u00e9tiques","isPartOf":{"@id":"https:\/\/enfamataya.org\/#website"},"primaryImageOfPage":{"@id":"https:\/\/enfamataya.org\/index.php\/les-chaines-de-poyet\/#primaryimage"},"image":{"@id":"https:\/\/enfamataya.org\/index.php\/les-chaines-de-poyet\/#primaryimage"},"thumbnailUrl":"https:\/\/enfamataya.org\/wp-content\/uploads\/Maurice-Poyet-osteopathe.jpg","datePublished":"2024-07-20T10:43:33+00:00","dateModified":"2024-08-23T10:49:55+00:00","breadcrumb":{"@id":"https:\/\/enfamataya.org\/index.php\/les-chaines-de-poyet\/#breadcrumb"},"inLanguage":"fr-FR","potentialAction":[{"@type":"ReadAction","target":["https:\/\/enfamataya.org\/index.php\/les-chaines-de-poyet\/"]}]},{"@type":"ImageObject","inLanguage":"fr-FR","@id":"https:\/\/enfamataya.org\/index.php\/les-chaines-de-poyet\/#primaryimage","url":"https:\/\/enfamataya.org\/wp-content\/uploads\/Maurice-Poyet-osteopathe.jpg","contentUrl":"https:\/\/enfamataya.org\/wp-content\/uploads\/Maurice-Poyet-osteopathe.jpg","width":450,"height":480,"caption":"Maurice Poyet (1928-1996)"},{"@type":"BreadcrumbList","@id":"https:\/\/enfamataya.org\/index.php\/les-chaines-de-poyet\/#breadcrumb","itemListElement":[{"@type":"ListItem","position":1,"name":"Accueil","item":"https:\/\/enfamataya.org\/"},{"@type":"ListItem","position":2,"name":"Les chaines de Poyet"}]},{"@type":"WebSite","@id":"https:\/\/enfamataya.org\/#website","url":"https:\/\/enfamataya.org\/","name":"Enfamataya : Arts corporels, symboliques et \u00e9nerg\u00e9tiques","description":"Des formations, de l&#039;accompagnement, des astres et du sens","publisher":{"@id":"https:\/\/enfamataya.org\/#organization"},"potentialAction":[{"@type":"SearchAction","target":{"@type":"EntryPoint","urlTemplate":"https:\/\/enfamataya.org\/?s={search_term_string}"},"query-input":{"@type":"PropertyValueSpecification","valueRequired":true,"valueName":"search_term_string"}}],"inLanguage":"fr-FR"},{"@type":"Organization","@id":"https:\/\/enfamataya.org\/#organization","name":"Enfamataya","url":"https:\/\/enfamataya.org\/","logo":{"@type":"ImageObject","inLanguage":"fr-FR","@id":"https:\/\/enfamataya.org\/#\/schema\/logo\/image\/","url":"https:\/\/enfamataya.org\/wp-content\/uploads\/2023\/07\/Logo-TYPOGRAPHIQUE-enfamataya.png","contentUrl":"https:\/\/enfamataya.org\/wp-content\/uploads\/2023\/07\/Logo-TYPOGRAPHIQUE-enfamataya.png","width":1596,"height":272,"caption":"Enfamataya"},"image":{"@id":"https:\/\/enfamataya.org\/#\/schema\/logo\/image\/"},"sameAs":["https:\/\/facebook.com\/Enfamataya-249667421858356","https:\/\/www.instagram.com\/enfamataya_insta\/","https:\/\/www.youtube.com\/@enfamataya","https:\/\/www.tiktok.com\/@enfamataya"]}]}},"_links":{"self":[{"href":"https:\/\/enfamataya.org\/index.php\/wp-json\/wp\/v2\/pages\/5414","targetHints":{"allow":["GET"]}}],"collection":[{"href":"https:\/\/enfamataya.org\/index.php\/wp-json\/wp\/v2\/pages"}],"about":[{"href":"https:\/\/enfamataya.org\/index.php\/wp-json\/wp\/v2\/types\/page"}],"author":[{"embeddable":true,"href":"https:\/\/enfamataya.org\/index.php\/wp-json\/wp\/v2\/users\/2"}],"replies":[{"embeddable":true,"href":"https:\/\/enfamataya.org\/index.php\/wp-json\/wp\/v2\/comments?post=5414"}],"version-history":[{"count":8,"href":"https:\/\/enfamataya.org\/index.php\/wp-json\/wp\/v2\/pages\/5414\/revisions"}],"predecessor-version":[{"id":5423,"href":"https:\/\/enfamataya.org\/index.php\/wp-json\/wp\/v2\/pages\/5414\/revisions\/5423"}],"wp:attachment":[{"href":"https:\/\/enfamataya.org\/index.php\/wp-json\/wp\/v2\/media?parent=5414"}],"curies":[{"name":"wp","href":"https:\/\/api.w.org\/{rel}","templated":true}]}}