{"id":6420,"date":"2024-08-31T13:40:09","date_gmt":"2024-08-31T11:40:09","guid":{"rendered":"https:\/\/enfamataya.org\/?page_id=6420"},"modified":"2024-08-31T14:04:42","modified_gmt":"2024-08-31T12:04:42","slug":"plan-du-site","status":"publish","type":"page","link":"https:\/\/enfamataya.org\/index.php\/plan-du-site\/","title":{"rendered":"Plan du site"},"content":{"rendered":"\t\t<div data-elementor-type=\"wp-page\" data-elementor-id=\"6420\" class=\"elementor elementor-6420\" data-elementor-post-type=\"page\">\n\t\t\t\t<div class=\"elementor-element elementor-element-6705280 e-flex e-con-boxed e-con e-parent\" data-id=\"6705280\" data-element_type=\"container\">\n\t\t\t\t\t<div class=\"e-con-inner\">\n\t\t\t\t<div class=\"elementor-element elementor-element-c21592f elementor-widget elementor-widget-spacer\" data-id=\"c21592f\" data-element_type=\"widget\" data-widget_type=\"spacer.default\">\n\t\t\t\t<div class=\"elementor-widget-container\">\n\t\t\t<style>\/*! elementor - v3.23.0 - 05-08-2024 *\/\n.elementor-column .elementor-spacer-inner{height:var(--spacer-size)}.e-con{--container-widget-width:100%}.e-con-inner>.elementor-widget-spacer,.e-con>.elementor-widget-spacer{width:var(--container-widget-width,var(--spacer-size));--align-self:var(--container-widget-align-self,initial);--flex-shrink:0}.e-con-inner>.elementor-widget-spacer>.elementor-widget-container,.e-con>.elementor-widget-spacer>.elementor-widget-container{height:100%;width:100%}.e-con-inner>.elementor-widget-spacer>.elementor-widget-container>.elementor-spacer,.e-con>.elementor-widget-spacer>.elementor-widget-container>.elementor-spacer{height:100%}.e-con-inner>.elementor-widget-spacer>.elementor-widget-container>.elementor-spacer>.elementor-spacer-inner,.e-con>.elementor-widget-spacer>.elementor-widget-container>.elementor-spacer>.elementor-spacer-inner{height:var(--container-widget-height,var(--spacer-size))}.e-con-inner>.elementor-widget-spacer.elementor-widget-empty,.e-con>.elementor-widget-spacer.elementor-widget-empty{position:relative;min-height:22px;min-width:22px}.e-con-inner>.elementor-widget-spacer.elementor-widget-empty .elementor-widget-empty-icon,.e-con>.elementor-widget-spacer.elementor-widget-empty .elementor-widget-empty-icon{position:absolute;top:0;bottom:0;left:0;right:0;margin:auto;padding:0;width:22px;height:22px}<\/style>\t\t<div class=\"elementor-spacer\">\n\t\t\t<div class=\"elementor-spacer-inner\"><\/div>\n\t\t<\/div>\n\t\t\t\t<\/div>\n\t\t\t\t<\/div>\n\t\t\t\t\t<\/div>\n\t\t\t\t<\/div>\n\t\t<div class=\"elementor-element elementor-element-1eaf67f e-flex e-con-boxed e-con e-parent\" data-id=\"1eaf67f\" data-element_type=\"container\">\n\t\t\t\t\t<div class=\"e-con-inner\">\n\t\t\t\t<div class=\"elementor-element elementor-element-37b43ae elementor-widget elementor-widget-text-editor\" data-id=\"37b43ae\" data-element_type=\"widget\" data-widget_type=\"text-editor.default\">\n\t\t\t\t<div class=\"elementor-widget-container\">\n\t\t\t<style>\/*! elementor - v3.23.0 - 05-08-2024 *\/\n.elementor-widget-text-editor.elementor-drop-cap-view-stacked .elementor-drop-cap{background-color:#69727d;color:#fff}.elementor-widget-text-editor.elementor-drop-cap-view-framed .elementor-drop-cap{color:#69727d;border:3px solid;background-color:transparent}.elementor-widget-text-editor:not(.elementor-drop-cap-view-default) .elementor-drop-cap{margin-top:8px}.elementor-widget-text-editor:not(.elementor-drop-cap-view-default) .elementor-drop-cap-letter{width:1em;height:1em}.elementor-widget-text-editor .elementor-drop-cap{float:left;text-align:center;line-height:1;font-size:50px}.elementor-widget-text-editor .elementor-drop-cap-letter{display:inline-block}<\/style>\t\t\t\t<h2 style=\"text-align: center;\"><strong>Plan du site<\/strong><\/h2>\t\t\t\t\t\t<\/div>\n\t\t\t\t<\/div>\n\t\t\t\t\t<\/div>\n\t\t\t\t<\/div>\n\t\t<div class=\"elementor-element elementor-element-fa4826d e-flex e-con-boxed e-con e-parent\" data-id=\"fa4826d\" data-element_type=\"container\">\n\t\t\t\t\t<div class=\"e-con-inner\">\n\t\t\t\t<div class=\"elementor-element elementor-element-59e728d elementor-widget elementor-widget-spacer\" data-id=\"59e728d\" data-element_type=\"widget\" data-widget_type=\"spacer.default\">\n\t\t\t\t<div class=\"elementor-widget-container\">\n\t\t\t\t\t<div class=\"elementor-spacer\">\n\t\t\t<div class=\"elementor-spacer-inner\"><\/div>\n\t\t<\/div>\n\t\t\t\t<\/div>\n\t\t\t\t<\/div>\n\t\t\t\t\t<\/div>\n\t\t\t\t<\/div>\n\t\t<div class=\"elementor-element elementor-element-d9f36b0 e-flex e-con-boxed e-con e-parent\" data-id=\"d9f36b0\" data-element_type=\"container\">\n\t\t\t\t\t<div class=\"e-con-inner\">\n\t\t\t\t<div class=\"elementor-element elementor-element-f9e4bf3 elementor-widget elementor-widget-text-editor\" data-id=\"f9e4bf3\" data-element_type=\"widget\" data-widget_type=\"text-editor.default\">\n\t\t\t\t<div class=\"elementor-widget-container\">\n\t\t\t\t\t\t\t<h4>Partie du site d\u00e9di\u00e9e aux <a href=\"https:\/\/enfamataya.org\/index.php\/formations\/\"><strong>formations<\/strong><\/a><\/h4><ul><li>La <a href=\"https:\/\/enfamataya.org\/index.php\/formations\/cranio-sacre\/\">formation de praticien cranio-sacr\u00e9<\/a><\/li><li>La <a href=\"https:\/\/enfamataya.org\/index.php\/formations\/reflexologie\/\">formation de r\u00e9flexologie plantaire et palmaire<\/a><\/li><li>La <a href=\"https:\/\/enfamataya.org\/index.php\/formations\/soins-tibetains\/\">formation aux Soins tib\u00e9tains<\/a><br \/><a href=\"https:\/\/enfamataya.org\/index.php\/formations\/soins-tibetains\/\">\u00c9veil et Dons de Gu\u00e9rison du Toit du Monde<\/a><\/li><li>La <a href=\"https:\/\/enfamataya.org\/index.php\/formations\/passeur-d-ame\/\">formation Passeur d\u2019\u00e2me<\/a><\/li><li>La <a href=\"http:\/\/Formation au Voyage d\u2019Ame\">formation au Voyage <\/a><a href=\"http:\/\/Formation au Voyage d\u2019Ame\">d\u2019Ame<\/a><\/li><li>La <a href=\"https:\/\/enfamataya.org\/index.php\/formations\/energetique-et-symbolique-grecque\/\">formation d&rsquo;\u00e9nerg\u00e9tique et de symbolique grecque <\/a><br \/><a href=\"https:\/\/enfamataya.org\/index.php\/formations\/energetique-et-symbolique-grecque\/\">Dans les yeux d\u2019Ath\u00e9na, Magie de la terre des dieux et des philosophes<\/a><\/li><li>La <a href=\"https:\/\/enfamataya.org\/index.php\/formations\/professionnalisation\/\">journ\u00e9e de Professionnalisation<\/a><\/li><\/ul>\t\t\t\t\t\t<\/div>\n\t\t\t\t<\/div>\n\t\t\t\t\t<\/div>\n\t\t\t\t<\/div>\n\t\t<div class=\"elementor-element elementor-element-f01c991 e-flex e-con-boxed e-con e-parent\" data-id=\"f01c991\" data-element_type=\"container\">\n\t\t\t\t\t<div class=\"e-con-inner\">\n\t\t\t\t<div class=\"elementor-element elementor-element-016c6cb elementor-widget elementor-widget-spacer\" data-id=\"016c6cb\" data-element_type=\"widget\" data-widget_type=\"spacer.default\">\n\t\t\t\t<div class=\"elementor-widget-container\">\n\t\t\t\t\t<div class=\"elementor-spacer\">\n\t\t\t<div class=\"elementor-spacer-inner\"><\/div>\n\t\t<\/div>\n\t\t\t\t<\/div>\n\t\t\t\t<\/div>\n\t\t\t\t\t<\/div>\n\t\t\t\t<\/div>\n\t\t<div class=\"elementor-element elementor-element-e29a983 e-flex e-con-boxed e-con e-parent\" data-id=\"e29a983\" data-element_type=\"container\">\n\t\t\t\t\t<div class=\"e-con-inner\">\n\t\t\t\t<div class=\"elementor-element elementor-element-637bcbc elementor-widget elementor-widget-text-editor\" data-id=\"637bcbc\" data-element_type=\"widget\" data-widget_type=\"text-editor.default\">\n\t\t\t\t<div class=\"elementor-widget-container\">\n\t\t\t\t\t\t\t<h4>Partie du site d\u00e9di\u00e9e \u00e0 l&rsquo;accompagnement : <strong><a href=\"https:\/\/enfamataya.org\/index.php\/astres-sens\/\">Astre &amp; Sens<\/a><\/strong><\/h4><ul><li>R\u00e9aliser votre th\u00e8me astral : la prestation <a href=\"https:\/\/enfamataya.org\/index.php\/astres-sens\/nature-et-trajectoire\/\">C&rsquo;est ma Nature, ma trajectoire<\/a><\/li><li>R\u00e9aliser le th\u00e8me astral de vos enfants (et ses liens entre eux et avec ses parents) : <a href=\"https:\/\/enfamataya.org\/index.php\/astres-sens\/astro-parentalite\/\">Astro-parentalit\u00e9 <\/a>(je fais les jumeaux)<\/li><li>R\u00e9aliser votre th\u00e8me d&rsquo;ann\u00e9e : la <a href=\"https:\/\/enfamataya.org\/index.php\/astres-sens\/revolution-solaire\/\">R\u00e9volution solaire<\/a><\/li><li>Consultations en pr\u00e9sentiel ou distanciel : b\u00e9n\u00e9ficier d&rsquo;un <a href=\"https:\/\/enfamataya.org\/index.php\/astres-sens\/accompagnement-bien-etre\/\">Accompagnement bien-\u00eatre<\/a><\/li><li>Dans l&rsquo;id\u00e9e d&rsquo;une continuit\u00e9, b\u00e9n\u00e9ficier d&rsquo;une <a href=\"https:\/\/enfamataya.org\/index.php\/astres-sens\/plongee-vie-passee\/\">Plong\u00e9e dans une de vos vie pass\u00e9e<\/a><\/li><\/ul>\t\t\t\t\t\t<\/div>\n\t\t\t\t<\/div>\n\t\t\t\t\t<\/div>\n\t\t\t\t<\/div>\n\t\t<div class=\"elementor-element elementor-element-dbcd4fa e-flex e-con-boxed e-con e-parent\" data-id=\"dbcd4fa\" data-element_type=\"container\">\n\t\t\t\t\t<div class=\"e-con-inner\">\n\t\t\t\t<div class=\"elementor-element elementor-element-37cc4d1 elementor-widget elementor-widget-spacer\" data-id=\"37cc4d1\" data-element_type=\"widget\" data-widget_type=\"spacer.default\">\n\t\t\t\t<div class=\"elementor-widget-container\">\n\t\t\t\t\t<div class=\"elementor-spacer\">\n\t\t\t<div class=\"elementor-spacer-inner\"><\/div>\n\t\t<\/div>\n\t\t\t\t<\/div>\n\t\t\t\t<\/div>\n\t\t\t\t\t<\/div>\n\t\t\t\t<\/div>\n\t\t<div class=\"elementor-element elementor-element-4fd85ab e-flex e-con-boxed e-con e-parent\" data-id=\"4fd85ab\" data-element_type=\"container\">\n\t\t\t\t\t<div class=\"e-con-inner\">\n\t\t\t\t<div class=\"elementor-element elementor-element-9956e18 elementor-widget elementor-widget-text-editor\" data-id=\"9956e18\" data-element_type=\"widget\" data-widget_type=\"text-editor.default\">\n\t\t\t\t<div class=\"elementor-widget-container\">\n\t\t\t\t\t\t\t<h4>Partie du site regroupant les articles : le <a href=\"https:\/\/enfamataya.org\/index.php\/blog\/\"><strong>Blog<\/strong><\/a><\/h4><ul><li>Les <a href=\"https:\/\/enfamataya.org\/index.php\/category\/astres-et-sens\/\">articles bas\u00e9s sur les th\u00e8mes astraux de personnes publiques<\/a><\/li><li>Les<a href=\"https:\/\/enfamataya.org\/index.php\/category\/formations\/\"> articles en lien avec la formation, g\u00e9n\u00e9ralistes ou pr\u00e9sentant des pr\u00e9cisions sur l&rsquo;organisation des formations<\/a><\/li><li>Un <a href=\"https:\/\/enfamataya.org\/index.php\/comprendre-l-astrologie\/\">index illustr\u00e9 des termes du symbolisme astrologique<\/a><\/li><li>Des<a href=\"https:\/\/enfamataya.org\/index.php\/pourquoi-ce-blog\/\"> explications sur l&rsquo;origine et le pourquoi de ce blog<\/a><\/li><\/ul>\t\t\t\t\t\t<\/div>\n\t\t\t\t<\/div>\n\t\t\t\t\t<\/div>\n\t\t\t\t<\/div>\n\t\t<div class=\"elementor-element elementor-element-874173c e-flex e-con-boxed e-con e-parent\" data-id=\"874173c\" data-element_type=\"container\">\n\t\t\t\t\t<div class=\"e-con-inner\">\n\t\t\t\t<div class=\"elementor-element elementor-element-da0043e elementor-widget elementor-widget-spacer\" data-id=\"da0043e\" data-element_type=\"widget\" data-widget_type=\"spacer.default\">\n\t\t\t\t<div class=\"elementor-widget-container\">\n\t\t\t\t\t<div class=\"elementor-spacer\">\n\t\t\t<div class=\"elementor-spacer-inner\"><\/div>\n\t\t<\/div>\n\t\t\t\t<\/div>\n\t\t\t\t<\/div>\n\t\t\t\t\t<\/div>\n\t\t\t\t<\/div>\n\t\t<div class=\"elementor-element elementor-element-f8f2f21 e-flex e-con-boxed e-con e-parent\" data-id=\"f8f2f21\" data-element_type=\"container\">\n\t\t\t\t\t<div class=\"e-con-inner\">\n\t\t\t\t<div class=\"elementor-element elementor-element-64524e9 elementor-widget elementor-widget-text-editor\" data-id=\"64524e9\" data-element_type=\"widget\" data-widget_type=\"text-editor.default\">\n\t\t\t\t<div class=\"elementor-widget-container\">\n\t\t\t\t\t\t\t<h4>Pages du site de type g\u00e9n\u00e9raliste<\/h4><ul><li><a href=\"https:\/\/enfamataya.org\/\">Accueil<\/a>\u00a0: la page de d\u00e9part du site<\/li><li><a href=\"https:\/\/enfamataya.org\/index.php\/mentions-legales\/\">Mentions l\u00e9gales<\/a>\u00a0: les informations l\u00e9gales du site<\/li><li><a href=\"https:\/\/enfamataya.org\/index.php\/plan-du-site\/\">Plan du site<\/a> : vous \u00eates ici !<\/li><li><a href=\"https:\/\/enfamataya.org\/index.php\/contact\/\">Auteur et contact<\/a> : d\u00e9couvrir la pr\u00e9sentation de l&rsquo;auteur de ce site, comment le contacter et d\u00e9couvrir plus de contenus enrichis et d&rsquo;interactions sur les r\u00e9seaux sociaux<\/li><\/ul>\t\t\t\t\t\t<\/div>\n\t\t\t\t<\/div>\n\t\t\t\t\t<\/div>\n\t\t\t\t<\/div>\n\t\t\t\t<\/div>\n\t\t","protected":false},"excerpt":{"rendered":"<p>Plan du site Partie du site d\u00e9di\u00e9e aux formations La formation de praticien cranio-sacr\u00e9 La formation de r\u00e9flexologie plantaire et palmaire La formation aux Soins tib\u00e9tains\u00c9veil et Dons de Gu\u00e9rison du Toit du Monde La formation Passeur d\u2019\u00e2me La formation au Voyage d\u2019Ame La formation d&rsquo;\u00e9nerg\u00e9tique et de symbolique grecque Dans les yeux d\u2019Ath\u00e9na, Magie [&hellip;]<\/p>\n","protected":false},"author":2,"featured_media":0,"parent":0,"menu_order":0,"comment_status":"closed","ping_status":"closed","template":"","meta":{"footnotes":""},"class_list":["post-6420","page","type-page","status-publish","hentry"],"yoast_head":"<!-- This site is optimized with the Yoast SEO plugin v26.6 - https:\/\/yoast.com\/wordpress\/plugins\/seo\/ -->\n<title>Plan du site - Enfamataya : Arts corporels, symboliques et \u00e9nerg\u00e9tiques<\/title>\n<meta name=\"robots\" content=\"noindex, follow\" \/>\n<meta property=\"og:locale\" content=\"fr_FR\" \/>\n<meta property=\"og:type\" content=\"article\" \/>\n<meta property=\"og:title\" content=\"Plan du site - Enfamataya : Arts corporels, symboliques et \u00e9nerg\u00e9tiques\" \/>\n<meta property=\"og:description\" content=\"Plan du site Partie du site d\u00e9di\u00e9e aux formations La formation de praticien cranio-sacr\u00e9 La formation de r\u00e9flexologie plantaire et palmaire La formation aux Soins tib\u00e9tains\u00c9veil et Dons de Gu\u00e9rison du Toit du Monde La formation Passeur d\u2019\u00e2me La formation au Voyage d\u2019Ame La formation d&rsquo;\u00e9nerg\u00e9tique et de symbolique grecque Dans les yeux d\u2019Ath\u00e9na, Magie [&hellip;]\" \/>\n<meta property=\"og:url\" content=\"https:\/\/enfamataya.org\/index.php\/plan-du-site\/\" \/>\n<meta property=\"og:site_name\" content=\"Enfamataya : Arts corporels, symboliques et \u00e9nerg\u00e9tiques\" \/>\n<meta property=\"article:publisher\" content=\"https:\/\/facebook.com\/Enfamataya-249667421858356\" \/>\n<meta property=\"article:modified_time\" content=\"2024-08-31T12:04:42+00:00\" \/>\n<meta name=\"twitter:card\" content=\"summary_large_image\" \/>\n<meta name=\"twitter:label1\" content=\"Dur\u00e9e de lecture estim\u00e9e\" \/>\n\t<meta name=\"twitter:data1\" content=\"2 minutes\" \/>\n<script type=\"application\/ld+json\" class=\"yoast-schema-graph\">{\"@context\":\"https:\/\/schema.org\",\"@graph\":[{\"@type\":\"WebPage\",\"@id\":\"https:\/\/enfamataya.org\/index.php\/plan-du-site\/\",\"url\":\"https:\/\/enfamataya.org\/index.php\/plan-du-site\/\",\"name\":\"Plan du site - Enfamataya : Arts corporels, symboliques et \u00e9nerg\u00e9tiques\",\"isPartOf\":{\"@id\":\"https:\/\/enfamataya.org\/#website\"},\"datePublished\":\"2024-08-31T11:40:09+00:00\",\"dateModified\":\"2024-08-31T12:04:42+00:00\",\"breadcrumb\":{\"@id\":\"https:\/\/enfamataya.org\/index.php\/plan-du-site\/#breadcrumb\"},\"inLanguage\":\"fr-FR\",\"potentialAction\":[{\"@type\":\"ReadAction\",\"target\":[\"https:\/\/enfamataya.org\/index.php\/plan-du-site\/\"]}]},{\"@type\":\"BreadcrumbList\",\"@id\":\"https:\/\/enfamataya.org\/index.php\/plan-du-site\/#breadcrumb\",\"itemListElement\":[{\"@type\":\"ListItem\",\"position\":1,\"name\":\"Accueil\",\"item\":\"https:\/\/enfamataya.org\/\"},{\"@type\":\"ListItem\",\"position\":2,\"name\":\"Plan du site\"}]},{\"@type\":\"WebSite\",\"@id\":\"https:\/\/enfamataya.org\/#website\",\"url\":\"https:\/\/enfamataya.org\/\",\"name\":\"Enfamataya : Arts corporels, symboliques et \u00e9nerg\u00e9tiques\",\"description\":\"Des formations, de l&#039;accompagnement, des astres et du sens\",\"publisher\":{\"@id\":\"https:\/\/enfamataya.org\/#organization\"},\"potentialAction\":[{\"@type\":\"SearchAction\",\"target\":{\"@type\":\"EntryPoint\",\"urlTemplate\":\"https:\/\/enfamataya.org\/?s={search_term_string}\"},\"query-input\":{\"@type\":\"PropertyValueSpecification\",\"valueRequired\":true,\"valueName\":\"search_term_string\"}}],\"inLanguage\":\"fr-FR\"},{\"@type\":\"Organization\",\"@id\":\"https:\/\/enfamataya.org\/#organization\",\"name\":\"Enfamataya\",\"url\":\"https:\/\/enfamataya.org\/\",\"logo\":{\"@type\":\"ImageObject\",\"inLanguage\":\"fr-FR\",\"@id\":\"https:\/\/enfamataya.org\/#\/schema\/logo\/image\/\",\"url\":\"https:\/\/enfamataya.org\/wp-content\/uploads\/2023\/07\/Logo-TYPOGRAPHIQUE-enfamataya.png\",\"contentUrl\":\"https:\/\/enfamataya.org\/wp-content\/uploads\/2023\/07\/Logo-TYPOGRAPHIQUE-enfamataya.png\",\"width\":1596,\"height\":272,\"caption\":\"Enfamataya\"},\"image\":{\"@id\":\"https:\/\/enfamataya.org\/#\/schema\/logo\/image\/\"},\"sameAs\":[\"https:\/\/facebook.com\/Enfamataya-249667421858356\",\"https:\/\/www.instagram.com\/enfamataya_insta\/\",\"https:\/\/www.youtube.com\/@enfamataya\",\"https:\/\/www.tiktok.com\/@enfamataya\"]}]}<\/script>\n<!-- \/ Yoast SEO plugin. -->","yoast_head_json":{"title":"Plan du site - Enfamataya : Arts corporels, symboliques et \u00e9nerg\u00e9tiques","robots":{"index":"noindex","follow":"follow"},"og_locale":"fr_FR","og_type":"article","og_title":"Plan du site - Enfamataya : Arts corporels, symboliques et \u00e9nerg\u00e9tiques","og_description":"Plan du site Partie du site d\u00e9di\u00e9e aux formations La formation de praticien cranio-sacr\u00e9 La formation de r\u00e9flexologie plantaire et palmaire La formation aux Soins tib\u00e9tains\u00c9veil et Dons de Gu\u00e9rison du Toit du Monde La formation Passeur d\u2019\u00e2me La formation au Voyage d\u2019Ame La formation d&rsquo;\u00e9nerg\u00e9tique et de symbolique grecque Dans les yeux d\u2019Ath\u00e9na, Magie [&hellip;]","og_url":"https:\/\/enfamataya.org\/index.php\/plan-du-site\/","og_site_name":"Enfamataya : Arts corporels, symboliques et \u00e9nerg\u00e9tiques","article_publisher":"https:\/\/facebook.com\/Enfamataya-249667421858356","article_modified_time":"2024-08-31T12:04:42+00:00","twitter_card":"summary_large_image","twitter_misc":{"Dur\u00e9e de lecture estim\u00e9e":"2 minutes"},"schema":{"@context":"https:\/\/schema.org","@graph":[{"@type":"WebPage","@id":"https:\/\/enfamataya.org\/index.php\/plan-du-site\/","url":"https:\/\/enfamataya.org\/index.php\/plan-du-site\/","name":"Plan du site - Enfamataya : Arts corporels, symboliques et \u00e9nerg\u00e9tiques","isPartOf":{"@id":"https:\/\/enfamataya.org\/#website"},"datePublished":"2024-08-31T11:40:09+00:00","dateModified":"2024-08-31T12:04:42+00:00","breadcrumb":{"@id":"https:\/\/enfamataya.org\/index.php\/plan-du-site\/#breadcrumb"},"inLanguage":"fr-FR","potentialAction":[{"@type":"ReadAction","target":["https:\/\/enfamataya.org\/index.php\/plan-du-site\/"]}]},{"@type":"BreadcrumbList","@id":"https:\/\/enfamataya.org\/index.php\/plan-du-site\/#breadcrumb","itemListElement":[{"@type":"ListItem","position":1,"name":"Accueil","item":"https:\/\/enfamataya.org\/"},{"@type":"ListItem","position":2,"name":"Plan du site"}]},{"@type":"WebSite","@id":"https:\/\/enfamataya.org\/#website","url":"https:\/\/enfamataya.org\/","name":"Enfamataya : Arts corporels, symboliques et \u00e9nerg\u00e9tiques","description":"Des formations, de l&#039;accompagnement, des astres et du sens","publisher":{"@id":"https:\/\/enfamataya.org\/#organization"},"potentialAction":[{"@type":"SearchAction","target":{"@type":"EntryPoint","urlTemplate":"https:\/\/enfamataya.org\/?s={search_term_string}"},"query-input":{"@type":"PropertyValueSpecification","valueRequired":true,"valueName":"search_term_string"}}],"inLanguage":"fr-FR"},{"@type":"Organization","@id":"https:\/\/enfamataya.org\/#organization","name":"Enfamataya","url":"https:\/\/enfamataya.org\/","logo":{"@type":"ImageObject","inLanguage":"fr-FR","@id":"https:\/\/enfamataya.org\/#\/schema\/logo\/image\/","url":"https:\/\/enfamataya.org\/wp-content\/uploads\/2023\/07\/Logo-TYPOGRAPHIQUE-enfamataya.png","contentUrl":"https:\/\/enfamataya.org\/wp-content\/uploads\/2023\/07\/Logo-TYPOGRAPHIQUE-enfamataya.png","width":1596,"height":272,"caption":"Enfamataya"},"image":{"@id":"https:\/\/enfamataya.org\/#\/schema\/logo\/image\/"},"sameAs":["https:\/\/facebook.com\/Enfamataya-249667421858356","https:\/\/www.instagram.com\/enfamataya_insta\/","https:\/\/www.youtube.com\/@enfamataya","https:\/\/www.tiktok.com\/@enfamataya"]}]}},"_links":{"self":[{"href":"https:\/\/enfamataya.org\/index.php\/wp-json\/wp\/v2\/pages\/6420","targetHints":{"allow":["GET"]}}],"collection":[{"href":"https:\/\/enfamataya.org\/index.php\/wp-json\/wp\/v2\/pages"}],"about":[{"href":"https:\/\/enfamataya.org\/index.php\/wp-json\/wp\/v2\/types\/page"}],"author":[{"embeddable":true,"href":"https:\/\/enfamataya.org\/index.php\/wp-json\/wp\/v2\/users\/2"}],"replies":[{"embeddable":true,"href":"https:\/\/enfamataya.org\/index.php\/wp-json\/wp\/v2\/comments?post=6420"}],"version-history":[{"count":16,"href":"https:\/\/enfamataya.org\/index.php\/wp-json\/wp\/v2\/pages\/6420\/revisions"}],"predecessor-version":[{"id":6436,"href":"https:\/\/enfamataya.org\/index.php\/wp-json\/wp\/v2\/pages\/6420\/revisions\/6436"}],"wp:attachment":[{"href":"https:\/\/enfamataya.org\/index.php\/wp-json\/wp\/v2\/media?parent=6420"}],"curies":[{"name":"wp","href":"https:\/\/api.w.org\/{rel}","templated":true}]}}