{"id":7139,"date":"2025-01-20T13:14:22","date_gmt":"2025-01-20T12:14:22","guid":{"rendered":"https:\/\/enfamataya.org\/?page_id=7139"},"modified":"2025-11-13T15:27:52","modified_gmt":"2025-11-13T14:27:52","slug":"attirer-la-chance","status":"publish","type":"page","link":"https:\/\/enfamataya.org\/index.php\/astres-sens\/attirer-la-chance\/","title":{"rendered":"Attirer la Chance"},"content":{"rendered":"\t\t<div data-elementor-type=\"wp-page\" data-elementor-id=\"7139\" class=\"elementor elementor-7139\" data-elementor-post-type=\"page\">\n\t\t\t\t<div class=\"elementor-element elementor-element-0ac2ef6 e-flex e-con-boxed e-con e-parent\" data-id=\"0ac2ef6\" data-element_type=\"container\">\n\t\t\t\t\t<div class=\"e-con-inner\">\n\t\t\t\t<div class=\"elementor-element elementor-element-b58b99d elementor-widget elementor-widget-text-editor\" data-id=\"b58b99d\" data-element_type=\"widget\" data-widget_type=\"text-editor.default\">\n\t\t\t\t<div class=\"elementor-widget-container\">\n\t\t\t<style>\/*! elementor - v3.23.0 - 05-08-2024 *\/\n.elementor-widget-text-editor.elementor-drop-cap-view-stacked .elementor-drop-cap{background-color:#69727d;color:#fff}.elementor-widget-text-editor.elementor-drop-cap-view-framed .elementor-drop-cap{color:#69727d;border:3px solid;background-color:transparent}.elementor-widget-text-editor:not(.elementor-drop-cap-view-default) .elementor-drop-cap{margin-top:8px}.elementor-widget-text-editor:not(.elementor-drop-cap-view-default) .elementor-drop-cap-letter{width:1em;height:1em}.elementor-widget-text-editor .elementor-drop-cap{float:left;text-align:center;line-height:1;font-size:50px}.elementor-widget-text-editor .elementor-drop-cap-letter{display:inline-block}<\/style>\t\t\t\t<p>Attirer la chance<\/p><h4><em>Saisir ce qui vous r\u00e9ussit par l&rsquo;astrologie<\/em><\/h4>\t\t\t\t\t\t<\/div>\n\t\t\t\t<\/div>\n\t\t\t\t\t<\/div>\n\t\t\t\t<\/div>\n\t\t<div class=\"elementor-element elementor-element-9e1c3f7 e-flex e-con-boxed e-con e-parent\" data-id=\"9e1c3f7\" data-element_type=\"container\">\n\t\t\t\t\t<div class=\"e-con-inner\">\n\t\t\t\t<div class=\"elementor-element elementor-element-da04f39 elementor-widget elementor-widget-text-editor\" data-id=\"da04f39\" data-element_type=\"widget\" data-widget_type=\"text-editor.default\">\n\t\t\t\t<div class=\"elementor-widget-container\">\n\t\t\t\t\t\t\t<p>Je vous propose ce moment de compr\u00e9hension de ce qui vous r\u00e9ussit pour attirer la chance par les bons choix et les comportements ad\u00e9quats, sous la forme d\u2019un entretien en appel visio d&rsquo;1 heure autour de la Carte du Ciel Astrologique de votre Part de Fortune.<\/p><p><em>C&rsquo;est un cadeau parfait \u00e0 faire ou \u00e0 se faire, qui ne n\u00e9cessite pas de connaissances particuli\u00e8res pr\u00e9alables (Tarif : 60\u20ac)<br \/><\/em><\/p><h3>Pr\u00e9paration de ce moment<\/h3><p>Vous recherchez les heures de naissance pr\u00e9cises des int\u00e9ress\u00e9s (acte de naissance obtenu gratuitement en moins d\u2019une semaine par simple demande sur le site www.service-public.fr) et me les communiquez. Je vais pouvoir retrouver la position exacte des astres au moment pr\u00e9cis de votre venue au monde et je vais pouvoir calculer cette synth\u00e8se de la position du soleil, de la lune et de l&rsquo;ascendant qu&rsquo;est votre Part de Fortune.\u00a0 Je vous l\u2019envoie alors par mail.\u00a0 Pour r\u00e9servez votre moment, vous m\u2019adressez par virement ou ch\u00e8que la participation financi\u00e8re de 69\u20ac et nous prenons rendez-vous (je r\u00e9serve de nombreux cr\u00e9neaux en semaine et week-end pour trouver facilement une date).<\/p><h3>Le moment de plong\u00e9e dans les arcanes de votre chance<\/h3><p>Nous nous retrouvons par appel Skype, WhattsApp, FaceTime, Signal, Telegram ou Instagram, vous avez de votre c\u00f4t\u00e9 imprim\u00e9 votre carte ou l\u2019avez sur un \u00e9cran. Si vous ne connaissez pas l\u2019astrologie, elle vous semble myst\u00e9rieuse ! Pas de soucis nous allons la comprendre ensemble et vous pourrez poser toutes vos questions. Ce sera un moment partag\u00e9 plein de sens o\u00f9 vous d\u00e9couvrirez le langage symbolique des plan\u00e8tes et \u00e9toiles qui nous entourent<\/p><p>J\u2019enregistre cette heure et vous enverrai, apr\u00e8s ce moment, le fichier sonore mp3 : vous pouvez ainsi participer pleinement sans la pr\u00e9occupation de tout noter. Vous pourrez aussi revivre ce moment quand vous le voudrez (la compression puissante permet d&rsquo;avoir avec soi cet enregistrement sonore facilement).<\/p>\t\t\t\t\t\t<\/div>\n\t\t\t\t<\/div>\n\t\t\t\t\t<\/div>\n\t\t\t\t<\/div>\n\t\t<div class=\"elementor-element elementor-element-3737e72 e-flex e-con-boxed e-con e-parent\" data-id=\"3737e72\" data-element_type=\"container\">\n\t\t\t\t\t<div class=\"e-con-inner\">\n\t\t\t\t<div class=\"elementor-element elementor-element-9083889 elementor-cta--skin-cover elementor-animated-content elementor-bg-transform elementor-bg-transform-zoom-in elementor-widget elementor-widget-call-to-action\" data-id=\"9083889\" data-element_type=\"widget\" data-widget_type=\"call-to-action.default\">\n\t\t\t\t<div class=\"elementor-widget-container\">\n\t\t\t<link rel=\"stylesheet\" href=\"https:\/\/enfamataya.org\/wp-content\/plugins\/elementor-pro\/assets\/css\/widget-call-to-action.min.css?ver=1724070816\">\t\t<div class=\"elementor-cta\">\n\t\t\t\t\t<div class=\"elementor-cta__bg-wrapper\">\n\t\t\t\t<div class=\"elementor-cta__bg elementor-bg\" style=\"background-image: url(https:\/\/enfamataya.org\/wp-content\/uploads\/astres-et-sens.jpg);\" role=\"img\" aria-label=\"astres-et-sens\"><\/div>\n\t\t\t\t<div class=\"elementor-cta__bg-overlay\"><\/div>\n\t\t\t<\/div>\n\t\t\t\t\t\t\t<div class=\"elementor-cta__content\">\n\t\t\t\t\n\t\t\t\t\t\t\t\t\t<h2 class=\"elementor-cta__title elementor-cta__content-item elementor-content-item elementor-animated-item--grow\">\n\t\t\t\t\t\tdes questions, des id\u00e9es ?\t\t\t\t\t<\/h2>\n\t\t\t\t\n\t\t\t\t\n\t\t\t\t\t\t\t\t\t<div class=\"elementor-cta__button-wrapper elementor-cta__content-item elementor-content-item elementor-animated-item--grow\">\n\t\t\t\t\t<a class=\"elementor-cta__button elementor-button elementor-size-\" href=\"mailto:astres-et-sens@enfamataya.org?subject=%5Bdepuis%20le%20site%20enfamataya%5D%20Ca%20m%20interesse%20:%20attirer%20la%20chance\">\n\t\t\t\t\t\tparlons-en\t\t\t\t\t<\/a>\n\t\t\t\t\t<\/div>\n\t\t\t\t\t\t\t<\/div>\n\t\t\t\t\t\t<\/div>\n\t\t\t\t<\/div>\n\t\t\t\t<\/div>\n\t\t\t\t\t<\/div>\n\t\t\t\t<\/div>\n\t\t\t\t<\/div>\n\t\t","protected":false},"excerpt":{"rendered":"<p>Attirer la chance Saisir ce qui vous r\u00e9ussit par l&rsquo;astrologie Je vous propose ce moment de compr\u00e9hension de ce qui vous r\u00e9ussit pour attirer la chance par les bons choix et les comportements ad\u00e9quats, sous la forme d\u2019un entretien en appel visio d&rsquo;1 heure autour de la Carte du Ciel Astrologique de votre Part de [&hellip;]<\/p>\n","protected":false},"author":2,"featured_media":0,"parent":23,"menu_order":0,"comment_status":"closed","ping_status":"closed","template":"","meta":{"footnotes":""},"class_list":["post-7139","page","type-page","status-publish","hentry"],"yoast_head":"<!-- This site is optimized with the Yoast SEO plugin v26.6 - https:\/\/yoast.com\/wordpress\/plugins\/seo\/ -->\n<title>Attirer la Chance - Enfamataya : Arts corporels, symboliques et \u00e9nerg\u00e9tiques<\/title>\n<meta name=\"robots\" content=\"index, follow, max-snippet:-1, max-image-preview:large, max-video-preview:-1\" \/>\n<link rel=\"canonical\" href=\"https:\/\/enfamataya.org\/index.php\/astres-sens\/attirer-la-chance\/\" \/>\n<meta property=\"og:locale\" content=\"fr_FR\" \/>\n<meta property=\"og:type\" content=\"article\" \/>\n<meta property=\"og:title\" content=\"Attirer la Chance - Enfamataya : Arts corporels, symboliques et \u00e9nerg\u00e9tiques\" \/>\n<meta property=\"og:description\" content=\"Attirer la chance Saisir ce qui vous r\u00e9ussit par l&rsquo;astrologie Je vous propose ce moment de compr\u00e9hension de ce qui vous r\u00e9ussit pour attirer la chance par les bons choix et les comportements ad\u00e9quats, sous la forme d\u2019un entretien en appel visio d&rsquo;1 heure autour de la Carte du Ciel Astrologique de votre Part de [&hellip;]\" \/>\n<meta property=\"og:url\" content=\"https:\/\/enfamataya.org\/index.php\/astres-sens\/attirer-la-chance\/\" \/>\n<meta property=\"og:site_name\" content=\"Enfamataya : Arts corporels, symboliques et \u00e9nerg\u00e9tiques\" \/>\n<meta property=\"article:publisher\" content=\"https:\/\/facebook.com\/Enfamataya-249667421858356\" \/>\n<meta property=\"article:modified_time\" content=\"2025-11-13T14:27:52+00:00\" \/>\n<meta name=\"twitter:card\" content=\"summary_large_image\" \/>\n<meta name=\"twitter:label1\" content=\"Dur\u00e9e de lecture estim\u00e9e\" \/>\n\t<meta name=\"twitter:data1\" content=\"2 minutes\" \/>\n<script type=\"application\/ld+json\" class=\"yoast-schema-graph\">{\"@context\":\"https:\/\/schema.org\",\"@graph\":[{\"@type\":\"WebPage\",\"@id\":\"https:\/\/enfamataya.org\/index.php\/astres-sens\/attirer-la-chance\/\",\"url\":\"https:\/\/enfamataya.org\/index.php\/astres-sens\/attirer-la-chance\/\",\"name\":\"Attirer la Chance - Enfamataya : Arts corporels, symboliques et \u00e9nerg\u00e9tiques\",\"isPartOf\":{\"@id\":\"https:\/\/enfamataya.org\/#website\"},\"datePublished\":\"2025-01-20T12:14:22+00:00\",\"dateModified\":\"2025-11-13T14:27:52+00:00\",\"breadcrumb\":{\"@id\":\"https:\/\/enfamataya.org\/index.php\/astres-sens\/attirer-la-chance\/#breadcrumb\"},\"inLanguage\":\"fr-FR\",\"potentialAction\":[{\"@type\":\"ReadAction\",\"target\":[\"https:\/\/enfamataya.org\/index.php\/astres-sens\/attirer-la-chance\/\"]}]},{\"@type\":\"BreadcrumbList\",\"@id\":\"https:\/\/enfamataya.org\/index.php\/astres-sens\/attirer-la-chance\/#breadcrumb\",\"itemListElement\":[{\"@type\":\"ListItem\",\"position\":1,\"name\":\"Accueil\",\"item\":\"https:\/\/enfamataya.org\/\"},{\"@type\":\"ListItem\",\"position\":2,\"name\":\"Astres &#038; sens\",\"item\":\"https:\/\/enfamataya.org\/index.php\/astres-sens\/\"},{\"@type\":\"ListItem\",\"position\":3,\"name\":\"Attirer la Chance\"}]},{\"@type\":\"WebSite\",\"@id\":\"https:\/\/enfamataya.org\/#website\",\"url\":\"https:\/\/enfamataya.org\/\",\"name\":\"Enfamataya : Arts corporels, symboliques et \u00e9nerg\u00e9tiques\",\"description\":\"Des formations, de l&#039;accompagnement, des astres et du sens\",\"publisher\":{\"@id\":\"https:\/\/enfamataya.org\/#organization\"},\"potentialAction\":[{\"@type\":\"SearchAction\",\"target\":{\"@type\":\"EntryPoint\",\"urlTemplate\":\"https:\/\/enfamataya.org\/?s={search_term_string}\"},\"query-input\":{\"@type\":\"PropertyValueSpecification\",\"valueRequired\":true,\"valueName\":\"search_term_string\"}}],\"inLanguage\":\"fr-FR\"},{\"@type\":\"Organization\",\"@id\":\"https:\/\/enfamataya.org\/#organization\",\"name\":\"Enfamataya\",\"url\":\"https:\/\/enfamataya.org\/\",\"logo\":{\"@type\":\"ImageObject\",\"inLanguage\":\"fr-FR\",\"@id\":\"https:\/\/enfamataya.org\/#\/schema\/logo\/image\/\",\"url\":\"https:\/\/enfamataya.org\/wp-content\/uploads\/2023\/07\/Logo-TYPOGRAPHIQUE-enfamataya.png\",\"contentUrl\":\"https:\/\/enfamataya.org\/wp-content\/uploads\/2023\/07\/Logo-TYPOGRAPHIQUE-enfamataya.png\",\"width\":1596,\"height\":272,\"caption\":\"Enfamataya\"},\"image\":{\"@id\":\"https:\/\/enfamataya.org\/#\/schema\/logo\/image\/\"},\"sameAs\":[\"https:\/\/facebook.com\/Enfamataya-249667421858356\",\"https:\/\/www.instagram.com\/enfamataya_insta\/\",\"https:\/\/www.youtube.com\/@enfamataya\",\"https:\/\/www.tiktok.com\/@enfamataya\"]}]}<\/script>\n<!-- \/ Yoast SEO plugin. -->","yoast_head_json":{"title":"Attirer la Chance - Enfamataya : Arts corporels, symboliques et \u00e9nerg\u00e9tiques","robots":{"index":"index","follow":"follow","max-snippet":"max-snippet:-1","max-image-preview":"max-image-preview:large","max-video-preview":"max-video-preview:-1"},"canonical":"https:\/\/enfamataya.org\/index.php\/astres-sens\/attirer-la-chance\/","og_locale":"fr_FR","og_type":"article","og_title":"Attirer la Chance - Enfamataya : Arts corporels, symboliques et \u00e9nerg\u00e9tiques","og_description":"Attirer la chance Saisir ce qui vous r\u00e9ussit par l&rsquo;astrologie Je vous propose ce moment de compr\u00e9hension de ce qui vous r\u00e9ussit pour attirer la chance par les bons choix et les comportements ad\u00e9quats, sous la forme d\u2019un entretien en appel visio d&rsquo;1 heure autour de la Carte du Ciel Astrologique de votre Part de [&hellip;]","og_url":"https:\/\/enfamataya.org\/index.php\/astres-sens\/attirer-la-chance\/","og_site_name":"Enfamataya : Arts corporels, symboliques et \u00e9nerg\u00e9tiques","article_publisher":"https:\/\/facebook.com\/Enfamataya-249667421858356","article_modified_time":"2025-11-13T14:27:52+00:00","twitter_card":"summary_large_image","twitter_misc":{"Dur\u00e9e de lecture estim\u00e9e":"2 minutes"},"schema":{"@context":"https:\/\/schema.org","@graph":[{"@type":"WebPage","@id":"https:\/\/enfamataya.org\/index.php\/astres-sens\/attirer-la-chance\/","url":"https:\/\/enfamataya.org\/index.php\/astres-sens\/attirer-la-chance\/","name":"Attirer la Chance - Enfamataya : Arts corporels, symboliques et \u00e9nerg\u00e9tiques","isPartOf":{"@id":"https:\/\/enfamataya.org\/#website"},"datePublished":"2025-01-20T12:14:22+00:00","dateModified":"2025-11-13T14:27:52+00:00","breadcrumb":{"@id":"https:\/\/enfamataya.org\/index.php\/astres-sens\/attirer-la-chance\/#breadcrumb"},"inLanguage":"fr-FR","potentialAction":[{"@type":"ReadAction","target":["https:\/\/enfamataya.org\/index.php\/astres-sens\/attirer-la-chance\/"]}]},{"@type":"BreadcrumbList","@id":"https:\/\/enfamataya.org\/index.php\/astres-sens\/attirer-la-chance\/#breadcrumb","itemListElement":[{"@type":"ListItem","position":1,"name":"Accueil","item":"https:\/\/enfamataya.org\/"},{"@type":"ListItem","position":2,"name":"Astres &#038; sens","item":"https:\/\/enfamataya.org\/index.php\/astres-sens\/"},{"@type":"ListItem","position":3,"name":"Attirer la Chance"}]},{"@type":"WebSite","@id":"https:\/\/enfamataya.org\/#website","url":"https:\/\/enfamataya.org\/","name":"Enfamataya : Arts corporels, symboliques et \u00e9nerg\u00e9tiques","description":"Des formations, de l&#039;accompagnement, des astres et du sens","publisher":{"@id":"https:\/\/enfamataya.org\/#organization"},"potentialAction":[{"@type":"SearchAction","target":{"@type":"EntryPoint","urlTemplate":"https:\/\/enfamataya.org\/?s={search_term_string}"},"query-input":{"@type":"PropertyValueSpecification","valueRequired":true,"valueName":"search_term_string"}}],"inLanguage":"fr-FR"},{"@type":"Organization","@id":"https:\/\/enfamataya.org\/#organization","name":"Enfamataya","url":"https:\/\/enfamataya.org\/","logo":{"@type":"ImageObject","inLanguage":"fr-FR","@id":"https:\/\/enfamataya.org\/#\/schema\/logo\/image\/","url":"https:\/\/enfamataya.org\/wp-content\/uploads\/2023\/07\/Logo-TYPOGRAPHIQUE-enfamataya.png","contentUrl":"https:\/\/enfamataya.org\/wp-content\/uploads\/2023\/07\/Logo-TYPOGRAPHIQUE-enfamataya.png","width":1596,"height":272,"caption":"Enfamataya"},"image":{"@id":"https:\/\/enfamataya.org\/#\/schema\/logo\/image\/"},"sameAs":["https:\/\/facebook.com\/Enfamataya-249667421858356","https:\/\/www.instagram.com\/enfamataya_insta\/","https:\/\/www.youtube.com\/@enfamataya","https:\/\/www.tiktok.com\/@enfamataya"]}]}},"_links":{"self":[{"href":"https:\/\/enfamataya.org\/index.php\/wp-json\/wp\/v2\/pages\/7139","targetHints":{"allow":["GET"]}}],"collection":[{"href":"https:\/\/enfamataya.org\/index.php\/wp-json\/wp\/v2\/pages"}],"about":[{"href":"https:\/\/enfamataya.org\/index.php\/wp-json\/wp\/v2\/types\/page"}],"author":[{"embeddable":true,"href":"https:\/\/enfamataya.org\/index.php\/wp-json\/wp\/v2\/users\/2"}],"replies":[{"embeddable":true,"href":"https:\/\/enfamataya.org\/index.php\/wp-json\/wp\/v2\/comments?post=7139"}],"version-history":[{"count":32,"href":"https:\/\/enfamataya.org\/index.php\/wp-json\/wp\/v2\/pages\/7139\/revisions"}],"predecessor-version":[{"id":7746,"href":"https:\/\/enfamataya.org\/index.php\/wp-json\/wp\/v2\/pages\/7139\/revisions\/7746"}],"up":[{"embeddable":true,"href":"https:\/\/enfamataya.org\/index.php\/wp-json\/wp\/v2\/pages\/23"}],"wp:attachment":[{"href":"https:\/\/enfamataya.org\/index.php\/wp-json\/wp\/v2\/media?parent=7139"}],"curies":[{"name":"wp","href":"https:\/\/api.w.org\/{rel}","templated":true}]}}