{"id":7508,"date":"2025-03-19T15:36:46","date_gmt":"2025-03-19T14:36:46","guid":{"rendered":"https:\/\/enfamataya.org\/?page_id=7508"},"modified":"2025-11-13T15:28:21","modified_gmt":"2025-11-13T14:28:21","slug":"comprendre-ma-saison","status":"publish","type":"page","link":"https:\/\/enfamataya.org\/index.php\/astres-sens\/comprendre-ma-saison\/","title":{"rendered":"Comprendre ma Saison"},"content":{"rendered":"\t\t<div data-elementor-type=\"wp-page\" data-elementor-id=\"7508\" class=\"elementor elementor-7508\" data-elementor-post-type=\"page\">\n\t\t\t\t<div class=\"elementor-element elementor-element-d96eb96 e-flex e-con-boxed e-con e-parent\" data-id=\"d96eb96\" data-element_type=\"container\">\n\t\t\t\t\t<div class=\"e-con-inner\">\n\t\t\t\t<div class=\"elementor-element elementor-element-913ef7b elementor-widget elementor-widget-spacer\" data-id=\"913ef7b\" data-element_type=\"widget\" data-widget_type=\"spacer.default\">\n\t\t\t\t<div class=\"elementor-widget-container\">\n\t\t\t<style>\/*! elementor - v3.23.0 - 05-08-2024 *\/\n.elementor-column .elementor-spacer-inner{height:var(--spacer-size)}.e-con{--container-widget-width:100%}.e-con-inner>.elementor-widget-spacer,.e-con>.elementor-widget-spacer{width:var(--container-widget-width,var(--spacer-size));--align-self:var(--container-widget-align-self,initial);--flex-shrink:0}.e-con-inner>.elementor-widget-spacer>.elementor-widget-container,.e-con>.elementor-widget-spacer>.elementor-widget-container{height:100%;width:100%}.e-con-inner>.elementor-widget-spacer>.elementor-widget-container>.elementor-spacer,.e-con>.elementor-widget-spacer>.elementor-widget-container>.elementor-spacer{height:100%}.e-con-inner>.elementor-widget-spacer>.elementor-widget-container>.elementor-spacer>.elementor-spacer-inner,.e-con>.elementor-widget-spacer>.elementor-widget-container>.elementor-spacer>.elementor-spacer-inner{height:var(--container-widget-height,var(--spacer-size))}.e-con-inner>.elementor-widget-spacer.elementor-widget-empty,.e-con>.elementor-widget-spacer.elementor-widget-empty{position:relative;min-height:22px;min-width:22px}.e-con-inner>.elementor-widget-spacer.elementor-widget-empty .elementor-widget-empty-icon,.e-con>.elementor-widget-spacer.elementor-widget-empty .elementor-widget-empty-icon{position:absolute;top:0;bottom:0;left:0;right:0;margin:auto;padding:0;width:22px;height:22px}<\/style>\t\t<div class=\"elementor-spacer\">\n\t\t\t<div class=\"elementor-spacer-inner\"><\/div>\n\t\t<\/div>\n\t\t\t\t<\/div>\n\t\t\t\t<\/div>\n\t\t\t\t\t<\/div>\n\t\t\t\t<\/div>\n\t\t<div class=\"elementor-element elementor-element-9c573f4 e-flex e-con-boxed e-con e-parent\" data-id=\"9c573f4\" data-element_type=\"container\">\n\t\t\t\t\t<div class=\"e-con-inner\">\n\t\t\t\t<div class=\"elementor-element elementor-element-0df074f elementor-widget elementor-widget-image\" data-id=\"0df074f\" data-element_type=\"widget\" data-widget_type=\"image.default\">\n\t\t\t\t<div class=\"elementor-widget-container\">\n\t\t\t<style>\/*! elementor - v3.23.0 - 05-08-2024 *\/\n.elementor-widget-image{text-align:center}.elementor-widget-image a{display:inline-block}.elementor-widget-image a img[src$=\".svg\"]{width:48px}.elementor-widget-image img{vertical-align:middle;display:inline-block}<\/style>\t\t\t\t\t\t\t\t\t\t<img fetchpriority=\"high\" decoding=\"async\" width=\"450\" height=\"450\" src=\"https:\/\/enfamataya.org\/wp-content\/uploads\/Vignette-saison-450px.jpg\" class=\"attachment-large size-large wp-image-7617\" alt=\"\" srcset=\"https:\/\/enfamataya.org\/wp-content\/uploads\/Vignette-saison-450px.jpg 450w, https:\/\/enfamataya.org\/wp-content\/uploads\/Vignette-saison-450px-300x300.jpg 300w, https:\/\/enfamataya.org\/wp-content\/uploads\/Vignette-saison-450px-150x150.jpg 150w\" sizes=\"(max-width: 450px) 100vw, 450px\" \/>\t\t\t\t\t\t\t\t\t\t\t\t\t<\/div>\n\t\t\t\t<\/div>\n\t\t\t\t<div class=\"elementor-element elementor-element-6021681 elementor-widget elementor-widget-text-editor\" data-id=\"6021681\" data-element_type=\"widget\" data-widget_type=\"text-editor.default\">\n\t\t\t\t<div class=\"elementor-widget-container\">\n\t\t\t<style>\/*! elementor - v3.23.0 - 05-08-2024 *\/\n.elementor-widget-text-editor.elementor-drop-cap-view-stacked .elementor-drop-cap{background-color:#69727d;color:#fff}.elementor-widget-text-editor.elementor-drop-cap-view-framed .elementor-drop-cap{color:#69727d;border:3px solid;background-color:transparent}.elementor-widget-text-editor:not(.elementor-drop-cap-view-default) .elementor-drop-cap{margin-top:8px}.elementor-widget-text-editor:not(.elementor-drop-cap-view-default) .elementor-drop-cap-letter{width:1em;height:1em}.elementor-widget-text-editor .elementor-drop-cap{float:left;text-align:center;line-height:1;font-size:50px}.elementor-widget-text-editor .elementor-drop-cap-letter{display:inline-block}<\/style>\t\t\t\t<p>Comprendre ma saison<\/p><h4><em>S&rsquo;harmoniser \u00e0 l&rsquo;entr\u00e9e d&rsquo;une nouvelle saison avec l&rsquo;astrologie<\/em><\/h4>\t\t\t\t\t\t<\/div>\n\t\t\t\t<\/div>\n\t\t\t\t\t<\/div>\n\t\t\t\t<\/div>\n\t\t<div class=\"elementor-element elementor-element-d0b8f8c e-flex e-con-boxed e-con e-parent\" data-id=\"d0b8f8c\" data-element_type=\"container\">\n\t\t\t\t\t<div class=\"e-con-inner\">\n\t\t\t\t<div class=\"elementor-element elementor-element-05e737a elementor-widget elementor-widget-text-editor\" data-id=\"05e737a\" data-element_type=\"widget\" data-widget_type=\"text-editor.default\">\n\t\t\t\t<div class=\"elementor-widget-container\">\n\t\t\t\t\t\t\t<p>Une saison est traditionnellement un moment fort de vie sur la Terre, de plus en plus de personnes renouent avec ce symbolisme et ce<strong> rythme naturel<\/strong> pour plus de Sens et de bien-\u00eatre.<\/p><p>Quand se profile un <strong>\u00e9quinoxe<\/strong> ou un <strong>solstice<\/strong> (autour du 21 mars, 21 juin, 21 septembre et 21 d\u00e9cembre de chaque ann\u00e9e) je vous propose ce moment de compr\u00e9hension sous la forme d\u2019un entretien en appel visio d&rsquo;1 heure autour de la Carte du Ciel Astrologique de cette nouvelle saison. (Tarif : 60\u20ac)<\/p><h3>Pr\u00e9paration de ce moment<\/h3><p>Je vous envoie par mail le Ciel de Naissance de cette nouvelle saison.\u00a0 Pour r\u00e9servez votre moment, vous m\u2019adressez par virement ou ch\u00e8que la participation financi\u00e8re de 69\u20ac et nous prenons rendez-vous (je r\u00e9serve de nombreux cr\u00e9neaux en semaine et week-end pour trouver facilement une date).<\/p><h3>Le moment de rencontre avec cette nouvelle saison<\/h3><p>Nous nous retrouvons par appel Skype, WhattsApp, FaceTime, Signal, Telegram ou Instagram, vous avez de votre c\u00f4t\u00e9 imprim\u00e9 votre carte ou l\u2019avez sur un \u00e9cran.<\/p><p>Nous d\u00e9cryptons alors ce que cette saison a \u00e0 vous apporter par rapport \u00e0 votre moment de vie et d\u00e9couvrons toutes les clefs n\u00e9cessaires pour un <strong>changement de saison r\u00e9ussi<\/strong> !<\/p><p>J\u2019enregistre cette heure et vous enverrai, apr\u00e8s ce moment, le fichier sonore mp3 : vous pouvez ainsi participer pleinement sans la pr\u00e9occupation de tout noter. Vous pourrez aussi revivre ce moment quand vous le voudrez (la compression puissante permet d&rsquo;avoir avec soi cet enregistrement sonore facilement).<\/p>\t\t\t\t\t\t<\/div>\n\t\t\t\t<\/div>\n\t\t\t\t\t<\/div>\n\t\t\t\t<\/div>\n\t\t<div class=\"elementor-element elementor-element-0b2a114 e-flex e-con-boxed e-con e-parent\" data-id=\"0b2a114\" data-element_type=\"container\">\n\t\t\t\t\t<div class=\"e-con-inner\">\n\t\t\t\t<div class=\"elementor-element elementor-element-20e93a0 elementor-cta--skin-cover elementor-animated-content elementor-bg-transform elementor-bg-transform-zoom-in elementor-widget elementor-widget-call-to-action\" data-id=\"20e93a0\" data-element_type=\"widget\" data-widget_type=\"call-to-action.default\">\n\t\t\t\t<div class=\"elementor-widget-container\">\n\t\t\t<link rel=\"stylesheet\" href=\"https:\/\/enfamataya.org\/wp-content\/plugins\/elementor-pro\/assets\/css\/widget-call-to-action.min.css?ver=1724070816\">\t\t<div class=\"elementor-cta\">\n\t\t\t\t\t<div class=\"elementor-cta__bg-wrapper\">\n\t\t\t\t<div class=\"elementor-cta__bg elementor-bg\" style=\"background-image: url(https:\/\/enfamataya.org\/wp-content\/uploads\/astres-et-sens.jpg);\" role=\"img\" aria-label=\"astres-et-sens\"><\/div>\n\t\t\t\t<div class=\"elementor-cta__bg-overlay\"><\/div>\n\t\t\t<\/div>\n\t\t\t\t\t\t\t<div class=\"elementor-cta__content\">\n\t\t\t\t\n\t\t\t\t\t\t\t\t\t<h2 class=\"elementor-cta__title elementor-cta__content-item elementor-content-item elementor-animated-item--grow\">\n\t\t\t\t\t\tdes questions, des id\u00e9es ?\t\t\t\t\t<\/h2>\n\t\t\t\t\n\t\t\t\t\n\t\t\t\t\t\t\t\t\t<div class=\"elementor-cta__button-wrapper elementor-cta__content-item elementor-content-item elementor-animated-item--grow\">\n\t\t\t\t\t<a class=\"elementor-cta__button elementor-button elementor-size-\" href=\"mailto:astres-et-sens@enfamataya.org?subject=%5Bdepuis%20le%20site%20enfamataya%5D%20Ca%20m%20interesse%20:%20Comprendre%20ma%20saison\">\n\t\t\t\t\t\tparlons-en\t\t\t\t\t<\/a>\n\t\t\t\t\t<\/div>\n\t\t\t\t\t\t\t<\/div>\n\t\t\t\t\t\t<\/div>\n\t\t\t\t<\/div>\n\t\t\t\t<\/div>\n\t\t\t\t\t<\/div>\n\t\t\t\t<\/div>\n\t\t\t\t<\/div>\n\t\t","protected":false},"excerpt":{"rendered":"<p>Comprendre ma saison S&rsquo;harmoniser \u00e0 l&rsquo;entr\u00e9e d&rsquo;une nouvelle saison avec l&rsquo;astrologie Une saison est traditionnellement un moment fort de vie sur la Terre, de plus en plus de personnes renouent avec ce symbolisme et ce rythme naturel pour plus de Sens et de bien-\u00eatre. Quand se profile un \u00e9quinoxe ou un solstice (autour du 21 [&hellip;]<\/p>\n","protected":false},"author":2,"featured_media":7617,"parent":23,"menu_order":0,"comment_status":"closed","ping_status":"closed","template":"","meta":{"footnotes":""},"class_list":["post-7508","page","type-page","status-publish","has-post-thumbnail","hentry"],"yoast_head":"<!-- This site is optimized with the Yoast SEO plugin v26.6 - https:\/\/yoast.com\/wordpress\/plugins\/seo\/ -->\n<title>Comprendre ma Saison - Enfamataya : Arts corporels, symboliques et \u00e9nerg\u00e9tiques<\/title>\n<meta name=\"robots\" content=\"index, follow, max-snippet:-1, max-image-preview:large, max-video-preview:-1\" \/>\n<link rel=\"canonical\" href=\"https:\/\/enfamataya.org\/index.php\/astres-sens\/comprendre-ma-saison\/\" \/>\n<meta property=\"og:locale\" content=\"fr_FR\" \/>\n<meta property=\"og:type\" content=\"article\" \/>\n<meta property=\"og:title\" content=\"Comprendre ma Saison - Enfamataya : Arts corporels, symboliques et \u00e9nerg\u00e9tiques\" \/>\n<meta property=\"og:description\" content=\"Comprendre ma saison S&rsquo;harmoniser \u00e0 l&rsquo;entr\u00e9e d&rsquo;une nouvelle saison avec l&rsquo;astrologie Une saison est traditionnellement un moment fort de vie sur la Terre, de plus en plus de personnes renouent avec ce symbolisme et ce rythme naturel pour plus de Sens et de bien-\u00eatre. Quand se profile un \u00e9quinoxe ou un solstice (autour du 21 [&hellip;]\" \/>\n<meta property=\"og:url\" content=\"https:\/\/enfamataya.org\/index.php\/astres-sens\/comprendre-ma-saison\/\" \/>\n<meta property=\"og:site_name\" content=\"Enfamataya : Arts corporels, symboliques et \u00e9nerg\u00e9tiques\" \/>\n<meta property=\"article:publisher\" content=\"https:\/\/facebook.com\/Enfamataya-249667421858356\" \/>\n<meta property=\"article:modified_time\" content=\"2025-11-13T14:28:21+00:00\" \/>\n<meta property=\"og:image\" content=\"https:\/\/enfamataya.org\/wp-content\/uploads\/Vignette-saison-450px.jpg\" \/>\n\t<meta property=\"og:image:width\" content=\"450\" \/>\n\t<meta property=\"og:image:height\" content=\"450\" \/>\n\t<meta property=\"og:image:type\" content=\"image\/jpeg\" \/>\n<meta name=\"twitter:card\" content=\"summary_large_image\" \/>\n<meta name=\"twitter:label1\" content=\"Dur\u00e9e de lecture estim\u00e9e\" \/>\n\t<meta name=\"twitter:data1\" content=\"2 minutes\" \/>\n<script type=\"application\/ld+json\" class=\"yoast-schema-graph\">{\"@context\":\"https:\/\/schema.org\",\"@graph\":[{\"@type\":\"WebPage\",\"@id\":\"https:\/\/enfamataya.org\/index.php\/astres-sens\/comprendre-ma-saison\/\",\"url\":\"https:\/\/enfamataya.org\/index.php\/astres-sens\/comprendre-ma-saison\/\",\"name\":\"Comprendre ma Saison - Enfamataya : Arts corporels, symboliques et \u00e9nerg\u00e9tiques\",\"isPartOf\":{\"@id\":\"https:\/\/enfamataya.org\/#website\"},\"primaryImageOfPage\":{\"@id\":\"https:\/\/enfamataya.org\/index.php\/astres-sens\/comprendre-ma-saison\/#primaryimage\"},\"image\":{\"@id\":\"https:\/\/enfamataya.org\/index.php\/astres-sens\/comprendre-ma-saison\/#primaryimage\"},\"thumbnailUrl\":\"https:\/\/enfamataya.org\/wp-content\/uploads\/Vignette-saison-450px.jpg\",\"datePublished\":\"2025-03-19T14:36:46+00:00\",\"dateModified\":\"2025-11-13T14:28:21+00:00\",\"breadcrumb\":{\"@id\":\"https:\/\/enfamataya.org\/index.php\/astres-sens\/comprendre-ma-saison\/#breadcrumb\"},\"inLanguage\":\"fr-FR\",\"potentialAction\":[{\"@type\":\"ReadAction\",\"target\":[\"https:\/\/enfamataya.org\/index.php\/astres-sens\/comprendre-ma-saison\/\"]}]},{\"@type\":\"ImageObject\",\"inLanguage\":\"fr-FR\",\"@id\":\"https:\/\/enfamataya.org\/index.php\/astres-sens\/comprendre-ma-saison\/#primaryimage\",\"url\":\"https:\/\/enfamataya.org\/wp-content\/uploads\/Vignette-saison-450px.jpg\",\"contentUrl\":\"https:\/\/enfamataya.org\/wp-content\/uploads\/Vignette-saison-450px.jpg\",\"width\":450,\"height\":450},{\"@type\":\"BreadcrumbList\",\"@id\":\"https:\/\/enfamataya.org\/index.php\/astres-sens\/comprendre-ma-saison\/#breadcrumb\",\"itemListElement\":[{\"@type\":\"ListItem\",\"position\":1,\"name\":\"Accueil\",\"item\":\"https:\/\/enfamataya.org\/\"},{\"@type\":\"ListItem\",\"position\":2,\"name\":\"Astres &#038; sens\",\"item\":\"https:\/\/enfamataya.org\/index.php\/astres-sens\/\"},{\"@type\":\"ListItem\",\"position\":3,\"name\":\"Comprendre ma Saison\"}]},{\"@type\":\"WebSite\",\"@id\":\"https:\/\/enfamataya.org\/#website\",\"url\":\"https:\/\/enfamataya.org\/\",\"name\":\"Enfamataya : Arts corporels, symboliques et \u00e9nerg\u00e9tiques\",\"description\":\"Des formations, de l&#039;accompagnement, des astres et du sens\",\"publisher\":{\"@id\":\"https:\/\/enfamataya.org\/#organization\"},\"potentialAction\":[{\"@type\":\"SearchAction\",\"target\":{\"@type\":\"EntryPoint\",\"urlTemplate\":\"https:\/\/enfamataya.org\/?s={search_term_string}\"},\"query-input\":{\"@type\":\"PropertyValueSpecification\",\"valueRequired\":true,\"valueName\":\"search_term_string\"}}],\"inLanguage\":\"fr-FR\"},{\"@type\":\"Organization\",\"@id\":\"https:\/\/enfamataya.org\/#organization\",\"name\":\"Enfamataya\",\"url\":\"https:\/\/enfamataya.org\/\",\"logo\":{\"@type\":\"ImageObject\",\"inLanguage\":\"fr-FR\",\"@id\":\"https:\/\/enfamataya.org\/#\/schema\/logo\/image\/\",\"url\":\"https:\/\/enfamataya.org\/wp-content\/uploads\/2023\/07\/Logo-TYPOGRAPHIQUE-enfamataya.png\",\"contentUrl\":\"https:\/\/enfamataya.org\/wp-content\/uploads\/2023\/07\/Logo-TYPOGRAPHIQUE-enfamataya.png\",\"width\":1596,\"height\":272,\"caption\":\"Enfamataya\"},\"image\":{\"@id\":\"https:\/\/enfamataya.org\/#\/schema\/logo\/image\/\"},\"sameAs\":[\"https:\/\/facebook.com\/Enfamataya-249667421858356\",\"https:\/\/www.instagram.com\/enfamataya_insta\/\",\"https:\/\/www.youtube.com\/@enfamataya\",\"https:\/\/www.tiktok.com\/@enfamataya\"]}]}<\/script>\n<!-- \/ Yoast SEO plugin. -->","yoast_head_json":{"title":"Comprendre ma Saison - Enfamataya : Arts corporels, symboliques et \u00e9nerg\u00e9tiques","robots":{"index":"index","follow":"follow","max-snippet":"max-snippet:-1","max-image-preview":"max-image-preview:large","max-video-preview":"max-video-preview:-1"},"canonical":"https:\/\/enfamataya.org\/index.php\/astres-sens\/comprendre-ma-saison\/","og_locale":"fr_FR","og_type":"article","og_title":"Comprendre ma Saison - Enfamataya : Arts corporels, symboliques et \u00e9nerg\u00e9tiques","og_description":"Comprendre ma saison S&rsquo;harmoniser \u00e0 l&rsquo;entr\u00e9e d&rsquo;une nouvelle saison avec l&rsquo;astrologie Une saison est traditionnellement un moment fort de vie sur la Terre, de plus en plus de personnes renouent avec ce symbolisme et ce rythme naturel pour plus de Sens et de bien-\u00eatre. Quand se profile un \u00e9quinoxe ou un solstice (autour du 21 [&hellip;]","og_url":"https:\/\/enfamataya.org\/index.php\/astres-sens\/comprendre-ma-saison\/","og_site_name":"Enfamataya : Arts corporels, symboliques et \u00e9nerg\u00e9tiques","article_publisher":"https:\/\/facebook.com\/Enfamataya-249667421858356","article_modified_time":"2025-11-13T14:28:21+00:00","og_image":[{"width":450,"height":450,"url":"https:\/\/enfamataya.org\/wp-content\/uploads\/Vignette-saison-450px.jpg","type":"image\/jpeg"}],"twitter_card":"summary_large_image","twitter_misc":{"Dur\u00e9e de lecture estim\u00e9e":"2 minutes"},"schema":{"@context":"https:\/\/schema.org","@graph":[{"@type":"WebPage","@id":"https:\/\/enfamataya.org\/index.php\/astres-sens\/comprendre-ma-saison\/","url":"https:\/\/enfamataya.org\/index.php\/astres-sens\/comprendre-ma-saison\/","name":"Comprendre ma Saison - Enfamataya : Arts corporels, symboliques et \u00e9nerg\u00e9tiques","isPartOf":{"@id":"https:\/\/enfamataya.org\/#website"},"primaryImageOfPage":{"@id":"https:\/\/enfamataya.org\/index.php\/astres-sens\/comprendre-ma-saison\/#primaryimage"},"image":{"@id":"https:\/\/enfamataya.org\/index.php\/astres-sens\/comprendre-ma-saison\/#primaryimage"},"thumbnailUrl":"https:\/\/enfamataya.org\/wp-content\/uploads\/Vignette-saison-450px.jpg","datePublished":"2025-03-19T14:36:46+00:00","dateModified":"2025-11-13T14:28:21+00:00","breadcrumb":{"@id":"https:\/\/enfamataya.org\/index.php\/astres-sens\/comprendre-ma-saison\/#breadcrumb"},"inLanguage":"fr-FR","potentialAction":[{"@type":"ReadAction","target":["https:\/\/enfamataya.org\/index.php\/astres-sens\/comprendre-ma-saison\/"]}]},{"@type":"ImageObject","inLanguage":"fr-FR","@id":"https:\/\/enfamataya.org\/index.php\/astres-sens\/comprendre-ma-saison\/#primaryimage","url":"https:\/\/enfamataya.org\/wp-content\/uploads\/Vignette-saison-450px.jpg","contentUrl":"https:\/\/enfamataya.org\/wp-content\/uploads\/Vignette-saison-450px.jpg","width":450,"height":450},{"@type":"BreadcrumbList","@id":"https:\/\/enfamataya.org\/index.php\/astres-sens\/comprendre-ma-saison\/#breadcrumb","itemListElement":[{"@type":"ListItem","position":1,"name":"Accueil","item":"https:\/\/enfamataya.org\/"},{"@type":"ListItem","position":2,"name":"Astres &#038; sens","item":"https:\/\/enfamataya.org\/index.php\/astres-sens\/"},{"@type":"ListItem","position":3,"name":"Comprendre ma Saison"}]},{"@type":"WebSite","@id":"https:\/\/enfamataya.org\/#website","url":"https:\/\/enfamataya.org\/","name":"Enfamataya : Arts corporels, symboliques et \u00e9nerg\u00e9tiques","description":"Des formations, de l&#039;accompagnement, des astres et du sens","publisher":{"@id":"https:\/\/enfamataya.org\/#organization"},"potentialAction":[{"@type":"SearchAction","target":{"@type":"EntryPoint","urlTemplate":"https:\/\/enfamataya.org\/?s={search_term_string}"},"query-input":{"@type":"PropertyValueSpecification","valueRequired":true,"valueName":"search_term_string"}}],"inLanguage":"fr-FR"},{"@type":"Organization","@id":"https:\/\/enfamataya.org\/#organization","name":"Enfamataya","url":"https:\/\/enfamataya.org\/","logo":{"@type":"ImageObject","inLanguage":"fr-FR","@id":"https:\/\/enfamataya.org\/#\/schema\/logo\/image\/","url":"https:\/\/enfamataya.org\/wp-content\/uploads\/2023\/07\/Logo-TYPOGRAPHIQUE-enfamataya.png","contentUrl":"https:\/\/enfamataya.org\/wp-content\/uploads\/2023\/07\/Logo-TYPOGRAPHIQUE-enfamataya.png","width":1596,"height":272,"caption":"Enfamataya"},"image":{"@id":"https:\/\/enfamataya.org\/#\/schema\/logo\/image\/"},"sameAs":["https:\/\/facebook.com\/Enfamataya-249667421858356","https:\/\/www.instagram.com\/enfamataya_insta\/","https:\/\/www.youtube.com\/@enfamataya","https:\/\/www.tiktok.com\/@enfamataya"]}]}},"_links":{"self":[{"href":"https:\/\/enfamataya.org\/index.php\/wp-json\/wp\/v2\/pages\/7508","targetHints":{"allow":["GET"]}}],"collection":[{"href":"https:\/\/enfamataya.org\/index.php\/wp-json\/wp\/v2\/pages"}],"about":[{"href":"https:\/\/enfamataya.org\/index.php\/wp-json\/wp\/v2\/types\/page"}],"author":[{"embeddable":true,"href":"https:\/\/enfamataya.org\/index.php\/wp-json\/wp\/v2\/users\/2"}],"replies":[{"embeddable":true,"href":"https:\/\/enfamataya.org\/index.php\/wp-json\/wp\/v2\/comments?post=7508"}],"version-history":[{"count":32,"href":"https:\/\/enfamataya.org\/index.php\/wp-json\/wp\/v2\/pages\/7508\/revisions"}],"predecessor-version":[{"id":7749,"href":"https:\/\/enfamataya.org\/index.php\/wp-json\/wp\/v2\/pages\/7508\/revisions\/7749"}],"up":[{"embeddable":true,"href":"https:\/\/enfamataya.org\/index.php\/wp-json\/wp\/v2\/pages\/23"}],"wp:featuredmedia":[{"embeddable":true,"href":"https:\/\/enfamataya.org\/index.php\/wp-json\/wp\/v2\/media\/7617"}],"wp:attachment":[{"href":"https:\/\/enfamataya.org\/index.php\/wp-json\/wp\/v2\/media?parent=7508"}],"curies":[{"name":"wp","href":"https:\/\/api.w.org\/{rel}","templated":true}]}}